{"id":932,"date":"2019-12-09T09:17:14","date_gmt":"2019-12-09T08:17:14","guid":{"rendered":"https:\/\/www.ludiscape.com\/ressources\/?page_id=932"},"modified":"2024-03-15T10:28:27","modified_gmt":"2024-03-15T09:28:27","slug":"inscription-chamilo-lms","status":"publish","type":"page","link":"https:\/\/www.ludiscape.com\/ressources\/guide-chamilo-lms\/inscription-chamilo-lms\/","title":{"rendered":"Inscription Chamilo LMS"},"content":{"rendered":"\t\t<div data-elementor-type=\"wp-page\" data-elementor-id=\"932\" class=\"elementor elementor-932\" data-elementor-post-type=\"page\">\n\t\t\t\t\t\t<section class=\"elementor-section elementor-top-section elementor-element elementor-element-28616112 elementor-section-boxed elementor-section-height-default elementor-section-height-default\" data-id=\"28616112\" data-element_type=\"section\">\n\t\t\t\t\t\t<div class=\"elementor-container elementor-column-gap-default\">\n\t\t\t\t\t<div class=\"elementor-column elementor-col-33 elementor-top-column elementor-element elementor-element-7cceb8f3\" data-id=\"7cceb8f3\" data-element_type=\"column\">\n\t\t\t<div class=\"elementor-widget-wrap elementor-element-populated\">\n\t\t\t\t\t\t<div class=\"elementor-element elementor-element-262016f2 elementor-widget elementor-widget-html\" data-id=\"262016f2\" data-element_type=\"widget\" data-widget_type=\"html.default\">\n\t\t\t\t<div class=\"elementor-widget-container\">\n\t\t\t\t\t<link rel=\"stylesheet\" type=\"text\/css\" href=\"https:\/\/www.ludiscape.com\/neocss\/m.css?v=21032018\" \/>\r\n<header class=\"sidebar-section\">\r\n<div class=\"header-logo\">\r\n\t<a class=\"logo\" href=\"#\">\r\n\t    <img decoding=\"async\" alt=\"\" src=\"https:\/\/www.ludiscape.com\/images\/logo.png\"><\/a>\r\n<\/div>\t\t\t\r\n<a class=\"elemadded responsive-link\" href=\"#\">Menu<\/a>\r\n<div class=\"navbar-vertical\">\r\n\t<ul class=\"main-menu\">\r\n\t\t<li>\r\n\t\t<a href=\"https:\/\/www.ludiscape.com\/index.php\"><i class=\"fa fa-home\"><\/i>Accueil<\/a>\r\n\t\t<\/li>\r\n\t\t<li>\r\n\t\t<li>\r\n\t\t<a href=\"https:\/\/www.ludiscape.com\/galerie.php\"><i class=\"fa fa-briefcase\"><\/i>Galerie<\/a>\r\n\t\t<\/li>\r\n\t\t\r\n\t\t<li>\r\n\t\t<a href=\"https:\/\/www.ludiscape.com\/tarifs.php\"><i class=\"fa fa-shopping-cart\"><\/i>Tarifs<\/a>\r\n\t\t<\/li>\r\n\t\t<li class=\"drop\"><a class=\"active\" href=\"https:\/\/www.ludiscape.com\/ressources\/\">\r\n\t\t    <i class=\"fa fa-download\"><\/i>Ressources<\/a>\r\n\t\t<\/li>\r\n\t\t<li>\r\n\t\t<a href=\"https:\/\/www.ludiscape.com\/contact.php\"><i class=\"fa fa-envelope\"><\/i>Contact<\/a>\r\n\t\t<\/li>\r\n\t\t\r\n\t<\/ul>\r\n<\/div>\t\t\t\t\r\n<\/header>\r\n\r\n<style>\r\n    .page-header{\r\n        text-align:center;\r\n        height: 0px;\r\n        border-bottom: none;\r\n        padding:0px;\r\n        margin:0px;\r\n    }\r\n    .page-header h1{\r\n        text-align:center;\r\n        font-size: 1px;\r\n        color:transparent;\r\n    }\r\n    .site-header{\r\n        display:none;\r\n    }\r\n<\/style>\r\n\r\n\t\t\t\t<\/div>\n\t\t\t\t<\/div>\n\t\t\t\t<div class=\"elementor-element elementor-element-9e09190 elementor-widget elementor-widget-global elementor-global-531 elementor-widget-toggle\" data-id=\"9e09190\" data-element_type=\"widget\" data-widget_type=\"toggle.default\">\n\t\t\t\t<div class=\"elementor-widget-container\">\n\t\t\t\t\t\t\t<div class=\"elementor-toggle\">\n\t\t\t\t\t\t\t<div class=\"elementor-toggle-item\">\n\t\t\t\t\t<div id=\"elementor-tab-title-1651\" class=\"elementor-tab-title\" data-tab=\"1\" role=\"button\" aria-controls=\"elementor-tab-content-1651\" aria-expanded=\"false\">\n\t\t\t\t\t\t\t\t\t\t\t\t<span class=\"elementor-toggle-icon elementor-toggle-icon-left\" aria-hidden=\"true\">\n\t\t\t\t\t\t\t\t\t\t\t\t\t\t\t<span class=\"elementor-toggle-icon-closed\"><i class=\"fas fa-caret-right\"><\/i><\/span>\n\t\t\t\t\t\t\t\t<span class=\"elementor-toggle-icon-opened\"><i class=\"elementor-toggle-icon-opened fas fa-caret-up\"><\/i><\/span>\n\t\t\t\t\t\t\t\t\t\t\t\t\t<\/span>\n\t\t\t\t\t\t\t\t\t\t\t\t<a class=\"elementor-toggle-title\" tabindex=\"0\">Ludiscape PRO<\/a>\n\t\t\t\t\t<\/div>\n\n\t\t\t\t\t<div id=\"elementor-tab-content-1651\" class=\"elementor-tab-content elementor-clearfix\" data-tab=\"1\" role=\"region\" aria-labelledby=\"elementor-tab-title-1651\"><p class=\"rvps2\"><span class=\"rvts13\">Ludiscape se pr\u00e9sente sous la forme d&rsquo;une palette d&rsquo;outils int\u00e9gr\u00e9e con\u00e7ue pour cr\u00e9er du contenu multim\u00e9dia, du e-learning, du mobile-learning et de jeu s\u00e9rieux.<\/span><\/p><p class=\"rvps2\"><span class=\"rvts13\">Ludiscape a \u00e9t\u00e9 con\u00e7u comme une solution de cr\u00e9ation logicielle simple et efficace et permettre de publier le contenu sur des syst\u00e8mes LMS, SCORM et xApi TinCan.<\/span><\/p><p class=\"rvps2\"><span class=\"rvts13\"><a href=\"https:\/\/www.ludiscape.com\/telecharger-ludiscape.php\">T\u00e9l\u00e9charger Ludiscape<\/a><\/span><\/p><p class=\"rvps2\"><a href=\"https:\/\/www.ludiscape.com\/faq-ludiscape.php\" target=\"_blank\" rel=\"noopener\">FAQ Ludiscape<\/a><\/p><\/div>\n\t\t\t\t<\/div>\n\t\t\t\t\t\t\t<div class=\"elementor-toggle-item\">\n\t\t\t\t\t<div id=\"elementor-tab-title-1652\" class=\"elementor-tab-title\" data-tab=\"2\" role=\"button\" aria-controls=\"elementor-tab-content-1652\" aria-expanded=\"false\">\n\t\t\t\t\t\t\t\t\t\t\t\t<span class=\"elementor-toggle-icon elementor-toggle-icon-left\" aria-hidden=\"true\">\n\t\t\t\t\t\t\t\t\t\t\t\t\t\t\t<span class=\"elementor-toggle-icon-closed\"><i class=\"fas fa-caret-right\"><\/i><\/span>\n\t\t\t\t\t\t\t\t<span class=\"elementor-toggle-icon-opened\"><i class=\"elementor-toggle-icon-opened fas fa-caret-up\"><\/i><\/span>\n\t\t\t\t\t\t\t\t\t\t\t\t\t<\/span>\n\t\t\t\t\t\t\t\t\t\t\t\t<a class=\"elementor-toggle-title\" tabindex=\"0\">Chamilo LMS<\/a>\n\t\t\t\t\t<\/div>\n\n\t\t\t\t\t<div id=\"elementor-tab-content-1652\" class=\"elementor-tab-content elementor-clearfix\" data-tab=\"2\" role=\"region\" aria-labelledby=\"elementor-tab-title-1652\"><p>Chamilo est un logiciel open source de gestion de l&rsquo;apprentissage et du contenu d&rsquo;apprentissage, dont l&rsquo;objectif est d&rsquo;am\u00e9liorer l&rsquo;acc\u00e8s global \u00e0 l&rsquo;\u00e9ducation et au savoir.<\/p><p><a href=\"https:\/\/www.ludiscape.com\/chamilo\/telecharger-chamilo-lms.php\">T\u00e9l\u00e9charger Chamilo LMS<\/a><\/p><p><a href=\"https:\/\/www.ludiscape.online\/formation-chamilo.php\" target=\"_blank\" rel=\"noopener\">Groupe d&rsquo;entraide Chamilo<\/a><\/p><p><a href=\"https:\/\/www.ludiscape.com\/ressources\/resources-elearning-en\/themes-for-chamilo-lms\/\">Th\u00e8mes Chamilo LMS<\/a><\/p><p><a href=\"https:\/\/www.ludiscape.com\/ressources\/guide-chamilo-lms\/guide-creation-de-cours-en-ligne-sous-chamilo\/\">Aide Chamilo<\/a><\/p><\/div>\n\t\t\t\t<\/div>\n\t\t\t\t\t\t\t<div class=\"elementor-toggle-item\">\n\t\t\t\t\t<div id=\"elementor-tab-title-1653\" class=\"elementor-tab-title\" data-tab=\"3\" role=\"button\" aria-controls=\"elementor-tab-content-1653\" aria-expanded=\"false\">\n\t\t\t\t\t\t\t\t\t\t\t\t<span class=\"elementor-toggle-icon elementor-toggle-icon-left\" aria-hidden=\"true\">\n\t\t\t\t\t\t\t\t\t\t\t\t\t\t\t<span class=\"elementor-toggle-icon-closed\"><i class=\"fas fa-caret-right\"><\/i><\/span>\n\t\t\t\t\t\t\t\t<span class=\"elementor-toggle-icon-opened\"><i class=\"elementor-toggle-icon-opened fas fa-caret-up\"><\/i><\/span>\n\t\t\t\t\t\t\t\t\t\t\t\t\t<\/span>\n\t\t\t\t\t\t\t\t\t\t\t\t<a class=\"elementor-toggle-title\" tabindex=\"0\">Support et aide<\/a>\n\t\t\t\t\t<\/div>\n\n\t\t\t\t\t<div id=\"elementor-tab-content-1653\" class=\"elementor-tab-content elementor-clearfix\" data-tab=\"3\" role=\"region\" aria-labelledby=\"elementor-tab-title-1653\"><ul><li><a href=\"https:\/\/www.ludiscape.com\/ressources\/chamilo-support-pro\/\">Support LMS<\/a><\/li><li><a href=\"https:\/\/www.ludiscape.com\/creation-cours.php\">Support eLearning<\/a><\/li><\/ul><\/div>\n\t\t\t\t<\/div>\n\t\t\t\t\t\t\t\t<\/div>\n\t\t\t\t\t\t<\/div>\n\t\t\t\t<\/div>\n\t\t\t\t\t<\/div>\n\t\t<\/div>\n\t\t\t\t<div class=\"elementor-column elementor-col-66 elementor-top-column elementor-element elementor-element-6be94292\" data-id=\"6be94292\" data-element_type=\"column\" data-settings=\"{&quot;background_background&quot;:&quot;classic&quot;}\">\n\t\t\t<div class=\"elementor-widget-wrap elementor-element-populated\">\n\t\t\t\t\t\t<div class=\"elementor-element elementor-element-36b5c9bb elementor-widget elementor-widget-heading\" data-id=\"36b5c9bb\" data-element_type=\"widget\" data-settings=\"{&quot;_animation&quot;:&quot;none&quot;}\" data-widget_type=\"heading.default\">\n\t\t\t\t<div class=\"elementor-widget-container\">\n\t\t\t\t\t<h1 class=\"elementor-heading-title elementor-size-default\">Inscription Groupe d'entraide Chamilo<\/h1>\t\t\t\t<\/div>\n\t\t\t\t<\/div>\n\t\t\t\t<section class=\"elementor-section elementor-inner-section elementor-element elementor-element-611d85 elementor-section-boxed elementor-section-height-default elementor-section-height-default\" data-id=\"611d85\" data-element_type=\"section\">\n\t\t\t\t\t\t<div class=\"elementor-container elementor-column-gap-default\">\n\t\t\t\t\t<div class=\"elementor-column elementor-col-50 elementor-inner-column elementor-element elementor-element-3772966\" data-id=\"3772966\" data-element_type=\"column\">\n\t\t\t<div class=\"elementor-widget-wrap elementor-element-populated\">\n\t\t\t\t\t\t<div class=\"elementor-element elementor-element-8f9d1b9 elementor-widget elementor-widget-text-editor\" data-id=\"8f9d1b9\" data-element_type=\"widget\" data-widget_type=\"text-editor.default\">\n\t\t\t\t<div class=\"elementor-widget-container\">\n\t\t\t\t\t\t\t\t\t<h3>POURQUOI S\u2019INSCRIRE\u00a0?<\/h3><hr \/><p>Envie d\u2019\u00eatre inform\u00e9 en avant-premi\u00e8re des nouvelles fonctions ?<\/p><p>Besoins de documentation ?<\/p><p>Prenez un temps d\u2019avance en vous abonnant \u00e0 notre groupe d&rsquo;entraide !<\/p><ul><li style=\"font-size: 14px;\">Des astuces et contenus eLearning gratuits<\/li><li>Acc\u00e9dez \u00e0 des infos en avant-premi\u00e8re<\/li><li>Recevez les actualit\u00e9s de votre plateforme pr\u00e9f\u00e9r\u00e9<\/li><li>Ressources gratuites pour personnaliser votre plateforme<\/li><\/ul>\t\t\t\t\t\t\t\t<\/div>\n\t\t\t\t<\/div>\n\t\t\t\t\t<\/div>\n\t\t<\/div>\n\t\t\t\t<div class=\"elementor-column elementor-col-50 elementor-inner-column elementor-element elementor-element-7e652475\" data-id=\"7e652475\" data-element_type=\"column\">\n\t\t\t<div class=\"elementor-widget-wrap elementor-element-populated\">\n\t\t\t\t\t\t<div class=\"elementor-element elementor-element-18c066e1 elementor-widget elementor-widget-image\" data-id=\"18c066e1\" data-element_type=\"widget\" data-widget_type=\"image.default\">\n\t\t\t\t<div class=\"elementor-widget-container\">\n\t\t\t\t\t\t\t\t\t\t\t\t\t\t\t<img fetchpriority=\"high\" decoding=\"async\" width=\"500\" height=\"281\" src=\"https:\/\/www.ludiscape.com\/ressources\/wp-content\/uploads\/2024\/03\/Projet-par-competences-avec-Chamilo-2024.jpg\" class=\"attachment-full size-full wp-image-7449\" alt=\"\" srcset=\"https:\/\/www.ludiscape.com\/ressources\/wp-content\/uploads\/2024\/03\/Projet-par-competences-avec-Chamilo-2024.jpg 500w, https:\/\/www.ludiscape.com\/ressources\/wp-content\/uploads\/2024\/03\/Projet-par-competences-avec-Chamilo-2024-300x169.jpg 300w\" sizes=\"(max-width: 500px) 100vw, 500px\" \/>\t\t\t\t\t\t\t\t\t\t\t\t\t\t\t<\/div>\n\t\t\t\t<\/div>\n\t\t\t\t\t<\/div>\n\t\t<\/div>\n\t\t\t\t\t<\/div>\n\t\t<\/section>\n\t\t\t\t<div class=\"elementor-element elementor-element-b5ae5a8 elementor-widget-divider--view-line elementor-widget elementor-widget-divider\" data-id=\"b5ae5a8\" data-element_type=\"widget\" data-widget_type=\"divider.default\">\n\t\t\t\t<div class=\"elementor-widget-container\">\n\t\t\t\t\t\t\t<div class=\"elementor-divider\">\n\t\t\t<span class=\"elementor-divider-separator\">\n\t\t\t\t\t\t<\/span>\n\t\t<\/div>\n\t\t\t\t\t\t<\/div>\n\t\t\t\t<\/div>\n\t\t\t\t<div class=\"elementor-element elementor-element-01f981c elementor-headline--style-highlight elementor-widget elementor-widget-animated-headline\" data-id=\"01f981c\" data-element_type=\"widget\" data-settings=\"{&quot;highlighted_text&quot;:&quot;Chamilo&quot;,&quot;headline_style&quot;:&quot;highlight&quot;,&quot;marker&quot;:&quot;circle&quot;,&quot;loop&quot;:&quot;yes&quot;,&quot;highlight_animation_duration&quot;:1200,&quot;highlight_iteration_delay&quot;:8000}\" data-widget_type=\"animated-headline.default\">\n\t\t\t\t<div class=\"elementor-widget-container\">\n\t\t\t\t\t\t\t<h3 class=\"elementor-headline\">\n\t\t\t\t\t<span class=\"elementor-headline-plain-text elementor-headline-text-wrapper\">Je rejoins le groupe d'entraide<\/span>\n\t\t\t\t<span class=\"elementor-headline-dynamic-wrapper elementor-headline-text-wrapper\">\n\t\t\t\t\t<span class=\"elementor-headline-dynamic-text elementor-headline-text-active\">Chamilo<\/span>\n\t\t\t\t<\/span>\n\t\t\t\t<\/h3>\n\t\t\t\t\t\t<\/div>\n\t\t\t\t<\/div>\n\t\t\t\t<section class=\"elementor-section elementor-inner-section elementor-element elementor-element-565a22bd elementor-section-boxed elementor-section-height-default elementor-section-height-default\" data-id=\"565a22bd\" data-element_type=\"section\">\n\t\t\t\t\t\t<div class=\"elementor-container elementor-column-gap-default\">\n\t\t\t\t\t<div class=\"elementor-column elementor-col-50 elementor-inner-column elementor-element elementor-element-b25b939\" data-id=\"b25b939\" data-element_type=\"column\">\n\t\t\t<div class=\"elementor-widget-wrap elementor-element-populated\">\n\t\t\t\t\t\t<div class=\"elementor-element elementor-element-779a01a elementor-widget elementor-widget-image\" data-id=\"779a01a\" data-element_type=\"widget\" data-widget_type=\"image.default\">\n\t\t\t\t<div class=\"elementor-widget-container\">\n\t\t\t\t\t\t\t\t\t\t\t\t\t\t\t<img decoding=\"async\" width=\"388\" height=\"450\" src=\"https:\/\/www.ludiscape.com\/ressources\/wp-content\/uploads\/2019\/12\/2597276.jpg\" class=\"attachment-large size-large wp-image-942\" alt=\"\" srcset=\"https:\/\/www.ludiscape.com\/ressources\/wp-content\/uploads\/2019\/12\/2597276.jpg 388w, https:\/\/www.ludiscape.com\/ressources\/wp-content\/uploads\/2019\/12\/2597276-259x300.jpg 259w\" sizes=\"(max-width: 388px) 100vw, 388px\" \/>\t\t\t\t\t\t\t\t\t\t\t\t\t\t\t<\/div>\n\t\t\t\t<\/div>\n\t\t\t\t\t<\/div>\n\t\t<\/div>\n\t\t\t\t<div class=\"elementor-column elementor-col-50 elementor-inner-column elementor-element elementor-element-1a9ab9e5\" data-id=\"1a9ab9e5\" data-element_type=\"column\">\n\t\t\t<div class=\"elementor-widget-wrap elementor-element-populated\">\n\t\t\t\t\t\t<div class=\"elementor-element elementor-element-3db9774 elementor-button-align-stretch elementor-widget elementor-widget-form\" data-id=\"3db9774\" data-element_type=\"widget\" data-settings=\"{&quot;step_next_label&quot;:&quot;Suivant&quot;,&quot;step_previous_label&quot;:&quot;Pr\\u00e9c\\u00e9dent&quot;,&quot;button_width&quot;:&quot;100&quot;,&quot;step_type&quot;:&quot;number_text&quot;,&quot;step_icon_shape&quot;:&quot;circle&quot;}\" data-widget_type=\"form.default\">\n\t\t\t\t<div class=\"elementor-widget-container\">\n\t\t\t\t\t\t\t<form class=\"elementor-form\" method=\"post\" name=\"Nouveau formulaire\">\n\t\t\t<input type=\"hidden\" name=\"post_id\" value=\"932\"\/>\n\t\t\t<input type=\"hidden\" name=\"form_id\" value=\"3db9774\"\/>\n\t\t\t<input type=\"hidden\" name=\"referer_title\" value=\"\" \/>\n\n\t\t\t\n\t\t\t<div class=\"elementor-form-fields-wrapper elementor-labels-above\">\n\t\t\t\t\t\t\t\t<div class=\"elementor-field-type-email elementor-field-group elementor-column elementor-field-group-email elementor-col-100 elementor-field-required\">\n\t\t\t\t\t\t\t\t\t\t\t\t\t<input size=\"1\" type=\"email\" name=\"form_fields[email]\" id=\"form-field-email\" class=\"elementor-field elementor-size-sm  elementor-field-textual\" placeholder=\"Saisir votre adresse e-mail\" required=\"required\" aria-required=\"true\">\n\t\t\t\t\t\t\t\t\t\t\t<\/div>\n\t\t\t\t\t\t\t\t<div class=\"elementor-field-group elementor-column elementor-field-type-submit elementor-col-100 e-form__buttons\">\n\t\t\t\t\t<button class=\"elementor-button elementor-size-sm\" type=\"submit\">\n\t\t\t\t\t\t<span class=\"elementor-button-content-wrapper\">\n\t\t\t\t\t\t\t\t\t\t\t\t\t\t\t\t\t\t\t\t\t\t<span class=\"elementor-button-text\">Je m'inscris en 1 clic<\/span>\n\t\t\t\t\t\t\t\t\t\t\t\t\t<\/span>\n\t\t\t\t\t<\/button>\n\t\t\t\t<\/div>\n\t\t\t<\/div>\n\t\t<\/form>\n\t\t\t\t\t\t<\/div>\n\t\t\t\t<\/div>\n\t\t\t\t<div class=\"elementor-element elementor-element-c50ff87 elementor-widget elementor-widget-text-editor\" data-id=\"c50ff87\" data-element_type=\"widget\" data-widget_type=\"text-editor.default\">\n\t\t\t\t<div class=\"elementor-widget-container\">\n\t\t\t\t\t\t\t\t\t<p>\u00a0<\/p><p>Ou envoyer nous un email :<\/p><p>chamilo arobase\u00a0ludiscape.com<\/p>\t\t\t\t\t\t\t\t<\/div>\n\t\t\t\t<\/div>\n\t\t\t\t\t<\/div>\n\t\t<\/div>\n\t\t\t\t\t<\/div>\n\t\t<\/section>\n\t\t\t\t<section class=\"elementor-section elementor-inner-section elementor-element elementor-element-5762822 elementor-section-boxed elementor-section-height-default elementor-section-height-default\" data-id=\"5762822\" data-element_type=\"section\">\n\t\t\t\t\t\t<div class=\"elementor-container elementor-column-gap-default\">\n\t\t\t\t\t<div class=\"elementor-column elementor-col-50 elementor-inner-column elementor-element elementor-element-f451922\" data-id=\"f451922\" data-element_type=\"column\">\n\t\t\t<div class=\"elementor-widget-wrap\">\n\t\t\t\t\t\t\t<\/div>\n\t\t<\/div>\n\t\t\t\t<div class=\"elementor-column elementor-col-50 elementor-inner-column elementor-element elementor-element-10bcaf6\" data-id=\"10bcaf6\" data-element_type=\"column\">\n\t\t\t<div class=\"elementor-widget-wrap\">\n\t\t\t\t\t\t\t<\/div>\n\t\t<\/div>\n\t\t\t\t\t<\/div>\n\t\t<\/section>\n\t\t\t\t\t<\/div>\n\t\t<\/div>\n\t\t\t\t\t<\/div>\n\t\t<\/section>\n\t\t\t\t<section class=\"elementor-section elementor-top-section elementor-element elementor-element-74e6880 elementor-section-boxed elementor-section-height-default elementor-section-height-default\" data-id=\"74e6880\" data-element_type=\"section\">\n\t\t\t\t\t\t<div class=\"elementor-container elementor-column-gap-default\">\n\t\t\t\t\t<div class=\"elementor-column elementor-col-100 elementor-top-column elementor-element elementor-element-48fb7cc6\" data-id=\"48fb7cc6\" data-element_type=\"column\">\n\t\t\t<div class=\"elementor-widget-wrap elementor-element-populated\">\n\t\t\t\t\t\t<section class=\"elementor-section elementor-inner-section elementor-element elementor-element-7276b600 elementor-section-boxed elementor-section-height-default elementor-section-height-default\" data-id=\"7276b600\" data-element_type=\"section\">\n\t\t\t\t\t\t<div class=\"elementor-container elementor-column-gap-default\">\n\t\t\t\t\t<div class=\"elementor-column elementor-col-50 elementor-inner-column elementor-element elementor-element-157db4f8\" data-id=\"157db4f8\" data-element_type=\"column\">\n\t\t\t<div class=\"elementor-widget-wrap\">\n\t\t\t\t\t\t\t<\/div>\n\t\t<\/div>\n\t\t\t\t<div class=\"elementor-column elementor-col-50 elementor-inner-column elementor-element elementor-element-1597d496\" data-id=\"1597d496\" data-element_type=\"column\">\n\t\t\t<div class=\"elementor-widget-wrap\">\n\t\t\t\t\t\t\t<\/div>\n\t\t<\/div>\n\t\t\t\t\t<\/div>\n\t\t<\/section>\n\t\t\t\t\t<\/div>\n\t\t<\/div>\n\t\t\t\t\t<\/div>\n\t\t<\/section>\n\t\t\t\t<\/div>\n\t\t","protected":false},"excerpt":{"rendered":"<p>Menu Accueil Galerie Tarifs Ressources Contact Ludiscape PRO Ludiscape se pr\u00e9sente sous la forme d&rsquo;une palette d&rsquo;outils int\u00e9gr\u00e9e con\u00e7ue pour cr\u00e9er du contenu multim\u00e9dia, du e-learning, du mobile-learning et de jeu s\u00e9rieux. Ludiscape a \u00e9t\u00e9 con\u00e7u comme une solution de cr\u00e9ation logicielle simple et efficace et permettre de publier le contenu sur des syst\u00e8mes LMS, [&hellip;]<\/p>\n","protected":false},"author":1,"featured_media":0,"parent":62,"menu_order":0,"comment_status":"closed","ping_status":"closed","template":"","meta":{"footnotes":""},"class_list":["post-932","page","type-page","status-publish","hentry"],"_links":{"self":[{"href":"https:\/\/www.ludiscape.com\/ressources\/wp-json\/wp\/v2\/pages\/932","targetHints":{"allow":["GET"]}}],"collection":[{"href":"https:\/\/www.ludiscape.com\/ressources\/wp-json\/wp\/v2\/pages"}],"about":[{"href":"https:\/\/www.ludiscape.com\/ressources\/wp-json\/wp\/v2\/types\/page"}],"author":[{"embeddable":true,"href":"https:\/\/www.ludiscape.com\/ressources\/wp-json\/wp\/v2\/users\/1"}],"replies":[{"embeddable":true,"href":"https:\/\/www.ludiscape.com\/ressources\/wp-json\/wp\/v2\/comments?post=932"}],"version-history":[{"count":25,"href":"https:\/\/www.ludiscape.com\/ressources\/wp-json\/wp\/v2\/pages\/932\/revisions"}],"predecessor-version":[{"id":7455,"href":"https:\/\/www.ludiscape.com\/ressources\/wp-json\/wp\/v2\/pages\/932\/revisions\/7455"}],"up":[{"embeddable":true,"href":"https:\/\/www.ludiscape.com\/ressources\/wp-json\/wp\/v2\/pages\/62"}],"wp:attachment":[{"href":"https:\/\/www.ludiscape.com\/ressources\/wp-json\/wp\/v2\/media?parent=932"}],"curies":[{"name":"wp","href":"https:\/\/api.w.org\/{rel}","templated":true}]}}