{"id":5293,"date":"2022-05-11T15:27:58","date_gmt":"2022-05-11T13:27:58","guid":{"rendered":"https:\/\/www.ludiscape.com\/ressources\/?page_id=5293"},"modified":"2022-05-11T15:43:35","modified_gmt":"2022-05-11T13:43:35","slug":"5293-2","status":"publish","type":"page","link":"https:\/\/www.ludiscape.com\/ressources\/resources-elearning-en\/themes-for-chamilo-lms\/5293-2\/","title":{"rendered":"Theme Smart Zen"},"content":{"rendered":"\t\t<div data-elementor-type=\"wp-page\" data-elementor-id=\"5293\" class=\"elementor elementor-5293\" data-elementor-post-type=\"page\">\n\t\t\t\t\t\t<section class=\"elementor-section elementor-top-section elementor-element elementor-element-35ca8f76 elementor-section-boxed elementor-section-height-default elementor-section-height-default\" data-id=\"35ca8f76\" data-element_type=\"section\">\n\t\t\t\t\t\t<div class=\"elementor-container elementor-column-gap-default\">\n\t\t\t\t\t<div class=\"elementor-column elementor-col-33 elementor-top-column elementor-element elementor-element-1855e795\" data-id=\"1855e795\" data-element_type=\"column\">\n\t\t\t<div class=\"elementor-widget-wrap elementor-element-populated\">\n\t\t\t\t\t\t<div class=\"elementor-element elementor-element-1d46af70 elementor-widget elementor-widget-global elementor-global-415 elementor-widget-html\" data-id=\"1d46af70\" data-element_type=\"widget\" data-widget_type=\"html.default\">\n\t\t\t\t<div class=\"elementor-widget-container\">\n\t\t\t\t\t<link rel=\"stylesheet\" type=\"text\/css\" href=\"https:\/\/www.ludiscape.com\/neocss\/m.css?v=21032018\" \/>\r\n<header class=\"sidebar-section\">\r\n<div class=\"header-logo\">\r\n\t<a class=\"logo\" href=\"#\">\r\n\t    <img decoding=\"async\" alt=\"\" src=\"https:\/\/www.ludiscape.com\/images\/logo.png\"><\/a>\r\n<\/div>\t\t\t\r\n<a class=\"elemadded responsive-link\" href=\"#\">Menu<\/a>\r\n<div class=\"navbar-vertical\">\r\n\t<ul class=\"main-menu\">\r\n\t\t<li>\r\n\t\t<a href=\"https:\/\/www.ludiscape.com\/index.php\"><i class=\"fa fa-home\"><\/i>Accueil<\/a>\r\n\t\t<\/li>\r\n\t\t<li>\r\n\t\t<li>\r\n\t\t<a href=\"https:\/\/www.ludiscape.com\/ressources\/exemples-elearning\/\"><i class=\"fa fa-briefcase\"><\/i>Portfolio<\/a>\r\n\t\t<\/li>\r\n\t\t\r\n\t\t<li>\r\n\t\t<a href=\"https:\/\/www.ludiscape.com\/tarifs.php\"><i class=\"fa fa-shopping-cart\"><\/i>Tarifs<\/a>\r\n\t\t<\/li>\r\n\t\t\r\n\t\t<li>\r\n\t\t<a class=\"active\" href=\"https:\/\/www.ludiscape.com\/ressources\/guide-chamilo-lms\/\">\r\n\t\t    <i class=\"fa fa-book\"><\/i>Chamilo<\/a>\r\n\t\t<\/li>\r\n\t\t\r\n\t\t<li class=\"drop\"><a  href=\"https:\/\/www.ludiscape.com\/ressources\/\">\r\n\t\t    <i class=\"fa fa-download\"><\/i>Ressources<\/a>\r\n\t\t<\/li>\r\n\t\t<li>\r\n\t\t<a href=\"https:\/\/www.ludiscape.com\/contact.php\"><i class=\"fa fa-envelope\"><\/i>Contact<\/a>\r\n\t\t<\/li>\r\n\t\t\r\n\t<\/ul>\r\n<\/div>\t\t\t\t\r\n<\/header>\r\n\r\n<style>\r\n    .page-header{\r\n        text-align:center;\r\n        height: 0px;\r\n        border-bottom: none;\r\n        padding:0px;\r\n        margin:0px;\r\n    }\r\n    .page-header h1{\r\n        text-align:center;\r\n        font-size: 1px;\r\n        color:transparent;\r\n    }\r\n    .site-header{\r\n        display:none;\r\n    }\r\n<\/style>\r\n\r\n\t\t\t\t<\/div>\n\t\t\t\t<\/div>\n\t\t\t\t<div class=\"elementor-element elementor-element-60d3751 elementor-widget elementor-widget-global elementor-global-531 elementor-widget-toggle\" data-id=\"60d3751\" data-element_type=\"widget\" data-widget_type=\"toggle.default\">\n\t\t\t\t<div class=\"elementor-widget-container\">\n\t\t\t\t\t\t\t<div class=\"elementor-toggle\">\n\t\t\t\t\t\t\t<div class=\"elementor-toggle-item\">\n\t\t\t\t\t<div id=\"elementor-tab-title-1011\" class=\"elementor-tab-title\" data-tab=\"1\" role=\"button\" aria-controls=\"elementor-tab-content-1011\" aria-expanded=\"false\">\n\t\t\t\t\t\t\t\t\t\t\t\t<span class=\"elementor-toggle-icon elementor-toggle-icon-left\" aria-hidden=\"true\">\n\t\t\t\t\t\t\t\t\t\t\t\t\t\t\t<span class=\"elementor-toggle-icon-closed\"><i class=\"fas fa-caret-right\"><\/i><\/span>\n\t\t\t\t\t\t\t\t<span class=\"elementor-toggle-icon-opened\"><i class=\"elementor-toggle-icon-opened fas fa-caret-up\"><\/i><\/span>\n\t\t\t\t\t\t\t\t\t\t\t\t\t<\/span>\n\t\t\t\t\t\t\t\t\t\t\t\t<a class=\"elementor-toggle-title\" tabindex=\"0\">Ludiscape PRO<\/a>\n\t\t\t\t\t<\/div>\n\n\t\t\t\t\t<div id=\"elementor-tab-content-1011\" class=\"elementor-tab-content elementor-clearfix\" data-tab=\"1\" role=\"region\" aria-labelledby=\"elementor-tab-title-1011\"><p class=\"rvps2\"><span class=\"rvts13\">Ludiscape se pr\u00e9sente sous la forme d&rsquo;une palette d&rsquo;outils int\u00e9gr\u00e9e con\u00e7ue pour cr\u00e9er du contenu multim\u00e9dia, du e-learning, du mobile-learning et de jeu s\u00e9rieux.<\/span><\/p><p class=\"rvps2\"><span class=\"rvts13\">Ludiscape a \u00e9t\u00e9 con\u00e7u comme une solution de cr\u00e9ation logicielle simple et efficace et permettre de publier le contenu sur des syst\u00e8mes LMS, SCORM et xApi TinCan.<\/span><\/p><p class=\"rvps2\"><span class=\"rvts13\"><a href=\"https:\/\/www.ludiscape.com\/telecharger-ludiscape.php\">T\u00e9l\u00e9charger Ludiscape<\/a><\/span><\/p><p class=\"rvps2\"><a href=\"https:\/\/www.ludiscape.com\/faq-ludiscape.php\" target=\"_blank\" rel=\"noopener\">FAQ Ludiscape<\/a><\/p><\/div>\n\t\t\t\t<\/div>\n\t\t\t\t\t\t\t<div class=\"elementor-toggle-item\">\n\t\t\t\t\t<div id=\"elementor-tab-title-1012\" class=\"elementor-tab-title\" data-tab=\"2\" role=\"button\" aria-controls=\"elementor-tab-content-1012\" aria-expanded=\"false\">\n\t\t\t\t\t\t\t\t\t\t\t\t<span class=\"elementor-toggle-icon elementor-toggle-icon-left\" aria-hidden=\"true\">\n\t\t\t\t\t\t\t\t\t\t\t\t\t\t\t<span class=\"elementor-toggle-icon-closed\"><i class=\"fas fa-caret-right\"><\/i><\/span>\n\t\t\t\t\t\t\t\t<span class=\"elementor-toggle-icon-opened\"><i class=\"elementor-toggle-icon-opened fas fa-caret-up\"><\/i><\/span>\n\t\t\t\t\t\t\t\t\t\t\t\t\t<\/span>\n\t\t\t\t\t\t\t\t\t\t\t\t<a class=\"elementor-toggle-title\" tabindex=\"0\">Chamilo LMS<\/a>\n\t\t\t\t\t<\/div>\n\n\t\t\t\t\t<div id=\"elementor-tab-content-1012\" class=\"elementor-tab-content elementor-clearfix\" data-tab=\"2\" role=\"region\" aria-labelledby=\"elementor-tab-title-1012\"><p>Chamilo est un logiciel open source de gestion de l&rsquo;apprentissage et du contenu d&rsquo;apprentissage, dont l&rsquo;objectif est d&rsquo;am\u00e9liorer l&rsquo;acc\u00e8s global \u00e0 l&rsquo;\u00e9ducation et au savoir.<\/p><p><a href=\"https:\/\/www.ludiscape.com\/chamilo\/telecharger-chamilo-lms.php\">T\u00e9l\u00e9charger Chamilo LMS<\/a><\/p><p><a href=\"https:\/\/www.ludiscape.online\/formation-chamilo.php\" target=\"_blank\" rel=\"noopener\">Groupe d&rsquo;entraide Chamilo<\/a><\/p><p><a href=\"https:\/\/www.ludiscape.com\/ressources\/resources-elearning-en\/themes-for-chamilo-lms\/\">Th\u00e8mes Chamilo LMS<\/a><\/p><p><a href=\"https:\/\/www.ludiscape.com\/ressources\/guide-chamilo-lms\/guide-creation-de-cours-en-ligne-sous-chamilo\/\">Aide Chamilo<\/a><\/p><\/div>\n\t\t\t\t<\/div>\n\t\t\t\t\t\t\t<div class=\"elementor-toggle-item\">\n\t\t\t\t\t<div id=\"elementor-tab-title-1013\" class=\"elementor-tab-title\" data-tab=\"3\" role=\"button\" aria-controls=\"elementor-tab-content-1013\" aria-expanded=\"false\">\n\t\t\t\t\t\t\t\t\t\t\t\t<span class=\"elementor-toggle-icon elementor-toggle-icon-left\" aria-hidden=\"true\">\n\t\t\t\t\t\t\t\t\t\t\t\t\t\t\t<span class=\"elementor-toggle-icon-closed\"><i class=\"fas fa-caret-right\"><\/i><\/span>\n\t\t\t\t\t\t\t\t<span class=\"elementor-toggle-icon-opened\"><i class=\"elementor-toggle-icon-opened fas fa-caret-up\"><\/i><\/span>\n\t\t\t\t\t\t\t\t\t\t\t\t\t<\/span>\n\t\t\t\t\t\t\t\t\t\t\t\t<a class=\"elementor-toggle-title\" tabindex=\"0\">Support et aide<\/a>\n\t\t\t\t\t<\/div>\n\n\t\t\t\t\t<div id=\"elementor-tab-content-1013\" class=\"elementor-tab-content elementor-clearfix\" data-tab=\"3\" role=\"region\" aria-labelledby=\"elementor-tab-title-1013\"><ul><li><a href=\"https:\/\/www.ludiscape.com\/ressources\/chamilo-support-pro\/\">Support LMS<\/a><\/li><li><a href=\"https:\/\/www.ludiscape.com\/creation-cours.php\">Support eLearning<\/a><\/li><\/ul><\/div>\n\t\t\t\t<\/div>\n\t\t\t\t\t\t\t\t<\/div>\n\t\t\t\t\t\t<\/div>\n\t\t\t\t<\/div>\n\t\t\t\t\t<\/div>\n\t\t<\/div>\n\t\t\t\t<div class=\"elementor-column elementor-col-66 elementor-top-column elementor-element elementor-element-380db824\" data-id=\"380db824\" data-element_type=\"column\" data-settings=\"{&quot;background_background&quot;:&quot;classic&quot;}\">\n\t\t\t<div class=\"elementor-widget-wrap elementor-element-populated\">\n\t\t\t\t\t\t<div class=\"elementor-element elementor-element-545e3aa4 elementor-widget elementor-widget-heading\" data-id=\"545e3aa4\" data-element_type=\"widget\" data-settings=\"{&quot;_animation&quot;:&quot;none&quot;}\" data-widget_type=\"heading.default\">\n\t\t\t\t<div class=\"elementor-widget-container\">\n\t\t\t\t\t<h2 class=\"elementor-heading-title elementor-size-default\">Theme Chamilo \"Smart Zen UI\"<\/h2>\t\t\t\t<\/div>\n\t\t\t\t<\/div>\n\t\t\t\t<section class=\"elementor-section elementor-inner-section elementor-element elementor-element-9270bd9 elementor-section-boxed elementor-section-height-default elementor-section-height-default\" data-id=\"9270bd9\" data-element_type=\"section\">\n\t\t\t\t\t\t<div class=\"elementor-container elementor-column-gap-default\">\n\t\t\t\t\t<div class=\"elementor-column elementor-col-100 elementor-inner-column elementor-element elementor-element-995dfb8\" data-id=\"995dfb8\" data-element_type=\"column\">\n\t\t\t<div class=\"elementor-widget-wrap elementor-element-populated\">\n\t\t\t\t\t\t<div class=\"elementor-element elementor-element-eb89b64 elementor-widget elementor-widget-text-editor\" data-id=\"eb89b64\" data-element_type=\"widget\" data-widget_type=\"text-editor.default\">\n\t\t\t\t<div class=\"elementor-widget-container\">\n\t\t\t\t\t\t\t\t\t<p style=\"text-align: center;\">Make Chamilo LMS look Beautiful, Modern &amp; Professional with Smart Zen UI<\/p><p style=\"text-align: center;\">Don\u2019t like your current interface?<\/p><p style=\"text-align: center;\">Solution \u2013 Different strokes for different folks! Design your dream without any coding.<\/p>\t\t\t\t\t\t\t\t<\/div>\n\t\t\t\t<\/div>\n\t\t\t\t\t<\/div>\n\t\t<\/div>\n\t\t\t\t\t<\/div>\n\t\t<\/section>\n\t\t\t\t<section class=\"elementor-section elementor-inner-section elementor-element elementor-element-4acfb103 elementor-section-boxed elementor-section-height-default elementor-section-height-default\" data-id=\"4acfb103\" data-element_type=\"section\">\n\t\t\t\t\t\t<div class=\"elementor-container elementor-column-gap-default\">\n\t\t\t\t\t<div class=\"elementor-column elementor-col-100 elementor-inner-column elementor-element elementor-element-36b893cd\" data-id=\"36b893cd\" data-element_type=\"column\">\n\t\t\t<div class=\"elementor-widget-wrap elementor-element-populated\">\n\t\t\t\t\t\t<div class=\"elementor-element elementor-element-b91d086 elementor-widget elementor-widget-image\" data-id=\"b91d086\" data-element_type=\"widget\" data-widget_type=\"image.default\">\n\t\t\t\t<div class=\"elementor-widget-container\">\n\t\t\t\t\t\t\t\t\t\t\t\t\t\t\t<img fetchpriority=\"high\" decoding=\"async\" width=\"800\" height=\"390\" src=\"https:\/\/www.ludiscape.com\/ressources\/wp-content\/uploads\/2022\/05\/smartzen-theme-for-chamilo-1024x499.png\" class=\"attachment-large size-large wp-image-5297\" alt=\"\" srcset=\"https:\/\/www.ludiscape.com\/ressources\/wp-content\/uploads\/2022\/05\/smartzen-theme-for-chamilo-1024x499.png 1024w, https:\/\/www.ludiscape.com\/ressources\/wp-content\/uploads\/2022\/05\/smartzen-theme-for-chamilo-300x146.png 300w, https:\/\/www.ludiscape.com\/ressources\/wp-content\/uploads\/2022\/05\/smartzen-theme-for-chamilo-768x374.png 768w, https:\/\/www.ludiscape.com\/ressources\/wp-content\/uploads\/2022\/05\/smartzen-theme-for-chamilo-1536x749.png 1536w, https:\/\/www.ludiscape.com\/ressources\/wp-content\/uploads\/2022\/05\/smartzen-theme-for-chamilo.png 1883w\" sizes=\"(max-width: 800px) 100vw, 800px\" \/>\t\t\t\t\t\t\t\t\t\t\t\t\t\t\t<\/div>\n\t\t\t\t<\/div>\n\t\t\t\t\t<\/div>\n\t\t<\/div>\n\t\t\t\t\t<\/div>\n\t\t<\/section>\n\t\t\t\t<section class=\"elementor-section elementor-inner-section elementor-element elementor-element-54b308f0 elementor-section-boxed elementor-section-height-default elementor-section-height-default\" data-id=\"54b308f0\" data-element_type=\"section\">\n\t\t\t\t\t\t<div class=\"elementor-container elementor-column-gap-default\">\n\t\t\t\t\t<div class=\"elementor-column elementor-col-50 elementor-inner-column elementor-element elementor-element-7ec9cd83\" data-id=\"7ec9cd83\" data-element_type=\"column\">\n\t\t\t<div class=\"elementor-widget-wrap elementor-element-populated\">\n\t\t\t\t\t\t<div class=\"elementor-element elementor-element-13400738 elementor-widget elementor-widget-text-editor\" data-id=\"13400738\" data-element_type=\"widget\" data-widget_type=\"text-editor.default\">\n\t\t\t\t<div class=\"elementor-widget-container\">\n\t\t\t\t\t\t\t\t\t<h4 class=\"wisdm-fs-title\"><span style=\"color: #008080;\"><strong>Make your LMS Look Good and Work GreatSimplified, user-friendly Interface<\/strong><\/span><\/h4><p class=\"wisdm-fs-desc\">The more user-friendly your site is, the more confidence you will inspire your students to learn better. Provide your learners with a beautiful &amp; user-friendly interface.<\/p>\t\t\t\t\t\t\t\t<\/div>\n\t\t\t\t<\/div>\n\t\t\t\t\t<\/div>\n\t\t<\/div>\n\t\t\t\t<div class=\"elementor-column elementor-col-50 elementor-inner-column elementor-element elementor-element-5cc52adc\" data-id=\"5cc52adc\" data-element_type=\"column\">\n\t\t\t<div class=\"elementor-widget-wrap\">\n\t\t\t\t\t\t\t<\/div>\n\t\t<\/div>\n\t\t\t\t\t<\/div>\n\t\t<\/section>\n\t\t\t\t<section class=\"elementor-section elementor-inner-section elementor-element elementor-element-a2f8203 elementor-section-boxed elementor-section-height-default elementor-section-height-default\" data-id=\"a2f8203\" data-element_type=\"section\">\n\t\t\t\t\t\t<div class=\"elementor-container elementor-column-gap-default\">\n\t\t\t\t\t<div class=\"elementor-column elementor-col-50 elementor-inner-column elementor-element elementor-element-b8441c0\" data-id=\"b8441c0\" data-element_type=\"column\">\n\t\t\t<div class=\"elementor-widget-wrap elementor-element-populated\">\n\t\t\t\t\t\t<div class=\"elementor-element elementor-element-3f7a7e4 elementor-widget elementor-widget-text-editor\" data-id=\"3f7a7e4\" data-element_type=\"widget\" data-widget_type=\"text-editor.default\">\n\t\t\t\t<div class=\"elementor-widget-container\">\n\t\t\t\t\t\t\t\t\t<h4 class=\"wisdm-fs-title\"><span style=\"color: #008080;\"><strong>Getting Started made Quicker and SimplerDemo importer<\/strong><\/span><\/h4><p class=\"wisdm-fs-desc\">No time to create a custom Homepage from scratch?<\/p><p class=\"wisdm-fs-desc\">You can easily import the readymade Homepage &amp; courses available on our demo to check how it works on your end.<\/p>\t\t\t\t\t\t\t\t<\/div>\n\t\t\t\t<\/div>\n\t\t\t\t\t<\/div>\n\t\t<\/div>\n\t\t\t\t<div class=\"elementor-column elementor-col-50 elementor-inner-column elementor-element elementor-element-0aaaa51\" data-id=\"0aaaa51\" data-element_type=\"column\">\n\t\t\t<div class=\"elementor-widget-wrap\">\n\t\t\t\t\t\t\t<\/div>\n\t\t<\/div>\n\t\t\t\t\t<\/div>\n\t\t<\/section>\n\t\t\t\t<section class=\"elementor-section elementor-inner-section elementor-element elementor-element-5749b89 elementor-section-boxed elementor-section-height-default elementor-section-height-default\" data-id=\"5749b89\" data-element_type=\"section\">\n\t\t\t\t\t\t<div class=\"elementor-container elementor-column-gap-default\">\n\t\t\t\t\t<div class=\"elementor-column elementor-col-50 elementor-inner-column elementor-element elementor-element-2b8e5ed\" data-id=\"2b8e5ed\" data-element_type=\"column\">\n\t\t\t<div class=\"elementor-widget-wrap elementor-element-populated\">\n\t\t\t\t\t\t<div class=\"elementor-element elementor-element-79134c0 elementor-widget elementor-widget-text-editor\" data-id=\"79134c0\" data-element_type=\"widget\" data-widget_type=\"text-editor.default\">\n\t\t\t\t<div class=\"elementor-widget-container\">\n\t\t\t\t\t\t\t\t\t<h4 class=\"wisdm-fs-title\"><span style=\"color: #008080;\"><strong>Organize your Course Content BetterSimplified Chamil LMS software Navigation<\/strong><\/span><\/h4><p class=\"wisdm-fs-desc\">Learners will no longer struggle to find their way through your LMS. And can effortlessly discover the desired course content with intuitive &amp; user-friendly navigation<\/p>\t\t\t\t\t\t\t\t<\/div>\n\t\t\t\t<\/div>\n\t\t\t\t\t<\/div>\n\t\t<\/div>\n\t\t\t\t<div class=\"elementor-column elementor-col-50 elementor-inner-column elementor-element elementor-element-c0a2932\" data-id=\"c0a2932\" data-element_type=\"column\">\n\t\t\t<div class=\"elementor-widget-wrap\">\n\t\t\t\t\t\t\t<\/div>\n\t\t<\/div>\n\t\t\t\t\t<\/div>\n\t\t<\/section>\n\t\t\t\t<div class=\"elementor-element elementor-element-32d79004 elementor-widget elementor-widget-spacer\" data-id=\"32d79004\" data-element_type=\"widget\" data-widget_type=\"spacer.default\">\n\t\t\t\t<div class=\"elementor-widget-container\">\n\t\t\t\t\t\t\t<div class=\"elementor-spacer\">\n\t\t\t<div class=\"elementor-spacer-inner\"><\/div>\n\t\t<\/div>\n\t\t\t\t\t\t<\/div>\n\t\t\t\t<\/div>\n\t\t\t\t\t<\/div>\n\t\t<\/div>\n\t\t\t\t\t<\/div>\n\t\t<\/section>\n\t\t\t\t<section class=\"elementor-section elementor-top-section elementor-element elementor-element-1bc9daf5 elementor-section-boxed elementor-section-height-default elementor-section-height-default\" data-id=\"1bc9daf5\" data-element_type=\"section\">\n\t\t\t\t\t\t<div class=\"elementor-container elementor-column-gap-default\">\n\t\t\t\t\t<div class=\"elementor-column elementor-col-100 elementor-top-column elementor-element elementor-element-4d4409ae\" data-id=\"4d4409ae\" data-element_type=\"column\">\n\t\t\t<div class=\"elementor-widget-wrap elementor-element-populated\">\n\t\t\t\t\t\t<section class=\"elementor-section elementor-inner-section elementor-element elementor-element-608ea0c2 elementor-section-boxed elementor-section-height-default elementor-section-height-default\" data-id=\"608ea0c2\" data-element_type=\"section\">\n\t\t\t\t\t\t<div class=\"elementor-container elementor-column-gap-default\">\n\t\t\t\t\t<div class=\"elementor-column elementor-col-50 elementor-inner-column elementor-element elementor-element-1b53c923\" data-id=\"1b53c923\" data-element_type=\"column\">\n\t\t\t<div class=\"elementor-widget-wrap\">\n\t\t\t\t\t\t\t<\/div>\n\t\t<\/div>\n\t\t\t\t<div class=\"elementor-column elementor-col-50 elementor-inner-column elementor-element elementor-element-1dce1165\" data-id=\"1dce1165\" data-element_type=\"column\">\n\t\t\t<div class=\"elementor-widget-wrap\">\n\t\t\t\t\t\t\t<\/div>\n\t\t<\/div>\n\t\t\t\t\t<\/div>\n\t\t<\/section>\n\t\t\t\t\t<\/div>\n\t\t<\/div>\n\t\t\t\t\t<\/div>\n\t\t<\/section>\n\t\t\t\t<\/div>\n\t\t","protected":false},"excerpt":{"rendered":"<p>Menu Accueil Portfolio Tarifs Chamilo Ressources Contact Ludiscape PRO Ludiscape se pr\u00e9sente sous la forme d&rsquo;une palette d&rsquo;outils int\u00e9gr\u00e9e con\u00e7ue pour cr\u00e9er du contenu multim\u00e9dia, du e-learning, du mobile-learning et de jeu s\u00e9rieux. Ludiscape a \u00e9t\u00e9 con\u00e7u comme une solution de cr\u00e9ation logicielle simple et efficace et permettre de publier le contenu sur des syst\u00e8mes [&hellip;]<\/p>\n","protected":false},"author":1,"featured_media":0,"parent":584,"menu_order":0,"comment_status":"closed","ping_status":"closed","template":"","meta":{"footnotes":""},"class_list":["post-5293","page","type-page","status-publish","hentry"],"_links":{"self":[{"href":"https:\/\/www.ludiscape.com\/ressources\/wp-json\/wp\/v2\/pages\/5293","targetHints":{"allow":["GET"]}}],"collection":[{"href":"https:\/\/www.ludiscape.com\/ressources\/wp-json\/wp\/v2\/pages"}],"about":[{"href":"https:\/\/www.ludiscape.com\/ressources\/wp-json\/wp\/v2\/types\/page"}],"author":[{"embeddable":true,"href":"https:\/\/www.ludiscape.com\/ressources\/wp-json\/wp\/v2\/users\/1"}],"replies":[{"embeddable":true,"href":"https:\/\/www.ludiscape.com\/ressources\/wp-json\/wp\/v2\/comments?post=5293"}],"version-history":[{"count":25,"href":"https:\/\/www.ludiscape.com\/ressources\/wp-json\/wp\/v2\/pages\/5293\/revisions"}],"predecessor-version":[{"id":5323,"href":"https:\/\/www.ludiscape.com\/ressources\/wp-json\/wp\/v2\/pages\/5293\/revisions\/5323"}],"up":[{"embeddable":true,"href":"https:\/\/www.ludiscape.com\/ressources\/wp-json\/wp\/v2\/pages\/584"}],"wp:attachment":[{"href":"https:\/\/www.ludiscape.com\/ressources\/wp-json\/wp\/v2\/media?parent=5293"}],"curies":[{"name":"wp","href":"https:\/\/api.w.org\/{rel}","templated":true}]}}