{"id":3441,"date":"2021-04-29T08:51:34","date_gmt":"2021-04-29T06:51:34","guid":{"rendered":"https:\/\/www.ludiscape.com\/ressources\/?page_id=3441"},"modified":"2021-04-29T14:14:57","modified_gmt":"2021-04-29T12:14:57","slug":"manual-de-ludiscape","status":"publish","type":"page","link":"https:\/\/www.ludiscape.com\/ressources\/espagnol\/manual-de-ludiscape\/","title":{"rendered":"Manual de ludiscape"},"content":{"rendered":"\t\t<div data-elementor-type=\"wp-page\" data-elementor-id=\"3441\" class=\"elementor elementor-3441\" data-elementor-post-type=\"page\">\n\t\t\t\t\t\t<section class=\"elementor-section elementor-top-section elementor-element elementor-element-370d8421 elementor-section-boxed elementor-section-height-default elementor-section-height-default\" data-id=\"370d8421\" data-element_type=\"section\">\n\t\t\t\t\t\t<div class=\"elementor-container elementor-column-gap-default\">\n\t\t\t\t\t<div class=\"elementor-column elementor-col-33 elementor-top-column elementor-element elementor-element-47602d75\" data-id=\"47602d75\" data-element_type=\"column\">\n\t\t\t<div class=\"elementor-widget-wrap elementor-element-populated\">\n\t\t\t\t\t\t<div class=\"elementor-element elementor-element-cb402e8 elementor-widget elementor-widget-html\" data-id=\"cb402e8\" data-element_type=\"widget\" data-widget_type=\"html.default\">\n\t\t\t\t<div class=\"elementor-widget-container\">\n\t\t\t\t\t\r\n<header class=\"sidebar-section\">\r\n<div class=\"header-logo\">\r\n\t<a class=\"logo\" href=\"#\">\r\n\t    <img decoding=\"async\" alt=\"\" src=\"https:\/\/www.ludiscape.com\/images\/logo.png\"><\/a>\r\n<\/div>\t\t\t\r\n<a class=\"elemadded responsive-link\" href=\"#\">Menu<\/a>\r\n<div class=\"navbar-vertical\">\r\n\t<ul class=\"main-menu\">\r\n\t\t<li>\r\n\t\t<a href=\"https:\/\/www.ludiscape.com\/es\/index.php\"><i class=\"fa fa-home\"><\/i>Bienvenida<\/a>\r\n\t\t<\/li>\r\n\t\t<li>\r\n\t\t<li>\r\n\t\t<a href=\"https:\/\/www.ludiscape.com\/es\/galeria.php\"><i class=\"fa fa-briefcase\"><\/i>Galeria<\/a>\r\n\t\t<\/li>\r\n\t\t\r\n\t\t<li>\r\n\t\t<a href=\"https:\/\/www.ludiscape.com\/es\/tarifas.php\"><i class=\"fa fa-shopping-cart\"><\/i>Tienda<\/a>\r\n\t\t<\/li>\r\n\t\t\r\n        <li class=\"drop\">\r\n\t\t<a href=\"chamilo.php\">\r\n\t\t\t<i class=\"fa fa-briefcase\"><\/i>Chamilo<\/a>\r\n\t\t\t\r\n\t\t\t<ul class=\"drop-down\">\r\n\t\t\t\t\r\n\t\t\t\t<li>\r\n\t\t\t\t\t<a href=\"plugins-chamilo.html\">\r\n\t\t\t\t\tPlugins Chamilo\r\n\t\t\t\t\t<\/a>\r\n\t\t\t\t<\/li>\r\n\t\t\t\t\r\n\t\t\t\t<li>\r\n\t\t\t\t\t<a href=\"chamilo-boost.html\">\r\n\t\t\t\t\tTheme Chamilo Boost<\/a>\r\n\t\t\t\t<\/li>\r\n\t\t\t\t\r\n\t\t\t<\/ul>\r\n\t\t<\/li>\r\n\t\t\r\n\t\t<li>\r\n\t\t<a href=\"https:\/\/www.ludiscape.com\/es\/contactar.php\"><i class=\"fa fa-envelope\"><\/i>Contactar<\/a>\r\n\t\t<\/li>\r\n\t\t\r\n\t<\/ul>\r\n<\/div>\t\t\t\t\r\n<\/header>\r\n\r\n\r\n    .page-header{\r\n        text-align:center;\r\n        height: 0px;\r\n        border-bottom: none;\r\n        padding:0px;\r\n        margin:0px;\r\n    }\r\n    .page-header h1{\r\n        text-align:center;\r\n        font-size: 1px;\r\n        color:transparent;\r\n    }\r\n    .site-header{\r\n        display:none;\r\n    }\r\n\r\n\r\n\t\t\t\t<\/div>\n\t\t\t\t<\/div>\n\t\t\t\t<section class=\"elementor-section elementor-inner-section elementor-element elementor-element-126f23a9 elementor-section-boxed elementor-section-height-default elementor-section-height-default\" data-id=\"126f23a9\" data-element_type=\"section\">\n\t\t\t\t\t\t<div class=\"elementor-container elementor-column-gap-default\">\n\t\t\t\t\t<div class=\"elementor-column elementor-col-100 elementor-inner-column elementor-element elementor-element-710e9412\" data-id=\"710e9412\" data-element_type=\"column\" data-settings=\"{&quot;background_background&quot;:&quot;classic&quot;}\">\n\t\t\t<div class=\"elementor-widget-wrap elementor-element-populated\">\n\t\t\t\t\t\t<div class=\"elementor-element elementor-element-4595047e elementor-widget elementor-widget-global elementor-global-2985 elementor-widget-text-editor\" data-id=\"4595047e\" data-element_type=\"widget\" data-widget_type=\"text-editor.default\">\n\t\t\t\t<div class=\"elementor-widget-container\">\n\t\t\t\t\t\t\t\t\t<div class=\"contact-info-box\"><p><strong>Contact<\/strong><\/p><ul><li><i class=\"fa fa-phone\"><\/i>\u00a0<strong>(+34) 958 57 88 27<\/strong><\/li><li><i class=\"fa fa-envelope\"><\/i><a href=\"mailto:info@nosolored.com\" target=\"_blank\" rel=\"noopener\">info@nosolored.com<\/a><\/li><li><i class=\"fa fa-home\"><\/i>Calle Habana 17 Atico<br \/>F 18194 <strong>Churriana de la Vega <\/strong><\/li><li>(Granada &#8211; Espa\u00f1a)<\/li><li>\u00a0<\/li><\/ul><\/div>\t\t\t\t\t\t\t\t<\/div>\n\t\t\t\t<\/div>\n\t\t\t\t\t<\/div>\n\t\t<\/div>\n\t\t\t\t\t<\/div>\n\t\t<\/section>\n\t\t\t\t\t<\/div>\n\t\t<\/div>\n\t\t\t\t<div class=\"elementor-column elementor-col-66 elementor-top-column elementor-element elementor-element-11f5867f\" data-id=\"11f5867f\" data-element_type=\"column\" data-settings=\"{&quot;background_background&quot;:&quot;classic&quot;}\">\n\t\t\t<div class=\"elementor-widget-wrap elementor-element-populated\">\n\t\t\t\t\t\t<div class=\"elementor-element elementor-element-6ce637b2 elementor-widget elementor-widget-heading\" data-id=\"6ce637b2\" data-element_type=\"widget\" data-settings=\"{&quot;_animation&quot;:&quot;none&quot;}\" data-widget_type=\"heading.default\">\n\t\t\t\t<div class=\"elementor-widget-container\">\n\t\t\t\t\t<h2 class=\"elementor-heading-title elementor-size-default\">Manual de ludiscape<\/h2>\t\t\t\t<\/div>\n\t\t\t\t<\/div>\n\t\t\t\t<section class=\"elementor-section elementor-inner-section elementor-element elementor-element-403de2d2 elementor-section-boxed elementor-section-height-default elementor-section-height-default\" data-id=\"403de2d2\" data-element_type=\"section\">\n\t\t\t\t\t\t<div class=\"elementor-container elementor-column-gap-default\">\n\t\t\t\t\t<div class=\"elementor-column elementor-col-50 elementor-inner-column elementor-element elementor-element-596e37e5\" data-id=\"596e37e5\" data-element_type=\"column\">\n\t\t\t<div class=\"elementor-widget-wrap elementor-element-populated\">\n\t\t\t\t\t\t<div class=\"elementor-element elementor-element-3bcb6a1 elementor-widget elementor-widget-text-editor\" data-id=\"3bcb6a1\" data-element_type=\"widget\" data-widget_type=\"text-editor.default\">\n\t\t\t\t<div class=\"elementor-widget-container\">\n\t\t\t\t\t\t\t\t\t<h2>\u00bfQu\u00e9 es Ludiscape?<\/h2><p>Ludiscape viene en forma de una caja de herramientas integrada dise\u00f1ada para crear contenido multimedia, e-learning, aprendizaje m\u00f3vil y juegos serios. Ludiscape fue dise\u00f1ado como una soluci\u00f3n de creaci\u00f3n de software simple y eficiente y permite que el contenido se publique en sistemas LMS, SCORM y AICC.<\/p><p>Ludiscape no necesita ninguna capacidad de programador!<\/p><div class=\"options\"><div class=\"src\">\u00a0<\/div><div class=\"trg\">\u00a0<\/div><\/div>\t\t\t\t\t\t\t\t<\/div>\n\t\t\t\t<\/div>\n\t\t\t\t\t<\/div>\n\t\t<\/div>\n\t\t\t\t<div class=\"elementor-column elementor-col-50 elementor-inner-column elementor-element elementor-element-2ab5eab1\" data-id=\"2ab5eab1\" data-element_type=\"column\">\n\t\t\t<div class=\"elementor-widget-wrap elementor-element-populated\">\n\t\t\t\t\t\t<div class=\"elementor-element elementor-element-13cc8df7 elementor-widget elementor-widget-text-editor\" data-id=\"13cc8df7\" data-element_type=\"widget\" data-widget_type=\"text-editor.default\">\n\t\t\t\t<div class=\"elementor-widget-container\">\n\t\t\t\t\t\t\t\t\t<h2>Un enfoque store!<\/h2><p>Quieres cambiar de las interfaces clasicas?<\/p><p>inspirado de las applicaciones que usamos en nuestras pantallas hoy<\/p><p>la interface BOOST ofrece una experiencia diferente<\/p><ul><li><strong>Eche un vistazo pedagogico<\/strong><\/li><li><strong>Acceso a los modulos de formacion en menos de dos clic<\/strong><\/li><li><strong>Interfaz depurada<\/strong><\/li><\/ul>\t\t\t\t\t\t\t\t<\/div>\n\t\t\t\t<\/div>\n\t\t\t\t\t<\/div>\n\t\t<\/div>\n\t\t\t\t\t<\/div>\n\t\t<\/section>\n\t\t\t\t<section class=\"elementor-section elementor-inner-section elementor-element elementor-element-41387cf1 elementor-section-boxed elementor-section-height-default elementor-section-height-default\" data-id=\"41387cf1\" data-element_type=\"section\">\n\t\t\t\t\t\t<div class=\"elementor-container elementor-column-gap-default\">\n\t\t\t\t\t<div class=\"elementor-column elementor-col-50 elementor-inner-column elementor-element elementor-element-3c4fb660\" data-id=\"3c4fb660\" data-element_type=\"column\">\n\t\t\t<div class=\"elementor-widget-wrap elementor-element-populated\">\n\t\t\t\t\t\t<div class=\"elementor-element elementor-element-387ca188 elementor-widget elementor-widget-text-editor\" data-id=\"387ca188\" data-element_type=\"widget\" data-widget_type=\"text-editor.default\">\n\t\t\t\t<div class=\"elementor-widget-container\">\n\t\t\t\t\t\t\t\t\t<h2>una interacci\u00f3n rapida y simple<\/h2><p>Impresiona a los estudiantes y <span class=\"Y2IQFc\" lang=\"es\">obtenga clasificaciones m\u00e1s altas en los resultados de b\u00fasqueda con un tema que comienza a cargarse en segundos.<\/span><\/p><p>\u00a0Boost UI offrece un r<span class=\"Y2IQFc\" lang=\"es\">endimiento incomparable con unas funcionalidades excepcionales y al mismo tiempo ligero como una pluma.<\/span><\/p><p>Podria ser el tema que se carga los mas rapido en chamilo LMS<\/p>\t\t\t\t\t\t\t\t<\/div>\n\t\t\t\t<\/div>\n\t\t\t\t\t<\/div>\n\t\t<\/div>\n\t\t\t\t<div class=\"elementor-column elementor-col-50 elementor-inner-column elementor-element elementor-element-4d917065\" data-id=\"4d917065\" data-element_type=\"column\">\n\t\t\t<div class=\"elementor-widget-wrap elementor-element-populated\">\n\t\t\t\t\t\t<div class=\"elementor-element elementor-element-98fbac5 elementor-widget elementor-widget-text-editor\" data-id=\"98fbac5\" data-element_type=\"widget\" data-widget_type=\"text-editor.default\">\n\t\t\t\t<div class=\"elementor-widget-container\">\n\t\t\t\t\t\t\t\t\t<h2>vistazo de las funciones y las posibilidades del software<\/h2><p>Ludiscape es un programa de autor producido por la empresa b\u00e2tisseurs num\u00e9riques en Lyon.<br \/>es una soluci\u00f3n para los creadores de contenido educativo.<\/p><p>Se puede crear proyectos con diferente contenido, como preguntas de opcion multiples, hacer una evaluacion o tambien crear un juego serio, que es un juego con una intencion educativa.\u00a0<\/p>\t\t\t\t\t\t\t\t<\/div>\n\t\t\t\t<\/div>\n\t\t\t\t\t<\/div>\n\t\t<\/div>\n\t\t\t\t\t<\/div>\n\t\t<\/section>\n\t\t\t\t<div class=\"elementor-element elementor-element-bf7dde9 elementor-widget elementor-widget-text-editor\" data-id=\"bf7dde9\" data-element_type=\"widget\" data-widget_type=\"text-editor.default\">\n\t\t\t\t<div class=\"elementor-widget-container\">\n\t\t\t\t\t\t\t\t\t<h2>ludiscape en 7 puntos<\/h2><ul><li><span class=\"Y2IQFc\" lang=\"es\">Creaci\u00f3n r\u00e1pida de contenido educativo. <\/span><\/li><li><span class=\"Y2IQFc\" lang=\"es\">Un contenido con compatibilidad total (PC, Mac, tablet, Smartphone) <\/span><\/li><li><span class=\"Y2IQFc\" lang=\"es\">Usable en tabletas gracias a la aplicaci\u00f3n Ludiscape OffLine. <\/span><\/li><li><span class=\"Y2IQFc\" lang=\"es\">Cree aplicaciones simplemente arrastrando y soltando objetos.<\/span><\/li><li><span class=\"Y2IQFc\" lang=\"es\">Crea juegos serios con objetos nuevos y \u00fanicos. <\/span><\/li><li><span class=\"Y2IQFc\" lang=\"es\">Crea tu contenido en versi\u00f3n multiling\u00fce. Generador de aplicaciones integrado.<\/span><\/li><\/ul>\t\t\t\t\t\t\t\t<\/div>\n\t\t\t\t<\/div>\n\t\t\t\t<div class=\"elementor-element elementor-element-6c0e08da elementor-widget elementor-widget-text-editor\" data-id=\"6c0e08da\" data-element_type=\"widget\" data-widget_type=\"text-editor.default\">\n\t\t\t\t<div class=\"elementor-widget-container\">\n\t\t\t\t\t\t\t\t\t<h2><em>Caracter\u00edstica<\/em><\/h2>\n<ul>\n \t<li>Video en\u00a0 plena pantalla<\/li>\n \t<li>Tiles patrocinados<\/li>\n \t<li>Compatible SkillViewer<\/li>\n \t<li>Compatible Multi-URL<\/li>\n<\/ul>\t\t\t\t\t\t\t\t<\/div>\n\t\t\t\t<\/div>\n\t\t\t\t<section class=\"elementor-section elementor-inner-section elementor-element elementor-element-2355c38e elementor-section-boxed elementor-section-height-default elementor-section-height-default\" data-id=\"2355c38e\" data-element_type=\"section\">\n\t\t\t\t\t\t<div class=\"elementor-container elementor-column-gap-default\">\n\t\t\t\t\t<div class=\"elementor-column elementor-col-50 elementor-inner-column elementor-element elementor-element-1273b19f\" data-id=\"1273b19f\" data-element_type=\"column\">\n\t\t\t<div class=\"elementor-widget-wrap\">\n\t\t\t\t\t\t\t<\/div>\n\t\t<\/div>\n\t\t\t\t<div class=\"elementor-column elementor-col-50 elementor-inner-column elementor-element elementor-element-2488c3d4\" data-id=\"2488c3d4\" data-element_type=\"column\">\n\t\t\t<div class=\"elementor-widget-wrap elementor-element-populated\">\n\t\t\t\t\t\t\t<\/div>\n\t\t<\/div>\n\t\t\t\t\t<\/div>\n\t\t<\/section>\n\t\t\t\t\t<\/div>\n\t\t<\/div>\n\t\t\t\t\t<\/div>\n\t\t<\/section>\n\t\t\t\t<section class=\"elementor-section elementor-top-section elementor-element elementor-element-595cce47 elementor-section-boxed elementor-section-height-default elementor-section-height-default\" data-id=\"595cce47\" data-element_type=\"section\">\n\t\t\t\t\t\t<div class=\"elementor-container elementor-column-gap-default\">\n\t\t\t\t\t<div class=\"elementor-column elementor-col-100 elementor-top-column elementor-element elementor-element-79b7b2dd\" data-id=\"79b7b2dd\" data-element_type=\"column\">\n\t\t\t<div class=\"elementor-widget-wrap elementor-element-populated\">\n\t\t\t\t\t\t<section class=\"elementor-section elementor-inner-section elementor-element elementor-element-71ae7552 elementor-section-boxed elementor-section-height-default elementor-section-height-default\" data-id=\"71ae7552\" data-element_type=\"section\">\n\t\t\t\t\t\t<div class=\"elementor-container elementor-column-gap-default\">\n\t\t\t\t\t<div class=\"elementor-column elementor-col-50 elementor-inner-column elementor-element elementor-element-17ce2136\" data-id=\"17ce2136\" data-element_type=\"column\">\n\t\t\t<div class=\"elementor-widget-wrap\">\n\t\t\t\t\t\t\t<\/div>\n\t\t<\/div>\n\t\t\t\t<div class=\"elementor-column elementor-col-50 elementor-inner-column elementor-element elementor-element-13c7c9c9\" data-id=\"13c7c9c9\" data-element_type=\"column\">\n\t\t\t<div class=\"elementor-widget-wrap\">\n\t\t\t\t\t\t\t<\/div>\n\t\t<\/div>\n\t\t\t\t\t<\/div>\n\t\t<\/section>\n\t\t\t\t\t<\/div>\n\t\t<\/div>\n\t\t\t\t\t<\/div>\n\t\t<\/section>\n\t\t\t\t<\/div>\n\t\t","protected":false},"excerpt":{"rendered":"<p>Menu Bienvenida Galeria Tienda Chamilo Plugins Chamilo Theme Chamilo Boost Contactar .page-header{ text-align:center; height: 0px; border-bottom: none; padding:0px; margin:0px; } .page-header h1{ text-align:center; font-size: 1px; color:transparent; } .site-header{ display:none; } Contact +34665620306 simon.chaboud@ludiscape.com Calle Maria de Teresa, 19 3d28028 Madrid \u00a0 Manual de ludiscape \u00bfQu\u00e9 es Ludiscape? Ludiscape viene en forma de una caja de [&hellip;]<\/p>\n","protected":false},"author":1,"featured_media":0,"parent":2865,"menu_order":0,"comment_status":"closed","ping_status":"closed","template":"","meta":{"footnotes":""},"class_list":["post-3441","page","type-page","status-publish","hentry"],"_links":{"self":[{"href":"https:\/\/www.ludiscape.com\/ressources\/wp-json\/wp\/v2\/pages\/3441","targetHints":{"allow":["GET"]}}],"collection":[{"href":"https:\/\/www.ludiscape.com\/ressources\/wp-json\/wp\/v2\/pages"}],"about":[{"href":"https:\/\/www.ludiscape.com\/ressources\/wp-json\/wp\/v2\/types\/page"}],"author":[{"embeddable":true,"href":"https:\/\/www.ludiscape.com\/ressources\/wp-json\/wp\/v2\/users\/1"}],"replies":[{"embeddable":true,"href":"https:\/\/www.ludiscape.com\/ressources\/wp-json\/wp\/v2\/comments?post=3441"}],"version-history":[{"count":37,"href":"https:\/\/www.ludiscape.com\/ressources\/wp-json\/wp\/v2\/pages\/3441\/revisions"}],"predecessor-version":[{"id":3484,"href":"https:\/\/www.ludiscape.com\/ressources\/wp-json\/wp\/v2\/pages\/3441\/revisions\/3484"}],"up":[{"embeddable":true,"href":"https:\/\/www.ludiscape.com\/ressources\/wp-json\/wp\/v2\/pages\/2865"}],"wp:attachment":[{"href":"https:\/\/www.ludiscape.com\/ressources\/wp-json\/wp\/v2\/media?parent=3441"}],"curies":[{"name":"wp","href":"https:\/\/api.w.org\/{rel}","templated":true}]}}