{"id":2606,"date":"2021-01-29T10:03:15","date_gmt":"2021-01-29T09:03:15","guid":{"rendered":"https:\/\/www.ludiscape.com\/ressources\/?page_id=2606"},"modified":"2021-01-29T10:33:25","modified_gmt":"2021-01-29T09:33:25","slug":"chamilo-fence","status":"publish","type":"page","link":"https:\/\/www.ludiscape.com\/ressources\/guide-chamilo-lms\/chamilo-fence\/","title":{"rendered":"Chamilo Fence"},"content":{"rendered":"\t\t<div data-elementor-type=\"wp-page\" data-elementor-id=\"2606\" class=\"elementor elementor-2606\" data-elementor-post-type=\"page\">\n\t\t\t\t\t\t<section class=\"elementor-section elementor-top-section elementor-element elementor-element-65838a75 elementor-section-boxed elementor-section-height-default elementor-section-height-default\" data-id=\"65838a75\" data-element_type=\"section\">\n\t\t\t\t\t\t<div class=\"elementor-container elementor-column-gap-default\">\n\t\t\t\t\t<div class=\"elementor-column elementor-col-33 elementor-top-column elementor-element elementor-element-2b34d022\" data-id=\"2b34d022\" data-element_type=\"column\">\n\t\t\t<div class=\"elementor-widget-wrap elementor-element-populated\">\n\t\t\t\t\t\t<div class=\"elementor-element elementor-element-1a16a986 elementor-widget elementor-widget-global elementor-global-415 elementor-widget-html\" data-id=\"1a16a986\" data-element_type=\"widget\" data-widget_type=\"html.default\">\n\t\t\t\t<div class=\"elementor-widget-container\">\n\t\t\t\t\t<link rel=\"stylesheet\" type=\"text\/css\" href=\"https:\/\/www.ludiscape.com\/neocss\/m.css?v=21032018\" \/>\r\n<header class=\"sidebar-section\">\r\n<div class=\"header-logo\">\r\n\t<a class=\"logo\" href=\"#\">\r\n\t    <img decoding=\"async\" alt=\"\" src=\"https:\/\/www.ludiscape.com\/images\/logo.png\"><\/a>\r\n<\/div>\t\t\t\r\n<a class=\"elemadded responsive-link\" href=\"#\">Menu<\/a>\r\n<div class=\"navbar-vertical\">\r\n\t<ul class=\"main-menu\">\r\n\t\t<li>\r\n\t\t<a href=\"https:\/\/www.ludiscape.com\/index.php\"><i class=\"fa fa-home\"><\/i>Accueil<\/a>\r\n\t\t<\/li>\r\n\t\t<li>\r\n\t\t<li>\r\n\t\t<a href=\"https:\/\/www.ludiscape.com\/ressources\/exemples-elearning\/\"><i class=\"fa fa-briefcase\"><\/i>Portfolio<\/a>\r\n\t\t<\/li>\r\n\t\t\r\n\t\t<li>\r\n\t\t<a href=\"https:\/\/www.ludiscape.com\/tarifs.php\"><i class=\"fa fa-shopping-cart\"><\/i>Tarifs<\/a>\r\n\t\t<\/li>\r\n\t\t\r\n\t\t<li>\r\n\t\t<a class=\"active\" href=\"https:\/\/www.ludiscape.com\/ressources\/guide-chamilo-lms\/\">\r\n\t\t    <i class=\"fa fa-book\"><\/i>Chamilo<\/a>\r\n\t\t<\/li>\r\n\t\t\r\n\t\t<li class=\"drop\"><a  href=\"https:\/\/www.ludiscape.com\/ressources\/\">\r\n\t\t    <i class=\"fa fa-download\"><\/i>Ressources<\/a>\r\n\t\t<\/li>\r\n\t\t<li>\r\n\t\t<a href=\"https:\/\/www.ludiscape.com\/contact.php\"><i class=\"fa fa-envelope\"><\/i>Contact<\/a>\r\n\t\t<\/li>\r\n\t\t\r\n\t<\/ul>\r\n<\/div>\t\t\t\t\r\n<\/header>\r\n\r\n<style>\r\n    .page-header{\r\n        text-align:center;\r\n        height: 0px;\r\n        border-bottom: none;\r\n        padding:0px;\r\n        margin:0px;\r\n    }\r\n    .page-header h1{\r\n        text-align:center;\r\n        font-size: 1px;\r\n        color:transparent;\r\n    }\r\n    .site-header{\r\n        display:none;\r\n    }\r\n<\/style>\r\n\r\n\t\t\t\t<\/div>\n\t\t\t\t<\/div>\n\t\t\t\t<div class=\"elementor-element elementor-element-386aa302 elementor-widget elementor-widget-global elementor-global-531 elementor-widget-toggle\" data-id=\"386aa302\" data-element_type=\"widget\" data-widget_type=\"toggle.default\">\n\t\t\t\t<div class=\"elementor-widget-container\">\n\t\t\t\t\t\t\t<div class=\"elementor-toggle\">\n\t\t\t\t\t\t\t<div class=\"elementor-toggle-item\">\n\t\t\t\t\t<div id=\"elementor-tab-title-9461\" class=\"elementor-tab-title\" data-tab=\"1\" role=\"button\" aria-controls=\"elementor-tab-content-9461\" aria-expanded=\"false\">\n\t\t\t\t\t\t\t\t\t\t\t\t<span class=\"elementor-toggle-icon elementor-toggle-icon-left\" aria-hidden=\"true\">\n\t\t\t\t\t\t\t\t\t\t\t\t\t\t\t<span class=\"elementor-toggle-icon-closed\"><i class=\"fas fa-caret-right\"><\/i><\/span>\n\t\t\t\t\t\t\t\t<span class=\"elementor-toggle-icon-opened\"><i class=\"elementor-toggle-icon-opened fas fa-caret-up\"><\/i><\/span>\n\t\t\t\t\t\t\t\t\t\t\t\t\t<\/span>\n\t\t\t\t\t\t\t\t\t\t\t\t<a class=\"elementor-toggle-title\" tabindex=\"0\">Ludiscape PRO<\/a>\n\t\t\t\t\t<\/div>\n\n\t\t\t\t\t<div id=\"elementor-tab-content-9461\" class=\"elementor-tab-content elementor-clearfix\" data-tab=\"1\" role=\"region\" aria-labelledby=\"elementor-tab-title-9461\"><p class=\"rvps2\"><span class=\"rvts13\">Ludiscape se pr\u00e9sente sous la forme d&rsquo;une palette d&rsquo;outils int\u00e9gr\u00e9e con\u00e7ue pour cr\u00e9er du contenu multim\u00e9dia, du e-learning, du mobile-learning et de jeu s\u00e9rieux.<\/span><\/p><p class=\"rvps2\"><span class=\"rvts13\">Ludiscape a \u00e9t\u00e9 con\u00e7u comme une solution de cr\u00e9ation logicielle simple et efficace et permettre de publier le contenu sur des syst\u00e8mes LMS, SCORM et xApi TinCan.<\/span><\/p><p class=\"rvps2\"><span class=\"rvts13\"><a href=\"https:\/\/www.ludiscape.com\/telecharger-ludiscape.php\">T\u00e9l\u00e9charger Ludiscape<\/a><\/span><\/p><p class=\"rvps2\"><a href=\"https:\/\/www.ludiscape.com\/faq-ludiscape.php\" target=\"_blank\" rel=\"noopener\">FAQ Ludiscape<\/a><\/p><\/div>\n\t\t\t\t<\/div>\n\t\t\t\t\t\t\t<div class=\"elementor-toggle-item\">\n\t\t\t\t\t<div id=\"elementor-tab-title-9462\" class=\"elementor-tab-title\" data-tab=\"2\" role=\"button\" aria-controls=\"elementor-tab-content-9462\" aria-expanded=\"false\">\n\t\t\t\t\t\t\t\t\t\t\t\t<span class=\"elementor-toggle-icon elementor-toggle-icon-left\" aria-hidden=\"true\">\n\t\t\t\t\t\t\t\t\t\t\t\t\t\t\t<span class=\"elementor-toggle-icon-closed\"><i class=\"fas fa-caret-right\"><\/i><\/span>\n\t\t\t\t\t\t\t\t<span class=\"elementor-toggle-icon-opened\"><i class=\"elementor-toggle-icon-opened fas fa-caret-up\"><\/i><\/span>\n\t\t\t\t\t\t\t\t\t\t\t\t\t<\/span>\n\t\t\t\t\t\t\t\t\t\t\t\t<a class=\"elementor-toggle-title\" tabindex=\"0\">Chamilo LMS<\/a>\n\t\t\t\t\t<\/div>\n\n\t\t\t\t\t<div id=\"elementor-tab-content-9462\" class=\"elementor-tab-content elementor-clearfix\" data-tab=\"2\" role=\"region\" aria-labelledby=\"elementor-tab-title-9462\"><p>Chamilo est un logiciel open source de gestion de l&rsquo;apprentissage et du contenu d&rsquo;apprentissage, dont l&rsquo;objectif est d&rsquo;am\u00e9liorer l&rsquo;acc\u00e8s global \u00e0 l&rsquo;\u00e9ducation et au savoir.<\/p><p><a href=\"https:\/\/www.ludiscape.com\/chamilo\/telecharger-chamilo-lms.php\">T\u00e9l\u00e9charger Chamilo LMS<\/a><\/p><p><a href=\"https:\/\/www.ludiscape.online\/formation-chamilo.php\" target=\"_blank\" rel=\"noopener\">Groupe d&rsquo;entraide Chamilo<\/a><\/p><p><a href=\"https:\/\/www.ludiscape.com\/ressources\/resources-elearning-en\/themes-for-chamilo-lms\/\">Th\u00e8mes Chamilo LMS<\/a><\/p><p><a href=\"https:\/\/www.ludiscape.com\/ressources\/guide-chamilo-lms\/guide-creation-de-cours-en-ligne-sous-chamilo\/\">Aide Chamilo<\/a><\/p><\/div>\n\t\t\t\t<\/div>\n\t\t\t\t\t\t\t<div class=\"elementor-toggle-item\">\n\t\t\t\t\t<div id=\"elementor-tab-title-9463\" class=\"elementor-tab-title\" data-tab=\"3\" role=\"button\" aria-controls=\"elementor-tab-content-9463\" aria-expanded=\"false\">\n\t\t\t\t\t\t\t\t\t\t\t\t<span class=\"elementor-toggle-icon elementor-toggle-icon-left\" aria-hidden=\"true\">\n\t\t\t\t\t\t\t\t\t\t\t\t\t\t\t<span class=\"elementor-toggle-icon-closed\"><i class=\"fas fa-caret-right\"><\/i><\/span>\n\t\t\t\t\t\t\t\t<span class=\"elementor-toggle-icon-opened\"><i class=\"elementor-toggle-icon-opened fas fa-caret-up\"><\/i><\/span>\n\t\t\t\t\t\t\t\t\t\t\t\t\t<\/span>\n\t\t\t\t\t\t\t\t\t\t\t\t<a class=\"elementor-toggle-title\" tabindex=\"0\">Support et aide<\/a>\n\t\t\t\t\t<\/div>\n\n\t\t\t\t\t<div id=\"elementor-tab-content-9463\" class=\"elementor-tab-content elementor-clearfix\" data-tab=\"3\" role=\"region\" aria-labelledby=\"elementor-tab-title-9463\"><ul><li><a href=\"https:\/\/www.ludiscape.com\/ressources\/chamilo-support-pro\/\">Support LMS<\/a><\/li><li><a href=\"https:\/\/www.ludiscape.com\/creation-cours.php\">Support eLearning<\/a><\/li><\/ul><\/div>\n\t\t\t\t<\/div>\n\t\t\t\t\t\t\t\t<\/div>\n\t\t\t\t\t\t<\/div>\n\t\t\t\t<\/div>\n\t\t\t\t\t<\/div>\n\t\t<\/div>\n\t\t\t\t<div class=\"elementor-column elementor-col-66 elementor-top-column elementor-element elementor-element-457c2945\" data-id=\"457c2945\" data-element_type=\"column\" data-settings=\"{&quot;background_background&quot;:&quot;classic&quot;}\">\n\t\t\t<div class=\"elementor-widget-wrap elementor-element-populated\">\n\t\t\t\t\t\t<div class=\"elementor-element elementor-element-c4d73e8 elementor-widget elementor-widget-heading\" data-id=\"c4d73e8\" data-element_type=\"widget\" data-settings=\"{&quot;_animation&quot;:&quot;none&quot;}\" data-widget_type=\"heading.default\">\n\t\t\t\t<div class=\"elementor-widget-container\">\n\t\t\t\t\t<h2 class=\"elementor-heading-title elementor-size-default\">Chamilo Fence<\/h2>\t\t\t\t<\/div>\n\t\t\t\t<\/div>\n\t\t\t\t<section class=\"elementor-section elementor-inner-section elementor-element elementor-element-388d123 elementor-section-boxed elementor-section-height-default elementor-section-height-default\" data-id=\"388d123\" data-element_type=\"section\">\n\t\t\t\t\t\t<div class=\"elementor-container elementor-column-gap-default\">\n\t\t\t\t\t<div class=\"elementor-column elementor-col-50 elementor-inner-column elementor-element elementor-element-681adf04\" data-id=\"681adf04\" data-element_type=\"column\">\n\t\t\t<div class=\"elementor-widget-wrap elementor-element-populated\">\n\t\t\t\t\t\t<div class=\"elementor-element elementor-element-fdc37f7 elementor-widget elementor-widget-text-editor\" data-id=\"fdc37f7\" data-element_type=\"widget\" data-widget_type=\"text-editor.default\">\n\t\t\t\t<div class=\"elementor-widget-container\">\n\t\t\t\t\t\t\t\t\t<p>Chamilo Fence est un plugin tiers, mis en place par l&rsquo;entreprise B\u00e2tisseurs Num\u00e9riques pour contr\u00f4ler certains points de votre installation Chamilo LMS.<\/p><p>Chamilo Fence v\u00e9rifie les probl\u00e8mes de votre installation en faisant une analyse de vos fichiers et votre code et en les comparant au corrections r\u00e9centes d\u00e9clar\u00e9s par la communaut\u00e9 Chamilo (th\u00e8mes et plugins non compris).\u00a0<\/p><p><strong>Note importantes :<\/strong> Ce plug-in ne remplace en aucun cas une mise \u00e0 jour de votre plateforme Chamilo LMS. Les corrections \u00e0 faire sont mises en \u00e9vidence, mais ne sont pas corrig\u00e9es automatiquement.<\/p><p>Vous pouvez l\u2019installer pour am\u00e9liorer la s\u00e9curit\u00e9 de votre Chamilo en suivant ces quelques \u00e9tapes:<\/p><ul><li>Connectez-vous \u00e0 votre serveur Chamilo.<\/li><li>Acc\u00e9dez \u00e0 votre dossier \u201cPlugins\u201d et ajouter le dossier Chamilo Fence.<\/li><li>Installez Chamilo Fence et d\u00e9finissez votre r\u00e9gion PreFooter<\/li><\/ul>\t\t\t\t\t\t\t\t<\/div>\n\t\t\t\t<\/div>\n\t\t\t\t\t<\/div>\n\t\t<\/div>\n\t\t\t\t<div class=\"elementor-column elementor-col-50 elementor-inner-column elementor-element elementor-element-505b2e3d\" data-id=\"505b2e3d\" data-element_type=\"column\">\n\t\t\t<div class=\"elementor-widget-wrap elementor-element-populated\">\n\t\t\t\t\t\t<div class=\"elementor-element elementor-element-1fbd8f87 elementor-widget elementor-widget-image\" data-id=\"1fbd8f87\" data-element_type=\"widget\" data-widget_type=\"image.default\">\n\t\t\t\t<div class=\"elementor-widget-container\">\n\t\t\t\t\t\t\t\t\t\t\t\t\t\t\t<img fetchpriority=\"high\" decoding=\"async\" width=\"384\" height=\"151\" src=\"https:\/\/www.ludiscape.com\/ressources\/wp-content\/uploads\/2021\/01\/chamilofence.png\" class=\"attachment-large size-large wp-image-2590\" alt=\"chamilo fence\" srcset=\"https:\/\/www.ludiscape.com\/ressources\/wp-content\/uploads\/2021\/01\/chamilofence.png 384w, https:\/\/www.ludiscape.com\/ressources\/wp-content\/uploads\/2021\/01\/chamilofence-300x118.png 300w\" sizes=\"(max-width: 384px) 100vw, 384px\" \/>\t\t\t\t\t\t\t\t\t\t\t\t\t\t\t<\/div>\n\t\t\t\t<\/div>\n\t\t\t\t\t<\/div>\n\t\t<\/div>\n\t\t\t\t\t<\/div>\n\t\t<\/section>\n\t\t\t\t<div class=\"elementor-element elementor-element-e635e35 elementor-widget elementor-widget-spacer\" data-id=\"e635e35\" data-element_type=\"widget\" data-widget_type=\"spacer.default\">\n\t\t\t\t<div class=\"elementor-widget-container\">\n\t\t\t\t\t\t\t<div class=\"elementor-spacer\">\n\t\t\t<div class=\"elementor-spacer-inner\"><\/div>\n\t\t<\/div>\n\t\t\t\t\t\t<\/div>\n\t\t\t\t<\/div>\n\t\t\t\t\t<\/div>\n\t\t<\/div>\n\t\t\t\t\t<\/div>\n\t\t<\/section>\n\t\t\t\t<section class=\"elementor-section elementor-top-section elementor-element elementor-element-15da3ebd elementor-section-boxed elementor-section-height-default elementor-section-height-default\" data-id=\"15da3ebd\" data-element_type=\"section\">\n\t\t\t\t\t\t<div class=\"elementor-container elementor-column-gap-default\">\n\t\t\t\t\t<div class=\"elementor-column elementor-col-100 elementor-top-column elementor-element elementor-element-68feff9c\" data-id=\"68feff9c\" data-element_type=\"column\">\n\t\t\t<div class=\"elementor-widget-wrap elementor-element-populated\">\n\t\t\t\t\t\t<section class=\"elementor-section elementor-inner-section elementor-element elementor-element-510ddcbf elementor-section-boxed elementor-section-height-default elementor-section-height-default\" data-id=\"510ddcbf\" data-element_type=\"section\">\n\t\t\t\t\t\t<div class=\"elementor-container elementor-column-gap-default\">\n\t\t\t\t\t<div class=\"elementor-column elementor-col-50 elementor-inner-column elementor-element elementor-element-41d6904b\" data-id=\"41d6904b\" data-element_type=\"column\">\n\t\t\t<div class=\"elementor-widget-wrap\">\n\t\t\t\t\t\t\t<\/div>\n\t\t<\/div>\n\t\t\t\t<div class=\"elementor-column elementor-col-50 elementor-inner-column elementor-element elementor-element-33dd191\" data-id=\"33dd191\" data-element_type=\"column\">\n\t\t\t<div class=\"elementor-widget-wrap\">\n\t\t\t\t\t\t\t<\/div>\n\t\t<\/div>\n\t\t\t\t\t<\/div>\n\t\t<\/section>\n\t\t\t\t\t<\/div>\n\t\t<\/div>\n\t\t\t\t\t<\/div>\n\t\t<\/section>\n\t\t\t\t<\/div>\n\t\t","protected":false},"excerpt":{"rendered":"<p>Menu Accueil Galerie Tarifs Chamilo Ressources Contact Ludiscape PRO Ludiscape se pr\u00e9sente sous la forme d&rsquo;une palette d&rsquo;outils int\u00e9gr\u00e9e con\u00e7ue pour cr\u00e9er du contenu multim\u00e9dia, du e-learning, du mobile-learning et de jeu s\u00e9rieux. Ludiscape a \u00e9t\u00e9 con\u00e7u comme une solution de cr\u00e9ation logicielle simple et efficace et permettre de publier le contenu sur des syst\u00e8mes [&hellip;]<\/p>\n","protected":false},"author":1,"featured_media":2590,"parent":62,"menu_order":0,"comment_status":"closed","ping_status":"closed","template":"","meta":{"footnotes":""},"class_list":["post-2606","page","type-page","status-publish","has-post-thumbnail","hentry"],"_links":{"self":[{"href":"https:\/\/www.ludiscape.com\/ressources\/wp-json\/wp\/v2\/pages\/2606","targetHints":{"allow":["GET"]}}],"collection":[{"href":"https:\/\/www.ludiscape.com\/ressources\/wp-json\/wp\/v2\/pages"}],"about":[{"href":"https:\/\/www.ludiscape.com\/ressources\/wp-json\/wp\/v2\/types\/page"}],"author":[{"embeddable":true,"href":"https:\/\/www.ludiscape.com\/ressources\/wp-json\/wp\/v2\/users\/1"}],"replies":[{"embeddable":true,"href":"https:\/\/www.ludiscape.com\/ressources\/wp-json\/wp\/v2\/comments?post=2606"}],"version-history":[{"count":10,"href":"https:\/\/www.ludiscape.com\/ressources\/wp-json\/wp\/v2\/pages\/2606\/revisions"}],"predecessor-version":[{"id":2617,"href":"https:\/\/www.ludiscape.com\/ressources\/wp-json\/wp\/v2\/pages\/2606\/revisions\/2617"}],"up":[{"embeddable":true,"href":"https:\/\/www.ludiscape.com\/ressources\/wp-json\/wp\/v2\/pages\/62"}],"wp:featuredmedia":[{"embeddable":true,"href":"https:\/\/www.ludiscape.com\/ressources\/wp-json\/wp\/v2\/media\/2590"}],"wp:attachment":[{"href":"https:\/\/www.ludiscape.com\/ressources\/wp-json\/wp\/v2\/media?parent=2606"}],"curies":[{"name":"wp","href":"https:\/\/api.w.org\/{rel}","templated":true}]}}