{"id":2277,"date":"2020-12-01T08:52:29","date_gmt":"2020-12-01T07:52:29","guid":{"rendered":"https:\/\/www.ludiscape.com\/ressources\/?page_id=2277"},"modified":"2020-12-01T09:02:02","modified_gmt":"2020-12-01T08:02:02","slug":"voir-toutes-les-attestations-pdf-de-formation","status":"publish","type":"page","link":"https:\/\/www.ludiscape.com\/ressources\/guide-chamilo-lms\/voir-toutes-les-attestations-pdf-de-formation\/","title":{"rendered":"Voir toutes les attestations pdf de formation"},"content":{"rendered":"\t\t<div data-elementor-type=\"wp-page\" data-elementor-id=\"2277\" class=\"elementor elementor-2277\" data-elementor-post-type=\"page\">\n\t\t\t\t\t\t<section class=\"elementor-section elementor-top-section elementor-element elementor-element-70493b48 elementor-section-boxed elementor-section-height-default elementor-section-height-default\" data-id=\"70493b48\" data-element_type=\"section\">\n\t\t\t\t\t\t<div class=\"elementor-container elementor-column-gap-default\">\n\t\t\t\t\t<div class=\"elementor-column elementor-col-33 elementor-top-column elementor-element elementor-element-741c2b76\" data-id=\"741c2b76\" data-element_type=\"column\">\n\t\t\t<div class=\"elementor-widget-wrap elementor-element-populated\">\n\t\t\t\t\t\t<div class=\"elementor-element elementor-element-5cfc655a elementor-widget elementor-widget-html\" data-id=\"5cfc655a\" data-element_type=\"widget\" data-widget_type=\"html.default\">\n\t\t\t\t<div class=\"elementor-widget-container\">\n\t\t\t\t\t<link rel=\"stylesheet\" type=\"text\/css\" href=\"https:\/\/www.ludiscape.com\/neocss\/m.css?v=21032018\" \/>\r\n<header class=\"sidebar-section\">\r\n<div class=\"header-logo\">\r\n\t<a class=\"logo\" href=\"#\">\r\n\t    <img decoding=\"async\" alt=\"\" src=\"https:\/\/www.ludiscape.com\/images\/logo.png\"><\/a>\r\n<\/div>\t\t\t\r\n<a class=\"elemadded responsive-link\" href=\"#\">Menu<\/a>\r\n<div class=\"navbar-vertical\">\r\n\t<ul class=\"main-menu\">\r\n\t\t<li>\r\n\t\t<a href=\"https:\/\/www.ludiscape.com\/index.php\"><i class=\"fa fa-home\"><\/i>Accueil<\/a>\r\n\t\t<\/li>\r\n\t\t<li>\r\n\t\t<li>\r\n\t\t<a href=\"https:\/\/www.ludiscape.com\/galerie.php\"><i class=\"fa fa-briefcase\"><\/i>Galerie<\/a>\r\n\t\t<\/li>\r\n\t\t\r\n\t\t<li>\r\n\t\t<a href=\"https:\/\/www.ludiscape.com\/tarifs.php\"><i class=\"fa fa-shopping-cart\"><\/i>Tarifs<\/a>\r\n\t\t<\/li>\r\n\t\t<li class=\"drop\"><a class=\"active\" href=\"https:\/\/www.ludiscape.com\/ressources\/\">\r\n\t\t    <i class=\"fa fa-download\"><\/i>Ressources<\/a>\r\n\t\t<\/li>\r\n\t\t<li>\r\n\t\t<a href=\"https:\/\/www.ludiscape.com\/contact.php\"><i class=\"fa fa-envelope\"><\/i>Contact<\/a>\r\n\t\t<\/li>\r\n\t\t\r\n\t<\/ul>\r\n<\/div>\t\t\t\t\r\n<\/header>\r\n\r\n<style>\r\n    .page-header{\r\n        text-align:center;\r\n        height: 0px;\r\n        border-bottom: none;\r\n        padding:0px;\r\n        margin:0px;\r\n    }\r\n    .page-header h1{\r\n        text-align:center;\r\n        font-size: 1px;\r\n        color:transparent;\r\n    }\r\n    .site-header{\r\n        display:none;\r\n    }\r\n<\/style>\r\n\r\n\t\t\t\t<\/div>\n\t\t\t\t<\/div>\n\t\t\t\t<div class=\"elementor-element elementor-element-56298832 elementor-widget elementor-widget-toggle\" data-id=\"56298832\" data-element_type=\"widget\" data-widget_type=\"toggle.default\">\n\t\t\t\t<div class=\"elementor-widget-container\">\n\t\t\t\t\t\t\t<div class=\"elementor-toggle\">\n\t\t\t\t\t\t\t<div class=\"elementor-toggle-item\">\n\t\t\t\t\t<div id=\"elementor-tab-title-1441\" class=\"elementor-tab-title\" data-tab=\"1\" role=\"button\" aria-controls=\"elementor-tab-content-1441\" aria-expanded=\"false\">\n\t\t\t\t\t\t\t\t\t\t\t\t<span class=\"elementor-toggle-icon elementor-toggle-icon-left\" aria-hidden=\"true\">\n\t\t\t\t\t\t\t\t\t\t\t\t\t\t\t<span class=\"elementor-toggle-icon-closed\"><i class=\"fas fa-caret-right\"><\/i><\/span>\n\t\t\t\t\t\t\t\t<span class=\"elementor-toggle-icon-opened\"><i class=\"elementor-toggle-icon-opened fas fa-caret-up\"><\/i><\/span>\n\t\t\t\t\t\t\t\t\t\t\t\t\t<\/span>\n\t\t\t\t\t\t\t\t\t\t\t\t<a class=\"elementor-toggle-title\" tabindex=\"0\">Ludiscape PRO<\/a>\n\t\t\t\t\t<\/div>\n\n\t\t\t\t\t<div id=\"elementor-tab-content-1441\" class=\"elementor-tab-content elementor-clearfix\" data-tab=\"1\" role=\"region\" aria-labelledby=\"elementor-tab-title-1441\"><p class=\"rvps2\"><span class=\"rvts13\">Ludiscape se pr\u00e9sente sous la forme d&rsquo;une palette d&rsquo;outils int\u00e9gr\u00e9e con\u00e7ue pour cr\u00e9er du contenu multim\u00e9dia, du e-learning, du mobile-learning et de jeu s\u00e9rieux.<\/span><\/p><p class=\"rvps2\"><span class=\"rvts13\">Ludiscape a \u00e9t\u00e9 con\u00e7u comme une solution de cr\u00e9ation logicielle simple et efficace et permettre de publier le contenu sur des syst\u00e8mes LMS, SCORM et xApi TinCan.<\/span><\/p><p class=\"rvps2\"><span class=\"rvts13\"><a href=\"https:\/\/www.ludiscape.com\/telecharger-ludiscape.php\">T\u00e9l\u00e9charger Ludiscape<\/a><\/span><\/p><p class=\"rvps2\"><a href=\"https:\/\/www.ludiscape.com\/faq-ludiscape.php\" target=\"_blank\" rel=\"noopener\">FAQ Ludiscape<\/a><\/p><\/div>\n\t\t\t\t<\/div>\n\t\t\t\t\t\t\t<div class=\"elementor-toggle-item\">\n\t\t\t\t\t<div id=\"elementor-tab-title-1442\" class=\"elementor-tab-title\" data-tab=\"2\" role=\"button\" aria-controls=\"elementor-tab-content-1442\" aria-expanded=\"false\">\n\t\t\t\t\t\t\t\t\t\t\t\t<span class=\"elementor-toggle-icon elementor-toggle-icon-left\" aria-hidden=\"true\">\n\t\t\t\t\t\t\t\t\t\t\t\t\t\t\t<span class=\"elementor-toggle-icon-closed\"><i class=\"fas fa-caret-right\"><\/i><\/span>\n\t\t\t\t\t\t\t\t<span class=\"elementor-toggle-icon-opened\"><i class=\"elementor-toggle-icon-opened fas fa-caret-up\"><\/i><\/span>\n\t\t\t\t\t\t\t\t\t\t\t\t\t<\/span>\n\t\t\t\t\t\t\t\t\t\t\t\t<a class=\"elementor-toggle-title\" tabindex=\"0\">Chamilo LMS<\/a>\n\t\t\t\t\t<\/div>\n\n\t\t\t\t\t<div id=\"elementor-tab-content-1442\" class=\"elementor-tab-content elementor-clearfix\" data-tab=\"2\" role=\"region\" aria-labelledby=\"elementor-tab-title-1442\"><p>Chamilo est un logiciel open source de gestion de l&rsquo;apprentissage et du contenu d&rsquo;apprentissage, dont l&rsquo;objectif est d&rsquo;am\u00e9liorer l&rsquo;acc\u00e8s global \u00e0 l&rsquo;\u00e9ducation et au savoir.<\/p><p><a href=\"https:\/\/www.ludiscape.online\/formation-chamilo.php\" target=\"_blank\" rel=\"noopener\">Formation Chamilo LMS<\/a><\/p><p><a href=\"https:\/\/www.ludiscape.com\/chamilo\/telecharger-chamilo.php\">T\u00e9l\u00e9charger Chamilo LMS<\/a><\/p><p><a href=\"https:\/\/chamilo.org\/fr\/\" target=\"_blank\" rel=\"noopener\">Association Chamilo<\/a><\/p><\/div>\n\t\t\t\t<\/div>\n\t\t\t\t\t\t\t\t<\/div>\n\t\t\t\t\t\t<\/div>\n\t\t\t\t<\/div>\n\t\t\t\t\t<\/div>\n\t\t<\/div>\n\t\t\t\t<div class=\"elementor-column elementor-col-66 elementor-top-column elementor-element elementor-element-56a3b98e\" data-id=\"56a3b98e\" data-element_type=\"column\" data-settings=\"{&quot;background_background&quot;:&quot;classic&quot;}\">\n\t\t\t<div class=\"elementor-widget-wrap elementor-element-populated\">\n\t\t\t\t\t\t<div class=\"elementor-element elementor-element-6dfe4feb elementor-widget elementor-widget-heading\" data-id=\"6dfe4feb\" data-element_type=\"widget\" data-settings=\"{&quot;_animation&quot;:&quot;none&quot;}\" data-widget_type=\"heading.default\">\n\t\t\t\t<div class=\"elementor-widget-container\">\n\t\t\t\t\t<h2 class=\"elementor-heading-title elementor-size-default\">Voir l'int\u00e9gralit\u00e9 des attestations au format PDF<\/h2>\t\t\t\t<\/div>\n\t\t\t\t<\/div>\n\t\t\t\t<section class=\"elementor-section elementor-inner-section elementor-element elementor-element-176a5ba6 elementor-section-boxed elementor-section-height-default elementor-section-height-default\" data-id=\"176a5ba6\" data-element_type=\"section\">\n\t\t\t\t\t\t<div class=\"elementor-container elementor-column-gap-default\">\n\t\t\t\t\t<div class=\"elementor-column elementor-col-100 elementor-inner-column elementor-element elementor-element-35e676bc\" data-id=\"35e676bc\" data-element_type=\"column\">\n\t\t\t<div class=\"elementor-widget-wrap elementor-element-populated\">\n\t\t\t\t\t\t<div class=\"elementor-element elementor-element-257d25f0 elementor-widget elementor-widget-text-editor\" data-id=\"257d25f0\" data-element_type=\"widget\" data-widget_type=\"text-editor.default\">\n\t\t\t\t<div class=\"elementor-widget-container\">\n\t\t\t\t\t\t\t\t\t<p>Avec votre compte tuteur d&rsquo;apprenants vous pouvez voir l&rsquo;int\u00e9gralit\u00e9 des attestations de votre \u00e9quipe \u00e0 l&rsquo;aide de cette ic\u00f4ne.<\/p><p>\u00a0<\/p>\t\t\t\t\t\t\t\t<\/div>\n\t\t\t\t<\/div>\n\t\t\t\t<div class=\"elementor-element elementor-element-2e042408 elementor-widget elementor-widget-image\" data-id=\"2e042408\" data-element_type=\"widget\" data-widget_type=\"image.default\">\n\t\t\t\t<div class=\"elementor-widget-container\">\n\t\t\t\t\t\t\t\t\t\t\t\t\t\t\t<img fetchpriority=\"high\" decoding=\"async\" width=\"409\" height=\"192\" src=\"https:\/\/www.ludiscape.com\/ressources\/wp-content\/uploads\/2020\/12\/attestation-de-formation-au-format-pdf.jpg\" class=\"attachment-large size-large wp-image-2279\" alt=\"\" srcset=\"https:\/\/www.ludiscape.com\/ressources\/wp-content\/uploads\/2020\/12\/attestation-de-formation-au-format-pdf.jpg 409w, https:\/\/www.ludiscape.com\/ressources\/wp-content\/uploads\/2020\/12\/attestation-de-formation-au-format-pdf-300x141.jpg 300w\" sizes=\"(max-width: 409px) 100vw, 409px\" \/>\t\t\t\t\t\t\t\t\t\t\t\t\t\t\t<\/div>\n\t\t\t\t<\/div>\n\t\t\t\t\t<\/div>\n\t\t<\/div>\n\t\t\t\t\t<\/div>\n\t\t<\/section>\n\t\t\t\t<section class=\"elementor-section elementor-inner-section elementor-element elementor-element-88a0fac elementor-section-boxed elementor-section-height-default elementor-section-height-default\" data-id=\"88a0fac\" data-element_type=\"section\">\n\t\t\t\t\t\t<div class=\"elementor-container elementor-column-gap-default\">\n\t\t\t\t\t<div class=\"elementor-column elementor-col-100 elementor-inner-column elementor-element elementor-element-7830f1d1\" data-id=\"7830f1d1\" data-element_type=\"column\">\n\t\t\t<div class=\"elementor-widget-wrap elementor-element-populated\">\n\t\t\t\t\t\t<div class=\"elementor-element elementor-element-8125b7a elementor-widget elementor-widget-image\" data-id=\"8125b7a\" data-element_type=\"widget\" data-widget_type=\"image.default\">\n\t\t\t\t<div class=\"elementor-widget-container\">\n\t\t\t\t\t\t\t\t\t\t\t\t\t\t\t<img decoding=\"async\" width=\"800\" height=\"493\" src=\"https:\/\/www.ludiscape.com\/ressources\/wp-content\/uploads\/2020\/12\/liste-des-attestations-de-formation-chamilo-lms-1024x631.jpg\" class=\"attachment-large size-large wp-image-2290\" alt=\"\" srcset=\"https:\/\/www.ludiscape.com\/ressources\/wp-content\/uploads\/2020\/12\/liste-des-attestations-de-formation-chamilo-lms-1024x631.jpg 1024w, https:\/\/www.ludiscape.com\/ressources\/wp-content\/uploads\/2020\/12\/liste-des-attestations-de-formation-chamilo-lms-300x185.jpg 300w, https:\/\/www.ludiscape.com\/ressources\/wp-content\/uploads\/2020\/12\/liste-des-attestations-de-formation-chamilo-lms-768x473.jpg 768w, https:\/\/www.ludiscape.com\/ressources\/wp-content\/uploads\/2020\/12\/liste-des-attestations-de-formation-chamilo-lms.jpg 1093w\" sizes=\"(max-width: 800px) 100vw, 800px\" \/>\t\t\t\t\t\t\t\t\t\t\t\t\t\t\t<\/div>\n\t\t\t\t<\/div>\n\t\t\t\t<div class=\"elementor-element elementor-element-7f3d5f40 elementor-widget elementor-widget-text-editor\" data-id=\"7f3d5f40\" data-element_type=\"widget\" data-widget_type=\"text-editor.default\">\n\t\t\t\t<div class=\"elementor-widget-container\">\n\t\t\t\t\t\t\t\t\t<p>Le but est d&rsquo;avoir la possibilit\u00e9 de t\u00e9l\u00e9charger la totalit\u00e9 des documents g\u00e9n\u00e9r\u00e9s pendant la p\u00e9riode de formation.\u00a0<\/p>\t\t\t\t\t\t\t\t<\/div>\n\t\t\t\t<\/div>\n\t\t\t\t\t<\/div>\n\t\t<\/div>\n\t\t\t\t\t<\/div>\n\t\t<\/section>\n\t\t\t\t<div class=\"elementor-element elementor-element-766610e1 elementor-widget elementor-widget-spacer\" data-id=\"766610e1\" data-element_type=\"widget\" data-widget_type=\"spacer.default\">\n\t\t\t\t<div class=\"elementor-widget-container\">\n\t\t\t\t\t\t\t<div class=\"elementor-spacer\">\n\t\t\t<div class=\"elementor-spacer-inner\"><\/div>\n\t\t<\/div>\n\t\t\t\t\t\t<\/div>\n\t\t\t\t<\/div>\n\t\t\t\t<div class=\"elementor-element elementor-element-43ed6da3 elementor-widget-divider--view-line elementor-widget elementor-widget-divider\" data-id=\"43ed6da3\" data-element_type=\"widget\" data-widget_type=\"divider.default\">\n\t\t\t\t<div class=\"elementor-widget-container\">\n\t\t\t\t\t\t\t<div class=\"elementor-divider\">\n\t\t\t<span class=\"elementor-divider-separator\">\n\t\t\t\t\t\t<\/span>\n\t\t<\/div>\n\t\t\t\t\t\t<\/div>\n\t\t\t\t<\/div>\n\t\t\t\t<div class=\"elementor-element elementor-element-a729170 elementor-widget elementor-widget-heading\" data-id=\"a729170\" data-element_type=\"widget\" data-widget_type=\"heading.default\">\n\t\t\t\t<div class=\"elementor-widget-container\">\n\t\t\t\t\t<h2 class=\"elementor-heading-title elementor-size-default\">Int\u00e9gration technique de la fonction<\/h2>\t\t\t\t<\/div>\n\t\t\t\t<\/div>\n\t\t\t\t<div class=\"elementor-element elementor-element-95c13cb elementor-widget elementor-widget-text-editor\" data-id=\"95c13cb\" data-element_type=\"widget\" data-widget_type=\"text-editor.default\">\n\t\t\t\t<div class=\"elementor-widget-container\">\n\t\t\t\t\t\t\t\t\t<p>Cette fonction n&rsquo;est disponible qu&rsquo;apr\u00e8s avoir correctement install\u00e9 le plugin chamilo_process_doc.<\/p><div><div>\u00a0<\/div><div>===<\/div><div>This\u00a0plugin\u00a0is\u00a0only\u00a0compatible\u00a0with\u00a0Chamilo\u00a0version\u00a01.11.x\u00a0and\u00a0above.<\/div><br \/><div>This\u00a0plugin\u00a0allows\u00a0you\u00a0to\u00a0create\u00a0H5P\u00a0resources\u00a0directly\u00a0from\u00a0inside\u00a0Chamilo,<\/div><div>using\u00a0the\u00a0Open\u00a0Source\u00a0H5P\u00a0library.<\/div><br \/><div>To\u00a0enable:<\/div><div>*\u00a0install\u00a0the\u00a0plugin<\/div><div>*\u00a0mark\u00a0it\u00a0as\u00a0\u00ab\u00a0enabled\u00a0\u00bb\u00a0(inside\u00a0the\u00a0plugin\u00a0configuration\u00a0page)<\/div><div>*\u00a0set\u00a0the\u00a0plugin\u00a0to\u00a0the\u00a0region\u00a0\u00ab\u00a0pre_footer\u00a0\u00bb<\/div><div>*\u00a0change\u00a0permissions\u00a0on\u00a0disk\u00a0for\u00a0the\u00a0plugin\/h5p\/cache-h5p\/launch\u00a0folder\u00a0to\u00a0be\u00a0writeable\u00a0by\u00a0the\u00a0web\u00a0server<\/div><br \/><div>Once\u00a0enabled,\u00a0permissions\u00a0granted\u00a0for\u00a0the\u00a0web\u00a0server\u00a0to\u00a0write\u00a0in\u00a0plugin\/h5p\/cache-h5p\/launch\/\u00a0<\/div><div>and\u00a0the\u00a0pre_footer\u00a0region\u00a0set\u00a0for\u00a0the\u00a0plugin,\u00a0a\u00a0new\u00a0H5P\u00a0logo\u00a0will\u00a0appear\u00a0in\u00a0the\u00a0<\/div><div>document\u00a0creation\u00a0section,\u00a0exclusively\u00a0in\u00a0the\u00a0learning\u00a0path\u00a0document\u00a0creation<\/div><div>interface\u00a0(don&rsquo;t\u00a0look\u00a0for\u00a0it\u00a0anywhere\u00a0else\u00a0at\u00a0this\u00a0point).<\/div><br \/><div>However,\u00a0it\u00a0is\u00a0still\u00a0very\u00a0limited\u00a0at\u00a0this\u00a0stage:\u00a0the\u00a0H5P\u00a0files\u00a0are\u00a0created\u00a0in\u00a0a<\/div><div>common\u00a0directory\u00a0for\u00a0all\u00a0teachers.\u00a0This\u00a0means\u00a0all\u00a0teachers\u00a0can\u00a0re-use\u00a0contents\u00a0of<\/div><div>others\u00a0(which\u00a0is\u00a0good)\u00a0but\u00a0also\u00a0that\u00a0all\u00a0teachers\u00a0can\u00a0remove\u00a0contents\u00a0of\u00a0others<\/div><div>(which\u00a0is\u00a0bad).<\/div><br \/><div>We\u00a0hope\u00a0to\u00a0be\u00a0improving\u00a0this\u00a0in\u00a0the\u00a0future,\u00a0but\u00a0we\u00a0will\u00a0not\u00a0be\u00a0able,\u00a0in\u00a0future<\/div><div>versions,\u00a0to\u00a0assign\u00a0content\u00a0created\u00a0in\u00a0this\u00a0version\u00a0to\u00a0the\u00a0correct\u00a0teacher.<\/div><br \/><div>We\u00a0suggest\u00a0you\u00a0consider\u00a0this\u00a0plugin\u00a0as\u00a0a\u00a0Beta\u00a0version.<\/div><br \/><div>Install\u00a0Hooks\u00a0:<\/div><div>===<\/div><div>main\/gradebook\/my_certificates.php<\/div><br \/><div>After\u00a0this\u00a0line<\/div><div>$sessionList\u00a0=\u00a0GradebookUtils::getUserCertificatesInSessions($userId);<\/div><br \/><div>\/\/Hook_extras\u00a0add\u00a0my\u00a0documents<\/div><div>if(file_exists(api_get_path(SYS_PLUGIN_PATH).&rsquo;\/chamilo_process_doc\/hook_extras.php&rsquo;)){<\/div><div>\u00a0\u00a0\u00a0\u00a0require_once\u00a0api_get_path(SYS_PLUGIN_PATH).&rsquo;\/chamilo_process_doc\/hook_extras.php&rsquo;;<\/div><div>\u00a0\u00a0\u00a0\u00a0$courseList\u00a0=\u00a0getUserCustomProcessDoc($userId,$courseList);<\/div><div>}<\/div><br \/><br \/><div>main\\mySpace\\student.php<\/div><br \/><br \/><div>$this_section\u00a0=\u00a0SECTION_TRACKING;<\/div><br \/><div>\/\/\u00a0Hook_extras\u00a0add\u00a0my\u00a0documents<\/div><div>If\u00a0(file_exists(api_get_path(SYS_PLUGIN_PATH).&rsquo;\/chamilo_process_doc\/hook_extras.php&rsquo;)){<\/div><div>require_once\u00a0api_get_path(SYS_PLUGIN_PATH).&rsquo;\/chamilo_process_doc\/hook_extras.php&rsquo;;<\/div><div>echo\u00a0getTutorDocumentsLink();<\/div><div>}<\/div><\/div>\t\t\t\t\t\t\t\t<\/div>\n\t\t\t\t<\/div>\n\t\t\t\t<div class=\"elementor-element elementor-element-76ce3b60 elementor-widget-divider--view-line elementor-widget elementor-widget-divider\" data-id=\"76ce3b60\" data-element_type=\"widget\" data-widget_type=\"divider.default\">\n\t\t\t\t<div class=\"elementor-widget-container\">\n\t\t\t\t\t\t\t<div class=\"elementor-divider\">\n\t\t\t<span class=\"elementor-divider-separator\">\n\t\t\t\t\t\t<\/span>\n\t\t<\/div>\n\t\t\t\t\t\t<\/div>\n\t\t\t\t<\/div>\n\t\t\t\t\t<\/div>\n\t\t<\/div>\n\t\t\t\t\t<\/div>\n\t\t<\/section>\n\t\t\t\t<section class=\"elementor-section elementor-top-section elementor-element elementor-element-5548ce63 elementor-section-boxed elementor-section-height-default elementor-section-height-default\" data-id=\"5548ce63\" data-element_type=\"section\">\n\t\t\t\t\t\t<div class=\"elementor-container elementor-column-gap-default\">\n\t\t\t\t\t<div class=\"elementor-column elementor-col-100 elementor-top-column elementor-element elementor-element-18c0218b\" data-id=\"18c0218b\" data-element_type=\"column\">\n\t\t\t<div class=\"elementor-widget-wrap elementor-element-populated\">\n\t\t\t\t\t\t<section class=\"elementor-section elementor-inner-section elementor-element elementor-element-7c157436 elementor-section-boxed elementor-section-height-default elementor-section-height-default\" data-id=\"7c157436\" data-element_type=\"section\">\n\t\t\t\t\t\t<div class=\"elementor-container elementor-column-gap-default\">\n\t\t\t\t\t<div class=\"elementor-column elementor-col-50 elementor-inner-column elementor-element elementor-element-4673454c\" data-id=\"4673454c\" data-element_type=\"column\">\n\t\t\t<div class=\"elementor-widget-wrap\">\n\t\t\t\t\t\t\t<\/div>\n\t\t<\/div>\n\t\t\t\t<div class=\"elementor-column elementor-col-50 elementor-inner-column elementor-element elementor-element-f94cd9b\" data-id=\"f94cd9b\" data-element_type=\"column\">\n\t\t\t<div class=\"elementor-widget-wrap\">\n\t\t\t\t\t\t\t<\/div>\n\t\t<\/div>\n\t\t\t\t\t<\/div>\n\t\t<\/section>\n\t\t\t\t\t<\/div>\n\t\t<\/div>\n\t\t\t\t\t<\/div>\n\t\t<\/section>\n\t\t\t\t<\/div>\n\t\t","protected":false},"excerpt":{"rendered":"<p>Menu Accueil Galerie Tarifs Ressources Contact Ludiscape PRO Ludiscape se pr\u00e9sente sous la forme d&rsquo;une palette d&rsquo;outils int\u00e9gr\u00e9e con\u00e7ue pour cr\u00e9er du contenu multim\u00e9dia, du e-learning, du mobile-learning et de jeu s\u00e9rieux. Ludiscape a \u00e9t\u00e9 con\u00e7u comme une solution de cr\u00e9ation logicielle simple et efficace et permettre de publier le contenu sur des syst\u00e8mes LMS, [&hellip;]<\/p>\n","protected":false},"author":1,"featured_media":0,"parent":62,"menu_order":0,"comment_status":"closed","ping_status":"closed","template":"","meta":{"footnotes":""},"class_list":["post-2277","page","type-page","status-publish","hentry"],"_links":{"self":[{"href":"https:\/\/www.ludiscape.com\/ressources\/wp-json\/wp\/v2\/pages\/2277","targetHints":{"allow":["GET"]}}],"collection":[{"href":"https:\/\/www.ludiscape.com\/ressources\/wp-json\/wp\/v2\/pages"}],"about":[{"href":"https:\/\/www.ludiscape.com\/ressources\/wp-json\/wp\/v2\/types\/page"}],"author":[{"embeddable":true,"href":"https:\/\/www.ludiscape.com\/ressources\/wp-json\/wp\/v2\/users\/1"}],"replies":[{"embeddable":true,"href":"https:\/\/www.ludiscape.com\/ressources\/wp-json\/wp\/v2\/comments?post=2277"}],"version-history":[{"count":13,"href":"https:\/\/www.ludiscape.com\/ressources\/wp-json\/wp\/v2\/pages\/2277\/revisions"}],"predecessor-version":[{"id":2293,"href":"https:\/\/www.ludiscape.com\/ressources\/wp-json\/wp\/v2\/pages\/2277\/revisions\/2293"}],"up":[{"embeddable":true,"href":"https:\/\/www.ludiscape.com\/ressources\/wp-json\/wp\/v2\/pages\/62"}],"wp:attachment":[{"href":"https:\/\/www.ludiscape.com\/ressources\/wp-json\/wp\/v2\/media?parent=2277"}],"curies":[{"name":"wp","href":"https:\/\/api.w.org\/{rel}","templated":true}]}}