{"id":1154,"date":"2020-01-23T12:27:18","date_gmt":"2020-01-23T11:27:18","guid":{"rendered":"https:\/\/www.ludiscape.com\/ressources\/?page_id=1154"},"modified":"2020-01-30T08:24:48","modified_gmt":"2020-01-30T07:24:48","slug":"chamilo-gestion-des-langues","status":"publish","type":"page","link":"https:\/\/www.ludiscape.com\/ressources\/guide-chamilo-lms\/chamilo-gestion-des-langues\/","title":{"rendered":"Chamilo : Gestion des Langues"},"content":{"rendered":"\t\t<div data-elementor-type=\"wp-page\" data-elementor-id=\"1154\" class=\"elementor elementor-1154\" data-elementor-post-type=\"page\">\n\t\t\t\t\t\t<section class=\"elementor-section elementor-top-section elementor-element elementor-element-3d3fce77 elementor-section-boxed elementor-section-height-default elementor-section-height-default\" data-id=\"3d3fce77\" data-element_type=\"section\">\n\t\t\t\t\t\t<div class=\"elementor-container elementor-column-gap-default\">\n\t\t\t\t\t<div class=\"elementor-column elementor-col-33 elementor-top-column elementor-element elementor-element-70602276\" data-id=\"70602276\" data-element_type=\"column\">\n\t\t\t<div class=\"elementor-widget-wrap elementor-element-populated\">\n\t\t\t\t\t\t<div class=\"elementor-element elementor-element-783f4ea elementor-widget elementor-widget-global elementor-global-415 elementor-widget-html\" data-id=\"783f4ea\" data-element_type=\"widget\" data-widget_type=\"html.default\">\n\t\t\t\t<div class=\"elementor-widget-container\">\n\t\t\t\t\t<link rel=\"stylesheet\" type=\"text\/css\" href=\"https:\/\/www.ludiscape.com\/neocss\/m.css?v=21032018\" \/>\r\n<header class=\"sidebar-section\">\r\n<div class=\"header-logo\">\r\n\t<a class=\"logo\" href=\"#\">\r\n\t    <img decoding=\"async\" alt=\"\" src=\"https:\/\/www.ludiscape.com\/images\/logo.png\"><\/a>\r\n<\/div>\t\t\t\r\n<a class=\"elemadded responsive-link\" href=\"#\">Menu<\/a>\r\n<div class=\"navbar-vertical\">\r\n\t<ul class=\"main-menu\">\r\n\t\t<li>\r\n\t\t<a href=\"https:\/\/www.ludiscape.com\/index.php\"><i class=\"fa fa-home\"><\/i>Accueil<\/a>\r\n\t\t<\/li>\r\n\t\t<li>\r\n\t\t<li>\r\n\t\t<a href=\"https:\/\/www.ludiscape.com\/ressources\/exemples-elearning\/\"><i class=\"fa fa-briefcase\"><\/i>Portfolio<\/a>\r\n\t\t<\/li>\r\n\t\t\r\n\t\t<li>\r\n\t\t<a href=\"https:\/\/www.ludiscape.com\/tarifs.php\"><i class=\"fa fa-shopping-cart\"><\/i>Tarifs<\/a>\r\n\t\t<\/li>\r\n\t\t\r\n\t\t<li>\r\n\t\t<a class=\"active\" href=\"https:\/\/www.ludiscape.com\/ressources\/guide-chamilo-lms\/\">\r\n\t\t    <i class=\"fa fa-book\"><\/i>Chamilo<\/a>\r\n\t\t<\/li>\r\n\t\t\r\n\t\t<li class=\"drop\"><a  href=\"https:\/\/www.ludiscape.com\/ressources\/\">\r\n\t\t    <i class=\"fa fa-download\"><\/i>Ressources<\/a>\r\n\t\t<\/li>\r\n\t\t<li>\r\n\t\t<a href=\"https:\/\/www.ludiscape.com\/contact.php\"><i class=\"fa fa-envelope\"><\/i>Contact<\/a>\r\n\t\t<\/li>\r\n\t\t\r\n\t<\/ul>\r\n<\/div>\t\t\t\t\r\n<\/header>\r\n\r\n<style>\r\n    .page-header{\r\n        text-align:center;\r\n        height: 0px;\r\n        border-bottom: none;\r\n        padding:0px;\r\n        margin:0px;\r\n    }\r\n    .page-header h1{\r\n        text-align:center;\r\n        font-size: 1px;\r\n        color:transparent;\r\n    }\r\n    .site-header{\r\n        display:none;\r\n    }\r\n<\/style>\r\n\r\n\t\t\t\t<\/div>\n\t\t\t\t<\/div>\n\t\t\t\t<div class=\"elementor-element elementor-element-1871f9ed elementor-widget elementor-widget-toggle\" data-id=\"1871f9ed\" data-element_type=\"widget\" data-widget_type=\"toggle.default\">\n\t\t\t\t<div class=\"elementor-widget-container\">\n\t\t\t\t\t\t\t<div class=\"elementor-toggle\">\n\t\t\t\t\t\t\t<div class=\"elementor-toggle-item\">\n\t\t\t\t\t<div id=\"elementor-tab-title-4101\" class=\"elementor-tab-title\" data-tab=\"1\" role=\"button\" aria-controls=\"elementor-tab-content-4101\" aria-expanded=\"false\">\n\t\t\t\t\t\t\t\t\t\t\t\t<span class=\"elementor-toggle-icon elementor-toggle-icon-left\" aria-hidden=\"true\">\n\t\t\t\t\t\t\t\t\t\t\t\t\t\t\t<span class=\"elementor-toggle-icon-closed\"><i class=\"fas fa-caret-right\"><\/i><\/span>\n\t\t\t\t\t\t\t\t<span class=\"elementor-toggle-icon-opened\"><i class=\"elementor-toggle-icon-opened fas fa-caret-up\"><\/i><\/span>\n\t\t\t\t\t\t\t\t\t\t\t\t\t<\/span>\n\t\t\t\t\t\t\t\t\t\t\t\t<a class=\"elementor-toggle-title\" tabindex=\"0\">Ludiscape PRO<\/a>\n\t\t\t\t\t<\/div>\n\n\t\t\t\t\t<div id=\"elementor-tab-content-4101\" class=\"elementor-tab-content elementor-clearfix\" data-tab=\"1\" role=\"region\" aria-labelledby=\"elementor-tab-title-4101\"><p class=\"rvps2\"><span class=\"rvts13\">Ludiscape se pr\u00e9sente sous la forme d&rsquo;une palette d&rsquo;outils int\u00e9gr\u00e9e con\u00e7ue pour cr\u00e9er du contenu multim\u00e9dia, du e-learning, du mobile-learning et de jeu s\u00e9rieux.<\/span><\/p><p class=\"rvps2\"><span class=\"rvts13\">Ludiscape a \u00e9t\u00e9 con\u00e7u comme une solution de cr\u00e9ation logicielle simple et efficace et permettre de publier le contenu sur des syst\u00e8mes LMS, SCORM et xApi TinCan.<\/span><\/p><p class=\"rvps2\"><span class=\"rvts13\"><a href=\"https:\/\/www.ludiscape.com\/telecharger-ludiscape.php\">T\u00e9l\u00e9charger Ludiscape<\/a><\/span><\/p><p class=\"rvps2\"><a href=\"https:\/\/www.ludiscape.com\/faq-ludiscape.php\" target=\"_blank\" rel=\"noopener\">FAQ Ludiscape<\/a><\/p><\/div>\n\t\t\t\t<\/div>\n\t\t\t\t\t\t\t<div class=\"elementor-toggle-item\">\n\t\t\t\t\t<div id=\"elementor-tab-title-4102\" class=\"elementor-tab-title\" data-tab=\"2\" role=\"button\" aria-controls=\"elementor-tab-content-4102\" aria-expanded=\"false\">\n\t\t\t\t\t\t\t\t\t\t\t\t<span class=\"elementor-toggle-icon elementor-toggle-icon-left\" aria-hidden=\"true\">\n\t\t\t\t\t\t\t\t\t\t\t\t\t\t\t<span class=\"elementor-toggle-icon-closed\"><i class=\"fas fa-caret-right\"><\/i><\/span>\n\t\t\t\t\t\t\t\t<span class=\"elementor-toggle-icon-opened\"><i class=\"elementor-toggle-icon-opened fas fa-caret-up\"><\/i><\/span>\n\t\t\t\t\t\t\t\t\t\t\t\t\t<\/span>\n\t\t\t\t\t\t\t\t\t\t\t\t<a class=\"elementor-toggle-title\" tabindex=\"0\">Chamilo LMS<\/a>\n\t\t\t\t\t<\/div>\n\n\t\t\t\t\t<div id=\"elementor-tab-content-4102\" class=\"elementor-tab-content elementor-clearfix\" data-tab=\"2\" role=\"region\" aria-labelledby=\"elementor-tab-title-4102\"><p>Chamilo est un logiciel open source de gestion de l&rsquo;apprentissage et du contenu d&rsquo;apprentissage, dont l&rsquo;objectif est d&rsquo;am\u00e9liorer l&rsquo;acc\u00e8s global \u00e0 l&rsquo;\u00e9ducation et au savoir.<\/p><p><a href=\"https:\/\/www.ludiscape.online\/formation-chamilo.php\" target=\"_blank\" rel=\"noopener\">Formation Chamilo LMS<\/a><\/p><p><a href=\"https:\/\/www.ludiscape.com\/chamilo\/telecharger-chamilo.php\">T\u00e9l\u00e9charger Chamilo LMS<\/a><\/p><p><a href=\"https:\/\/chamilo.org\/fr\/\" target=\"_blank\" rel=\"noopener\">Association Chamilo<\/a><\/p><\/div>\n\t\t\t\t<\/div>\n\t\t\t\t\t\t\t\t<\/div>\n\t\t\t\t\t\t<\/div>\n\t\t\t\t<\/div>\n\t\t\t\t\t<\/div>\n\t\t<\/div>\n\t\t\t\t<div class=\"elementor-column elementor-col-66 elementor-top-column elementor-element elementor-element-3759635f\" data-id=\"3759635f\" data-element_type=\"column\" data-settings=\"{&quot;background_background&quot;:&quot;classic&quot;}\">\n\t\t\t<div class=\"elementor-widget-wrap elementor-element-populated\">\n\t\t\t\t\t\t<div class=\"elementor-element elementor-element-4f36ac5 elementor-widget elementor-widget-heading\" data-id=\"4f36ac5\" data-element_type=\"widget\" data-settings=\"{&quot;_animation&quot;:&quot;none&quot;}\" data-widget_type=\"heading.default\">\n\t\t\t\t<div class=\"elementor-widget-container\">\n\t\t\t\t\t<h1 class=\"elementor-heading-title elementor-size-default\">Gestion des langues dans Chamilo LMS<\/h1>\t\t\t\t<\/div>\n\t\t\t\t<\/div>\n\t\t\t\t<section class=\"elementor-section elementor-inner-section elementor-element elementor-element-3113b55a elementor-section-boxed elementor-section-height-default elementor-section-height-default\" data-id=\"3113b55a\" data-element_type=\"section\">\n\t\t\t\t\t\t<div class=\"elementor-container elementor-column-gap-default\">\n\t\t\t\t\t<div class=\"elementor-column elementor-col-100 elementor-inner-column elementor-element elementor-element-30e2ad2e\" data-id=\"30e2ad2e\" data-element_type=\"column\">\n\t\t\t<div class=\"elementor-widget-wrap elementor-element-populated\">\n\t\t\t\t\t\t<div class=\"elementor-element elementor-element-249ff3c7 elementor-widget elementor-widget-text-editor\" data-id=\"249ff3c7\" data-element_type=\"widget\" data-widget_type=\"text-editor.default\">\n\t\t\t\t<div class=\"elementor-widget-container\">\n\t\t\t\t\t\t\t\t\t<p>Commen\u00e7ons d\u2019abord par dire que la mise en place d\u2019un site Chamilo LMS multilingue est simple.<\/p><p>Cependant\u00a0 il y a soudainement beaucoup de questions qui se posent lorsqu\u2019il s\u2019agit de savoir comment livrer votre contenu elearning en plusieurs langues.<\/p><p>Avoir un site dans la langue maternelle va automatiquement se traduire par une bien meilleure exp\u00e9rience des apprenants. De plus, une meilleure exp\u00e9rience utilisateur peut avoir une incidence sur tous les aspects de vos taux d&rsquo;engagement, du temps pass\u00e9 sur la plateforme.<\/p><p>Nous esp\u00e9rons pouvoir r\u00e9pondre \u00e0 certaines de ces questions et dissiper vos doutes. Car il y a un avantage certain \u00e0 avoir un site multilingue.<\/p>\t\t\t\t\t\t\t\t<\/div>\n\t\t\t\t<\/div>\n\t\t\t\t<div class=\"elementor-element elementor-element-20e2de35 elementor-widget elementor-widget-image\" data-id=\"20e2de35\" data-element_type=\"widget\" data-widget_type=\"image.default\">\n\t\t\t\t<div class=\"elementor-widget-container\">\n\t\t\t\t\t\t\t\t\t\t\t\t\t\t\t<img decoding=\"async\" width=\"606\" height=\"65\" src=\"https:\/\/www.ludiscape.com\/ressources\/wp-content\/uploads\/2020\/01\/gestion-des-langues-chamilo-lms.jpg\" class=\"attachment-full size-full wp-image-1158\" alt=\"\" srcset=\"https:\/\/www.ludiscape.com\/ressources\/wp-content\/uploads\/2020\/01\/gestion-des-langues-chamilo-lms.jpg 606w, https:\/\/www.ludiscape.com\/ressources\/wp-content\/uploads\/2020\/01\/gestion-des-langues-chamilo-lms-300x32.jpg 300w\" sizes=\"(max-width: 606px) 100vw, 606px\" \/>\t\t\t\t\t\t\t\t\t\t\t\t\t\t\t<\/div>\n\t\t\t\t<\/div>\n\t\t\t\t\t<\/div>\n\t\t<\/div>\n\t\t\t\t\t<\/div>\n\t\t<\/section>\n\t\t\t\t<section class=\"elementor-section elementor-inner-section elementor-element elementor-element-58d9cdfc elementor-section-boxed elementor-section-height-default elementor-section-height-default\" data-id=\"58d9cdfc\" data-element_type=\"section\">\n\t\t\t\t\t\t<div class=\"elementor-container elementor-column-gap-default\">\n\t\t\t\t\t<div class=\"elementor-column elementor-col-100 elementor-inner-column elementor-element elementor-element-63eb2075\" data-id=\"63eb2075\" data-element_type=\"column\">\n\t\t\t<div class=\"elementor-widget-wrap elementor-element-populated\">\n\t\t\t\t\t\t<div class=\"elementor-element elementor-element-3292b9 elementor-widget elementor-widget-text-editor\" data-id=\"3292b9\" data-element_type=\"widget\" data-widget_type=\"text-editor.default\">\n\t\t\t\t<div class=\"elementor-widget-container\">\n\t\t\t\t\t\t\t\t\t<h4><u>Param\u00e8tres<\/u><strong><span style=\"text-decoration: underline;\">\u00a0de base :<\/span><\/strong><\/h4><ul><li><strong>A<\/strong> langue de plateforme en mode \u00ab\u00a0non connect\u00e9\u00a0\u00bb<\/li><li><strong>B<\/strong> en cas de non traduction ont peux ajouter un marquage<\/li><li><strong>C<\/strong> Autoriser le jargon<\/li><\/ul>\t\t\t\t\t\t\t\t<\/div>\n\t\t\t\t<\/div>\n\t\t\t\t\t<\/div>\n\t\t<\/div>\n\t\t\t\t\t<\/div>\n\t\t<\/section>\n\t\t\t\t<section class=\"elementor-section elementor-inner-section elementor-element elementor-element-465118b6 elementor-section-boxed elementor-section-height-default elementor-section-height-default\" data-id=\"465118b6\" data-element_type=\"section\">\n\t\t\t\t\t\t<div class=\"elementor-container elementor-column-gap-default\">\n\t\t\t\t\t<div class=\"elementor-column elementor-col-100 elementor-inner-column elementor-element elementor-element-22535428\" data-id=\"22535428\" data-element_type=\"column\">\n\t\t\t<div class=\"elementor-widget-wrap elementor-element-populated\">\n\t\t\t\t\t\t<div class=\"elementor-element elementor-element-662ddff0 elementor-widget elementor-widget-image\" data-id=\"662ddff0\" data-element_type=\"widget\" data-widget_type=\"image.default\">\n\t\t\t\t<div class=\"elementor-widget-container\">\n\t\t\t\t\t\t\t\t\t\t\t\t\t\t\t<img fetchpriority=\"high\" decoding=\"async\" width=\"800\" height=\"372\" src=\"https:\/\/www.ludiscape.com\/ressources\/wp-content\/uploads\/2020\/01\/gestion-des-langues-chamilo-lms-params.jpg\" class=\"attachment-large size-large wp-image-1160\" alt=\"\" srcset=\"https:\/\/www.ludiscape.com\/ressources\/wp-content\/uploads\/2020\/01\/gestion-des-langues-chamilo-lms-params.jpg 901w, https:\/\/www.ludiscape.com\/ressources\/wp-content\/uploads\/2020\/01\/gestion-des-langues-chamilo-lms-params-300x140.jpg 300w, https:\/\/www.ludiscape.com\/ressources\/wp-content\/uploads\/2020\/01\/gestion-des-langues-chamilo-lms-params-768x357.jpg 768w\" sizes=\"(max-width: 800px) 100vw, 800px\" \/>\t\t\t\t\t\t\t\t\t\t\t\t\t\t\t<\/div>\n\t\t\t\t<\/div>\n\t\t\t\t\t<\/div>\n\t\t<\/div>\n\t\t\t\t\t<\/div>\n\t\t<\/section>\n\t\t\t\t\t<\/div>\n\t\t<\/div>\n\t\t\t\t\t<\/div>\n\t\t<\/section>\n\t\t\t\t<section class=\"elementor-section elementor-top-section elementor-element elementor-element-7661114b elementor-section-boxed elementor-section-height-default elementor-section-height-default\" data-id=\"7661114b\" data-element_type=\"section\">\n\t\t\t\t\t\t<div class=\"elementor-container elementor-column-gap-default\">\n\t\t\t\t\t<div class=\"elementor-column elementor-col-100 elementor-top-column elementor-element elementor-element-213d0c50\" data-id=\"213d0c50\" data-element_type=\"column\">\n\t\t\t<div class=\"elementor-widget-wrap elementor-element-populated\">\n\t\t\t\t\t\t<section class=\"elementor-section elementor-inner-section elementor-element elementor-element-6d19047f elementor-section-boxed elementor-section-height-default elementor-section-height-default\" data-id=\"6d19047f\" data-element_type=\"section\">\n\t\t\t\t\t\t<div class=\"elementor-container elementor-column-gap-default\">\n\t\t\t\t\t<div class=\"elementor-column elementor-col-50 elementor-inner-column elementor-element elementor-element-df255bc\" data-id=\"df255bc\" data-element_type=\"column\">\n\t\t\t<div class=\"elementor-widget-wrap\">\n\t\t\t\t\t\t\t<\/div>\n\t\t<\/div>\n\t\t\t\t<div class=\"elementor-column elementor-col-50 elementor-inner-column elementor-element elementor-element-1033315b\" data-id=\"1033315b\" data-element_type=\"column\">\n\t\t\t<div class=\"elementor-widget-wrap\">\n\t\t\t\t\t\t\t<\/div>\n\t\t<\/div>\n\t\t\t\t\t<\/div>\n\t\t<\/section>\n\t\t\t\t\t<\/div>\n\t\t<\/div>\n\t\t\t\t\t<\/div>\n\t\t<\/section>\n\t\t\t\t<\/div>\n\t\t","protected":false},"excerpt":{"rendered":"<p>Menu Accueil Galerie Tarifs Ressources Contact Ludiscape PRO Ludiscape se pr\u00e9sente sous la forme d&rsquo;une palette d&rsquo;outils int\u00e9gr\u00e9e con\u00e7ue pour cr\u00e9er du contenu multim\u00e9dia, du e-learning, du mobile-learning et de jeu s\u00e9rieux. Ludiscape a \u00e9t\u00e9 con\u00e7u comme une solution de cr\u00e9ation logicielle simple et efficace et permettre de publier le contenu sur des syst\u00e8mes LMS, [&hellip;]<\/p>\n","protected":false},"author":1,"featured_media":0,"parent":62,"menu_order":0,"comment_status":"closed","ping_status":"closed","template":"","meta":{"footnotes":""},"class_list":["post-1154","page","type-page","status-publish","hentry"],"_links":{"self":[{"href":"https:\/\/www.ludiscape.com\/ressources\/wp-json\/wp\/v2\/pages\/1154","targetHints":{"allow":["GET"]}}],"collection":[{"href":"https:\/\/www.ludiscape.com\/ressources\/wp-json\/wp\/v2\/pages"}],"about":[{"href":"https:\/\/www.ludiscape.com\/ressources\/wp-json\/wp\/v2\/types\/page"}],"author":[{"embeddable":true,"href":"https:\/\/www.ludiscape.com\/ressources\/wp-json\/wp\/v2\/users\/1"}],"replies":[{"embeddable":true,"href":"https:\/\/www.ludiscape.com\/ressources\/wp-json\/wp\/v2\/comments?post=1154"}],"version-history":[{"count":9,"href":"https:\/\/www.ludiscape.com\/ressources\/wp-json\/wp\/v2\/pages\/1154\/revisions"}],"predecessor-version":[{"id":1331,"href":"https:\/\/www.ludiscape.com\/ressources\/wp-json\/wp\/v2\/pages\/1154\/revisions\/1331"}],"up":[{"embeddable":true,"href":"https:\/\/www.ludiscape.com\/ressources\/wp-json\/wp\/v2\/pages\/62"}],"wp:attachment":[{"href":"https:\/\/www.ludiscape.com\/ressources\/wp-json\/wp\/v2\/media?parent=1154"}],"curies":[{"name":"wp","href":"https:\/\/api.w.org\/{rel}","templated":true}]}}