{"id":1020,"date":"2019-12-18T14:00:27","date_gmt":"2019-12-18T13:00:27","guid":{"rendered":"https:\/\/www.ludiscape.com\/ressources\/?page_id=1020"},"modified":"2019-12-18T14:28:18","modified_gmt":"2019-12-18T13:28:18","slug":"la-plateforme-coop-learning","status":"publish","type":"page","link":"https:\/\/www.ludiscape.com\/ressources\/la-plateforme-coop-learning\/","title":{"rendered":"La plateforme Coop-Learning"},"content":{"rendered":"\t\t<div data-elementor-type=\"wp-page\" data-elementor-id=\"1020\" class=\"elementor elementor-1020\" data-elementor-post-type=\"page\">\n\t\t\t\t\t\t<section class=\"elementor-section elementor-top-section elementor-element elementor-element-6526be91 elementor-section-boxed elementor-section-height-default elementor-section-height-default\" data-id=\"6526be91\" data-element_type=\"section\">\n\t\t\t\t\t\t<div class=\"elementor-container elementor-column-gap-default\">\n\t\t\t\t\t<div class=\"elementor-column elementor-col-33 elementor-top-column elementor-element elementor-element-cbaca71\" data-id=\"cbaca71\" data-element_type=\"column\">\n\t\t\t<div class=\"elementor-widget-wrap elementor-element-populated\">\n\t\t\t\t\t\t<div class=\"elementor-element elementor-element-49ce215d elementor-widget elementor-widget-html\" data-id=\"49ce215d\" data-element_type=\"widget\" data-widget_type=\"html.default\">\n\t\t\t\t<div class=\"elementor-widget-container\">\n\t\t\t\t\t<link rel=\"stylesheet\" type=\"text\/css\" href=\"https:\/\/www.ludiscape.com\/neocss\/m.css?v=21032018\" \/>\r\n<header class=\"sidebar-section\">\r\n<div class=\"header-logo\">\r\n\t<a class=\"logo\" href=\"#\">\r\n\t    <img decoding=\"async\" alt=\"\" src=\"https:\/\/www.ludiscape.com\/images\/logo.png\"><\/a>\r\n<\/div>\t\t\t\r\n<a class=\"elemadded responsive-link\" href=\"#\">Menu<\/a>\r\n<div class=\"navbar-vertical\">\r\n\t<ul class=\"main-menu\">\r\n\t\t<li>\r\n\t\t<a href=\"https:\/\/www.ludiscape.com\/index.php\"><i class=\"fa fa-home\"><\/i>Accueil<\/a>\r\n\t\t<\/li>\r\n\t\t<li>\r\n\t\t<li>\r\n\t\t<a href=\"https:\/\/www.ludiscape.com\/galerie.php\"><i class=\"fa fa-briefcase\"><\/i>Galerie<\/a>\r\n\t\t<\/li>\r\n\t\t\r\n\t\t<li>\r\n\t\t<a href=\"https:\/\/www.ludiscape.com\/tarifs.php\"><i class=\"fa fa-shopping-cart\"><\/i>Tarifs<\/a>\r\n\t\t<\/li>\r\n\t\t<li class=\"drop\"><a class=\"active\" href=\"index.php\">\r\n\t\t    <i class=\"fa fa-download\"><\/i>Ressources<\/a>\r\n\t\t<\/li>\r\n\t\t<li>\r\n\t\t<a href=\"https:\/\/www.ludiscape.com\/contact.php\"><i class=\"fa fa-envelope\"><\/i>Contact<\/a>\r\n\t\t<\/li>\r\n\t\t\r\n\t<\/ul>\r\n<\/div>\t\t\t\t\r\n<\/header>\r\n\r\n<style>\r\n    .page-header{\r\n        text-align:center;\r\n        height: 0px;\r\n        border-bottom: none;\r\n        padding:0px;\r\n        margin:0px;\r\n    }\r\n    .page-header h1{\r\n        text-align:center;\r\n        font-size: 1px;\r\n        color:transparent;\r\n    }\r\n    .site-header{\r\n        display:none;\r\n    }\r\n<\/style>\r\n\r\n\t\t\t\t<\/div>\n\t\t\t\t<\/div>\n\t\t\t\t<div class=\"elementor-element elementor-element-9100ebd elementor-widget elementor-widget-toggle\" data-id=\"9100ebd\" data-element_type=\"widget\" data-widget_type=\"toggle.default\">\n\t\t\t\t<div class=\"elementor-widget-container\">\n\t\t\t\t\t\t\t<div class=\"elementor-toggle\">\n\t\t\t\t\t\t\t<div class=\"elementor-toggle-item\">\n\t\t\t\t\t<div id=\"elementor-tab-title-1521\" class=\"elementor-tab-title\" data-tab=\"1\" role=\"button\" aria-controls=\"elementor-tab-content-1521\" aria-expanded=\"false\">\n\t\t\t\t\t\t\t\t\t\t\t\t<span class=\"elementor-toggle-icon elementor-toggle-icon-left\" aria-hidden=\"true\">\n\t\t\t\t\t\t\t\t\t\t\t\t\t\t\t<span class=\"elementor-toggle-icon-closed\"><i class=\"fas fa-caret-right\"><\/i><\/span>\n\t\t\t\t\t\t\t\t<span class=\"elementor-toggle-icon-opened\"><i class=\"elementor-toggle-icon-opened fas fa-caret-up\"><\/i><\/span>\n\t\t\t\t\t\t\t\t\t\t\t\t\t<\/span>\n\t\t\t\t\t\t\t\t\t\t\t\t<a class=\"elementor-toggle-title\" tabindex=\"0\">Ludiscape PRO<\/a>\n\t\t\t\t\t<\/div>\n\n\t\t\t\t\t<div id=\"elementor-tab-content-1521\" class=\"elementor-tab-content elementor-clearfix\" data-tab=\"1\" role=\"region\" aria-labelledby=\"elementor-tab-title-1521\"><p class=\"rvps2\"><span class=\"rvts13\">Ludiscape se pr\u00e9sente sous la forme d&rsquo;une palette d&rsquo;outils int\u00e9gr\u00e9e con\u00e7ue pour cr\u00e9er du contenu multim\u00e9dia, du e-learning, du mobile-learning et de jeu s\u00e9rieux.<\/span><\/p><p class=\"rvps2\"><span class=\"rvts13\">Ludiscape a \u00e9t\u00e9 con\u00e7u comme une solution de cr\u00e9ation logicielle simple et efficace et permettre de publier le contenu sur des syst\u00e8mes LMS, SCORM et xApi TinCan.<\/span><\/p><p class=\"rvps2\"><span class=\"rvts13\"><a href=\"https:\/\/www.ludiscape.com\/telecharger-ludiscape.php\">T\u00e9l\u00e9charger Ludiscape<\/a><\/span><\/p><p class=\"rvps2\"><a href=\"https:\/\/www.ludiscape.com\/faq-ludiscape.php\" target=\"_blank\" rel=\"noopener\">FAQ Ludiscape<\/a><\/p><\/div>\n\t\t\t\t<\/div>\n\t\t\t\t\t\t\t<div class=\"elementor-toggle-item\">\n\t\t\t\t\t<div id=\"elementor-tab-title-1522\" class=\"elementor-tab-title\" data-tab=\"2\" role=\"button\" aria-controls=\"elementor-tab-content-1522\" aria-expanded=\"false\">\n\t\t\t\t\t\t\t\t\t\t\t\t<span class=\"elementor-toggle-icon elementor-toggle-icon-left\" aria-hidden=\"true\">\n\t\t\t\t\t\t\t\t\t\t\t\t\t\t\t<span class=\"elementor-toggle-icon-closed\"><i class=\"fas fa-caret-right\"><\/i><\/span>\n\t\t\t\t\t\t\t\t<span class=\"elementor-toggle-icon-opened\"><i class=\"elementor-toggle-icon-opened fas fa-caret-up\"><\/i><\/span>\n\t\t\t\t\t\t\t\t\t\t\t\t\t<\/span>\n\t\t\t\t\t\t\t\t\t\t\t\t<a class=\"elementor-toggle-title\" tabindex=\"0\">Chamilo LMS<\/a>\n\t\t\t\t\t<\/div>\n\n\t\t\t\t\t<div id=\"elementor-tab-content-1522\" class=\"elementor-tab-content elementor-clearfix\" data-tab=\"2\" role=\"region\" aria-labelledby=\"elementor-tab-title-1522\"><p>Chamilo est un logiciel open source de gestion de l&rsquo;apprentissage et du contenu d&rsquo;apprentissage, dont l&rsquo;objectif est d&rsquo;am\u00e9liorer l&rsquo;acc\u00e8s global \u00e0 l&rsquo;\u00e9ducation et au savoir.<\/p><p><a href=\"https:\/\/www.ludiscape.online\/formation-chamilo.php\" target=\"_blank\" rel=\"noopener\">Formation Chamilo LMS<\/a><\/p><p><a href=\"https:\/\/www.ludiscape.com\/chamilo\/telecharger-chamilo.php\">T\u00e9l\u00e9charger Chamilo LMS<\/a><\/p><p><a href=\"https:\/\/chamilo.org\/fr\/\" target=\"_blank\" rel=\"noopener\">Association Chamilo<\/a><\/p><\/div>\n\t\t\t\t<\/div>\n\t\t\t\t\t\t\t\t<\/div>\n\t\t\t\t\t\t<\/div>\n\t\t\t\t<\/div>\n\t\t\t\t\t<\/div>\n\t\t<\/div>\n\t\t\t\t<div class=\"elementor-column elementor-col-66 elementor-top-column elementor-element elementor-element-330e79fa\" data-id=\"330e79fa\" data-element_type=\"column\" data-settings=\"{&quot;background_background&quot;:&quot;classic&quot;}\">\n\t\t\t<div class=\"elementor-widget-wrap elementor-element-populated\">\n\t\t\t\t\t\t<div class=\"elementor-element elementor-element-483fc57f elementor-widget elementor-widget-heading\" data-id=\"483fc57f\" data-element_type=\"widget\" data-settings=\"{&quot;_animation&quot;:&quot;none&quot;}\" data-widget_type=\"heading.default\">\n\t\t\t\t<div class=\"elementor-widget-container\">\n\t\t\t\t\t<h2 class=\"elementor-heading-title elementor-size-default\">La plateforme Co-Apprendre<\/h2>\t\t\t\t<\/div>\n\t\t\t\t<\/div>\n\t\t\t\t<section class=\"elementor-section elementor-inner-section elementor-element elementor-element-529dca65 elementor-section-boxed elementor-section-height-default elementor-section-height-default\" data-id=\"529dca65\" data-element_type=\"section\">\n\t\t\t\t\t\t<div class=\"elementor-container elementor-column-gap-default\">\n\t\t\t\t\t<div class=\"elementor-column elementor-col-100 elementor-inner-column elementor-element elementor-element-6afa3c09\" data-id=\"6afa3c09\" data-element_type=\"column\">\n\t\t\t<div class=\"elementor-widget-wrap elementor-element-populated\">\n\t\t\t\t\t\t<div class=\"elementor-element elementor-element-55b408af elementor-widget elementor-widget-heading\" data-id=\"55b408af\" data-element_type=\"widget\" data-widget_type=\"heading.default\">\n\t\t\t\t<div class=\"elementor-widget-container\">\n\t\t\t\t\t<h3 class=\"elementor-heading-title elementor-size-default\">Le syst\u00e8me de gestion des apprentissages pour votre projet<\/h3>\t\t\t\t<\/div>\n\t\t\t\t<\/div>\n\t\t\t\t\t<\/div>\n\t\t<\/div>\n\t\t\t\t\t<\/div>\n\t\t<\/section>\n\t\t\t\t<section class=\"elementor-section elementor-inner-section elementor-element elementor-element-7f3bbf25 elementor-section-boxed elementor-section-height-default elementor-section-height-default\" data-id=\"7f3bbf25\" data-element_type=\"section\">\n\t\t\t\t\t\t<div class=\"elementor-container elementor-column-gap-default\">\n\t\t\t\t\t<div class=\"elementor-column elementor-col-50 elementor-inner-column elementor-element elementor-element-78fc767d\" data-id=\"78fc767d\" data-element_type=\"column\">\n\t\t\t<div class=\"elementor-widget-wrap elementor-element-populated\">\n\t\t\t\t\t\t<div class=\"elementor-element elementor-element-55c7e37 elementor-widget elementor-widget-text-editor\" data-id=\"55c7e37\" data-element_type=\"widget\" data-widget_type=\"text-editor.default\">\n\t\t\t\t<div class=\"elementor-widget-container\">\n\t\t\t\t\t\t\t\t\t<p>Vous d\u00e9sirez une plateforme qui tient compte de vos habitudes et de vos pr\u00e9f\u00e9rences d\u2019utilisation?<\/p><p>On a con\u00e7u Co-Apprendre avec l\u2019utilisateur en t\u00eate pour vous simplifier la vie et vous offrir des exp\u00e9riences d\u2019apprentissages \u00e0 la hauteur de vos attentes. Avec lui, vous allez voir, former devient plus simple.<\/p><p>Avec Co-Apprendre, profitez d\u2019une plateforme avec toutes les fonctionnalit\u00e9s dont vous avez besoin. Des fonctionnalit\u00e9s con\u00e7ues pour offrir une grande simplicit\u00e9 d\u2019utilisation et vous fournir des \u00e9l\u00e9ments qui rendent la vie de votre organisation plus simple. Une plateforme o\u00f9 vos apprenants, vos formateurs et vos administrateurs ont tout sous la main pour accomplir leurs t\u00e2ches avec facilit\u00e9 \u2014 et aimer le faire.<\/p><p>Parce que g\u00e9rer, pr\u00e9parer et suivre vos formations devrait \u00eatre simple et adapt\u00e9 \u00e0 vos r\u00e9alit\u00e9s<\/p>\t\t\t\t\t\t\t\t<\/div>\n\t\t\t\t<\/div>\n\t\t\t\t\t<\/div>\n\t\t<\/div>\n\t\t\t\t<div class=\"elementor-column elementor-col-50 elementor-inner-column elementor-element elementor-element-196d6aad\" data-id=\"196d6aad\" data-element_type=\"column\">\n\t\t\t<div class=\"elementor-widget-wrap\">\n\t\t\t\t\t\t\t<\/div>\n\t\t<\/div>\n\t\t\t\t\t<\/div>\n\t\t<\/section>\n\t\t\t\t<section class=\"elementor-section elementor-inner-section elementor-element elementor-element-20616afa elementor-section-boxed elementor-section-height-default elementor-section-height-default\" data-id=\"20616afa\" data-element_type=\"section\">\n\t\t\t\t\t\t<div class=\"elementor-container elementor-column-gap-default\">\n\t\t\t\t\t<div class=\"elementor-column elementor-col-100 elementor-inner-column elementor-element elementor-element-6eb71162\" data-id=\"6eb71162\" data-element_type=\"column\">\n\t\t\t<div class=\"elementor-widget-wrap elementor-element-populated\">\n\t\t\t\t\t\t<div class=\"elementor-element elementor-element-6304ebf3 elementor-widget elementor-widget-heading\" data-id=\"6304ebf3\" data-element_type=\"widget\" data-widget_type=\"heading.default\">\n\t\t\t\t<div class=\"elementor-widget-container\">\n\t\t\t\t\t<h3 class=\"elementor-heading-title elementor-size-default\">Les outils de Coop\u00e9tition<\/h3>\t\t\t\t<\/div>\n\t\t\t\t<\/div>\n\t\t\t\t\t<\/div>\n\t\t<\/div>\n\t\t\t\t\t<\/div>\n\t\t<\/section>\n\t\t\t\t<section class=\"elementor-section elementor-inner-section elementor-element elementor-element-1b4020d4 elementor-section-boxed elementor-section-height-default elementor-section-height-default\" data-id=\"1b4020d4\" data-element_type=\"section\">\n\t\t\t\t\t\t<div class=\"elementor-container elementor-column-gap-default\">\n\t\t\t\t\t<div class=\"elementor-column elementor-col-100 elementor-inner-column elementor-element elementor-element-6cd5327d\" data-id=\"6cd5327d\" data-element_type=\"column\">\n\t\t\t<div class=\"elementor-widget-wrap elementor-element-populated\">\n\t\t\t\t\t\t<div class=\"elementor-element elementor-element-1be3480b elementor-widget elementor-widget-text-editor\" data-id=\"1be3480b\" data-element_type=\"widget\" data-widget_type=\"text-editor.default\">\n\t\t\t\t<div class=\"elementor-widget-container\">\n\t\t\t\t\t\t\t\t\t<p>Co-Apprendre\u200b a \u00e9t\u00e9 cr\u00e9\u00e9 pour fournir de l&rsquo;aide au sein m\u00eame de l&rsquo;application. Les ic\u00f4nes ont \u00e9t\u00e9 con\u00e7ue pour symboliser ce qu&rsquo;elles repr\u00e9sentent, ind\u00e9pendamment de la langue ou de la culture de l&rsquo;utilisateur.<\/p><p>Enfin, chaque ic\u00f4ne offre une br\u00e8ve description de son fonctionnement qui s&rsquo;affiche au moment de passer par-dessus avec le curseur de la souris (sans cliquer).<\/p>\t\t\t\t\t\t\t\t<\/div>\n\t\t\t\t<\/div>\n\t\t\t\t\t<\/div>\n\t\t<\/div>\n\t\t\t\t\t<\/div>\n\t\t<\/section>\n\t\t\t\t<section class=\"elementor-section elementor-inner-section elementor-element elementor-element-fb4a1fd elementor-section-boxed elementor-section-height-default elementor-section-height-default\" data-id=\"fb4a1fd\" data-element_type=\"section\">\n\t\t\t\t\t\t<div class=\"elementor-container elementor-column-gap-default\">\n\t\t\t\t\t<div class=\"elementor-column elementor-col-100 elementor-inner-column elementor-element elementor-element-3abbb85\" data-id=\"3abbb85\" data-element_type=\"column\">\n\t\t\t<div class=\"elementor-widget-wrap elementor-element-populated\">\n\t\t\t\t\t\t<div class=\"elementor-element elementor-element-6bf7f95 elementor-widget elementor-widget-heading\" data-id=\"6bf7f95\" data-element_type=\"widget\" data-widget_type=\"heading.default\">\n\t\t\t\t<div class=\"elementor-widget-container\">\n\t\t\t\t\t<h3 class=\"elementor-heading-title elementor-size-default\">Des outils volontairement ludiques<\/h3>\t\t\t\t<\/div>\n\t\t\t\t<\/div>\n\t\t\t\t\t<\/div>\n\t\t<\/div>\n\t\t\t\t\t<\/div>\n\t\t<\/section>\n\t\t\t\t<section class=\"elementor-section elementor-inner-section elementor-element elementor-element-dbb0a75 elementor-section-boxed elementor-section-height-default elementor-section-height-default\" data-id=\"dbb0a75\" data-element_type=\"section\">\n\t\t\t\t\t\t<div class=\"elementor-container elementor-column-gap-default\">\n\t\t\t\t\t<div class=\"elementor-column elementor-col-100 elementor-inner-column elementor-element elementor-element-e108582\" data-id=\"e108582\" data-element_type=\"column\">\n\t\t\t<div class=\"elementor-widget-wrap elementor-element-populated\">\n\t\t\t\t\t\t<div class=\"elementor-element elementor-element-50bf6ad elementor-widget elementor-widget-heading\" data-id=\"50bf6ad\" data-element_type=\"widget\" data-widget_type=\"heading.default\">\n\t\t\t\t<div class=\"elementor-widget-container\">\n\t\t\t\t\t<h3 class=\"elementor-heading-title elementor-size-default\">Le coaching automatique des apprenants<\/h3>\t\t\t\t<\/div>\n\t\t\t\t<\/div>\n\t\t\t\t\t<\/div>\n\t\t<\/div>\n\t\t\t\t\t<\/div>\n\t\t<\/section>\n\t\t\t\t<section class=\"elementor-section elementor-inner-section elementor-element elementor-element-e8fb46c elementor-section-boxed elementor-section-height-default elementor-section-height-default\" data-id=\"e8fb46c\" data-element_type=\"section\">\n\t\t\t\t\t\t<div class=\"elementor-container elementor-column-gap-default\">\n\t\t\t\t\t<div class=\"elementor-column elementor-col-100 elementor-inner-column elementor-element elementor-element-6dbc9b8\" data-id=\"6dbc9b8\" data-element_type=\"column\">\n\t\t\t<div class=\"elementor-widget-wrap elementor-element-populated\">\n\t\t\t\t\t\t<div class=\"elementor-element elementor-element-d795aaa elementor-widget elementor-widget-heading\" data-id=\"d795aaa\" data-element_type=\"widget\" data-widget_type=\"heading.default\">\n\t\t\t\t<div class=\"elementor-widget-container\">\n\t\t\t\t\t<h3 class=\"elementor-heading-title elementor-size-default\">Une plateforme ax\u00e9e sur les comp\u00e9tences<\/h3>\t\t\t\t<\/div>\n\t\t\t\t<\/div>\n\t\t\t\t\t<\/div>\n\t\t<\/div>\n\t\t\t\t\t<\/div>\n\t\t<\/section>\n\t\t\t\t<section class=\"elementor-section elementor-inner-section elementor-element elementor-element-5c381ac elementor-section-boxed elementor-section-height-default elementor-section-height-default\" data-id=\"5c381ac\" data-element_type=\"section\">\n\t\t\t\t\t\t<div class=\"elementor-container elementor-column-gap-default\">\n\t\t\t\t\t<div class=\"elementor-column elementor-col-100 elementor-inner-column elementor-element elementor-element-e8766ca\" data-id=\"e8766ca\" data-element_type=\"column\">\n\t\t\t<div class=\"elementor-widget-wrap elementor-element-populated\">\n\t\t\t\t\t\t<div class=\"elementor-element elementor-element-f912149 elementor-widget elementor-widget-heading\" data-id=\"f912149\" data-element_type=\"widget\" data-widget_type=\"heading.default\">\n\t\t\t\t<div class=\"elementor-widget-container\">\n\t\t\t\t\t<h3 class=\"elementor-heading-title elementor-size-default\">Licence publique de l'Union europ\u00e9enne &amp; GPLv3<\/h3>\t\t\t\t<\/div>\n\t\t\t\t<\/div>\n\t\t\t\t\t<\/div>\n\t\t<\/div>\n\t\t\t\t\t<\/div>\n\t\t<\/section>\n\t\t\t\t<section class=\"elementor-section elementor-inner-section elementor-element elementor-element-bf1310b elementor-section-boxed elementor-section-height-default elementor-section-height-default\" data-id=\"bf1310b\" data-element_type=\"section\">\n\t\t\t\t\t\t<div class=\"elementor-container elementor-column-gap-default\">\n\t\t\t\t\t<div class=\"elementor-column elementor-col-100 elementor-inner-column elementor-element elementor-element-ae27b8e\" data-id=\"ae27b8e\" data-element_type=\"column\">\n\t\t\t<div class=\"elementor-widget-wrap elementor-element-populated\">\n\t\t\t\t\t\t<div class=\"elementor-element elementor-element-a1ec636 elementor-widget elementor-widget-text-editor\" data-id=\"a1ec636\" data-element_type=\"widget\" data-widget_type=\"text-editor.default\">\n\t\t\t\t<div class=\"elementor-widget-container\">\n\t\t\t\t\t\t\t\t\t<p>La licence a pour objectif d&rsquo;\u00eatre conforme aux diff\u00e9rents droits d&rsquo;auteur \u00e9tablie dans les 27 pays de l&rsquo;Union Europ\u00e9enne, lesquels utilisent principalement cette licence, afin de communiquer.<\/p><p>De plus, elle vise \u00e0 pr\u00e9server l&rsquo;interop\u00e9rabilit\u00e9 (il s&rsquo;agit de la capacit\u00e9 de mat\u00e9riels, de logiciels ou de protocoles diff\u00e9rents \u00e0 fonctionner ensemble et \u00e0 partager des informations) avec les autres logiciels <i>opensource<\/i>, tels que ceux de la licence GNU, notamment avec des logiciels dont les administrations ont besoin \u00e9galement. Chaque pays membre peut alors jouir et partage des diff\u00e9rents logiciels qui sont sous cette licence EUPL. Le fait qu&rsquo;elle soit opensource permet au licenci\u00e9 de l&rsquo;utiliser, de l&rsquo;analyser et de l&rsquo;adapter \u00e0 ses besoins ainsi que de redistribuer le logiciel.<\/p><p>La licence EUPL est \u00e0 la fois\u00a0<i>copyleft<\/i>\u00a0(le\u00a0<i>copyleft<\/i>\u00a0est une m\u00e9thode qui permet de rendre libre un programme et amener les versions issues de ce programme \u00e0 \u00eatre libres \u00e9galement) et compatible. Le principe du\u00a0<i>copyleft<\/i>\u00a0oblige le contributeur \u00e0 accorder aux licenci\u00e9s successifs les m\u00eames droits que ceux dont il a b\u00e9n\u00e9fici\u00e9. On peut donc supposer que cette licence est libre et qu&rsquo;elle peut \u00eatre utilis\u00e9e avec d&rsquo;autres licences libres telles que celles qui sont cit\u00e9es plus bas dans l&rsquo;article.<\/p>\t\t\t\t\t\t\t\t<\/div>\n\t\t\t\t<\/div>\n\t\t\t\t\t<\/div>\n\t\t<\/div>\n\t\t\t\t\t<\/div>\n\t\t<\/section>\n\t\t\t\t\t<\/div>\n\t\t<\/div>\n\t\t\t\t\t<\/div>\n\t\t<\/section>\n\t\t\t\t<\/div>\n\t\t","protected":false},"excerpt":{"rendered":"<p>Menu Accueil Galerie Tarifs Ressources Contact Ludiscape PRO Ludiscape se pr\u00e9sente sous la forme d&rsquo;une palette d&rsquo;outils int\u00e9gr\u00e9e con\u00e7ue pour cr\u00e9er du contenu multim\u00e9dia, du e-learning, du mobile-learning et de jeu s\u00e9rieux. Ludiscape a \u00e9t\u00e9 con\u00e7u comme une solution de cr\u00e9ation logicielle simple et efficace et permettre de publier le contenu sur des syst\u00e8mes LMS, [&hellip;]<\/p>\n","protected":false},"author":1,"featured_media":0,"parent":0,"menu_order":0,"comment_status":"closed","ping_status":"closed","template":"","meta":{"footnotes":""},"class_list":["post-1020","page","type-page","status-publish","hentry"],"_links":{"self":[{"href":"https:\/\/www.ludiscape.com\/ressources\/wp-json\/wp\/v2\/pages\/1020","targetHints":{"allow":["GET"]}}],"collection":[{"href":"https:\/\/www.ludiscape.com\/ressources\/wp-json\/wp\/v2\/pages"}],"about":[{"href":"https:\/\/www.ludiscape.com\/ressources\/wp-json\/wp\/v2\/types\/page"}],"author":[{"embeddable":true,"href":"https:\/\/www.ludiscape.com\/ressources\/wp-json\/wp\/v2\/users\/1"}],"replies":[{"embeddable":true,"href":"https:\/\/www.ludiscape.com\/ressources\/wp-json\/wp\/v2\/comments?post=1020"}],"version-history":[{"count":7,"href":"https:\/\/www.ludiscape.com\/ressources\/wp-json\/wp\/v2\/pages\/1020\/revisions"}],"predecessor-version":[{"id":1030,"href":"https:\/\/www.ludiscape.com\/ressources\/wp-json\/wp\/v2\/pages\/1020\/revisions\/1030"}],"wp:attachment":[{"href":"https:\/\/www.ludiscape.com\/ressources\/wp-json\/wp\/v2\/media?parent=1020"}],"curies":[{"name":"wp","href":"https:\/\/api.w.org\/{rel}","templated":true}]}}