{"id":1007,"date":"2019-12-17T09:27:41","date_gmt":"2019-12-17T08:27:41","guid":{"rendered":"https:\/\/www.ludiscape.com\/ressources\/?page_id=1007"},"modified":"2020-01-30T08:22:50","modified_gmt":"2020-01-30T07:22:50","slug":"dossier-xapi","status":"publish","type":"page","link":"https:\/\/www.ludiscape.com\/ressources\/elementor-6\/dossier-xapi\/","title":{"rendered":"Dossier xAPI"},"content":{"rendered":"\t\t<div data-elementor-type=\"wp-page\" data-elementor-id=\"1007\" class=\"elementor elementor-1007\" data-elementor-post-type=\"page\">\n\t\t\t\t\t\t<section class=\"elementor-section elementor-top-section elementor-element elementor-element-764d1d81 elementor-section-boxed elementor-section-height-default elementor-section-height-default\" data-id=\"764d1d81\" data-element_type=\"section\">\n\t\t\t\t\t\t<div class=\"elementor-container elementor-column-gap-default\">\n\t\t\t\t\t<div class=\"elementor-column elementor-col-33 elementor-top-column elementor-element elementor-element-29555a48\" data-id=\"29555a48\" data-element_type=\"column\">\n\t\t\t<div class=\"elementor-widget-wrap elementor-element-populated\">\n\t\t\t\t\t\t<div class=\"elementor-element elementor-element-38367416 elementor-widget elementor-widget-html\" data-id=\"38367416\" data-element_type=\"widget\" data-widget_type=\"html.default\">\n\t\t\t\t<div class=\"elementor-widget-container\">\n\t\t\t\t\t<link rel=\"stylesheet\" type=\"text\/css\" href=\"https:\/\/www.ludiscape.com\/neocss\/m.css?v=21032018\" \/>\r\n<header class=\"sidebar-section\">\r\n<div class=\"header-logo\">\r\n\t<a class=\"logo\" href=\"#\">\r\n\t    <img decoding=\"async\" alt=\"\" src=\"https:\/\/www.ludiscape.com\/images\/logo.png\"><\/a>\r\n<\/div>\t\t\t\r\n<a class=\"elemadded responsive-link\" href=\"#\">Menu<\/a>\r\n<div class=\"navbar-vertical\">\r\n\t<ul class=\"main-menu\">\r\n\t\t<li>\r\n\t\t<a href=\"https:\/\/www.ludiscape.com\/index.php\"><i class=\"fa fa-home\"><\/i>Accueil<\/a>\r\n\t\t<\/li>\r\n\t\t<li>\r\n\t\t<li>\r\n\t\t<a href=\"https:\/\/www.ludiscape.com\/galerie.php\"><i class=\"fa fa-briefcase\"><\/i>Galerie<\/a>\r\n\t\t<\/li>\r\n\t\t\r\n\t\t<li>\r\n\t\t<a href=\"https:\/\/www.ludiscape.com\/tarifs.php\"><i class=\"fa fa-shopping-cart\"><\/i>Tarifs<\/a>\r\n\t\t<\/li>\r\n\t\t<li class=\"drop\"><a class=\"active\" href=\"index.php\">\r\n\t\t    <i class=\"fa fa-download\"><\/i>Ressources<\/a>\r\n\t\t<\/li>\r\n\t\t<li>\r\n\t\t<a href=\"https:\/\/www.ludiscape.com\/contact.php\"><i class=\"fa fa-envelope\"><\/i>Contact<\/a>\r\n\t\t<\/li>\r\n\t\t\r\n\t<\/ul>\r\n<\/div>\t\t\t\t\r\n<\/header>\r\n\r\n<style>\r\n    .page-header{\r\n        text-align:center;\r\n        height: 0px;\r\n        border-bottom: none;\r\n        padding:0px;\r\n        margin:0px;\r\n    }\r\n    .page-header h1{\r\n        text-align:center;\r\n        font-size: 1px;\r\n        color:transparent;\r\n    }\r\n    .site-header{\r\n        display:none;\r\n    }\r\n<\/style>\r\n\r\n\t\t\t\t<\/div>\n\t\t\t\t<\/div>\n\t\t\t\t<div class=\"elementor-element elementor-element-7a6d5cb5 elementor-widget elementor-widget-toggle\" data-id=\"7a6d5cb5\" data-element_type=\"widget\" data-widget_type=\"toggle.default\">\n\t\t\t\t<div class=\"elementor-widget-container\">\n\t\t\t\t\t\t\t<div class=\"elementor-toggle\">\n\t\t\t\t\t\t\t<div class=\"elementor-toggle-item\">\n\t\t\t\t\t<div id=\"elementor-tab-title-2051\" class=\"elementor-tab-title\" data-tab=\"1\" role=\"button\" aria-controls=\"elementor-tab-content-2051\" aria-expanded=\"false\">\n\t\t\t\t\t\t\t\t\t\t\t\t<span class=\"elementor-toggle-icon elementor-toggle-icon-left\" aria-hidden=\"true\">\n\t\t\t\t\t\t\t\t\t\t\t\t\t\t\t<span class=\"elementor-toggle-icon-closed\"><i class=\"fas fa-caret-right\"><\/i><\/span>\n\t\t\t\t\t\t\t\t<span class=\"elementor-toggle-icon-opened\"><i class=\"elementor-toggle-icon-opened fas fa-caret-up\"><\/i><\/span>\n\t\t\t\t\t\t\t\t\t\t\t\t\t<\/span>\n\t\t\t\t\t\t\t\t\t\t\t\t<a class=\"elementor-toggle-title\" tabindex=\"0\">Ludiscape PRO<\/a>\n\t\t\t\t\t<\/div>\n\n\t\t\t\t\t<div id=\"elementor-tab-content-2051\" class=\"elementor-tab-content elementor-clearfix\" data-tab=\"1\" role=\"region\" aria-labelledby=\"elementor-tab-title-2051\"><p class=\"rvps2\"><span class=\"rvts13\">Ludiscape se pr\u00e9sente sous la forme d&rsquo;une palette d&rsquo;outils int\u00e9gr\u00e9e con\u00e7ue pour cr\u00e9er du contenu multim\u00e9dia, du e-learning, du mobile-learning et de jeu s\u00e9rieux.<\/span><\/p><p class=\"rvps2\"><span class=\"rvts13\">Ludiscape a \u00e9t\u00e9 con\u00e7u comme une solution de cr\u00e9ation logicielle simple et efficace et permettre de publier le contenu sur des syst\u00e8mes LMS, SCORM et xApi TinCan.<\/span><\/p><p class=\"rvps2\"><span class=\"rvts13\"><a href=\"https:\/\/www.ludiscape.com\/telecharger-ludiscape.php\">T\u00e9l\u00e9charger Ludiscape<\/a><\/span><\/p><p class=\"rvps2\"><a href=\"https:\/\/www.ludiscape.com\/faq-ludiscape.php\" target=\"_blank\" rel=\"noopener\">FAQ Ludiscape<\/a><\/p><\/div>\n\t\t\t\t<\/div>\n\t\t\t\t\t\t\t<div class=\"elementor-toggle-item\">\n\t\t\t\t\t<div id=\"elementor-tab-title-2052\" class=\"elementor-tab-title\" data-tab=\"2\" role=\"button\" aria-controls=\"elementor-tab-content-2052\" aria-expanded=\"false\">\n\t\t\t\t\t\t\t\t\t\t\t\t<span class=\"elementor-toggle-icon elementor-toggle-icon-left\" aria-hidden=\"true\">\n\t\t\t\t\t\t\t\t\t\t\t\t\t\t\t<span class=\"elementor-toggle-icon-closed\"><i class=\"fas fa-caret-right\"><\/i><\/span>\n\t\t\t\t\t\t\t\t<span class=\"elementor-toggle-icon-opened\"><i class=\"elementor-toggle-icon-opened fas fa-caret-up\"><\/i><\/span>\n\t\t\t\t\t\t\t\t\t\t\t\t\t<\/span>\n\t\t\t\t\t\t\t\t\t\t\t\t<a class=\"elementor-toggle-title\" tabindex=\"0\">Chamilo LMS<\/a>\n\t\t\t\t\t<\/div>\n\n\t\t\t\t\t<div id=\"elementor-tab-content-2052\" class=\"elementor-tab-content elementor-clearfix\" data-tab=\"2\" role=\"region\" aria-labelledby=\"elementor-tab-title-2052\"><p>Chamilo est un logiciel open source de gestion de l&rsquo;apprentissage et du contenu d&rsquo;apprentissage, dont l&rsquo;objectif est d&rsquo;am\u00e9liorer l&rsquo;acc\u00e8s global \u00e0 l&rsquo;\u00e9ducation et au savoir.<\/p><p><a href=\"https:\/\/www.ludiscape.online\/formation-chamilo.php\" target=\"_blank\" rel=\"noopener\">Formation Chamilo LMS<\/a><\/p><p><a href=\"https:\/\/www.ludiscape.com\/chamilo\/telecharger-chamilo.php\">T\u00e9l\u00e9charger Chamilo LMS<\/a><\/p><p><a href=\"https:\/\/chamilo.org\/fr\/\" target=\"_blank\" rel=\"noopener\">Association Chamilo<\/a><\/p><\/div>\n\t\t\t\t<\/div>\n\t\t\t\t\t\t\t\t<\/div>\n\t\t\t\t\t\t<\/div>\n\t\t\t\t<\/div>\n\t\t\t\t\t<\/div>\n\t\t<\/div>\n\t\t\t\t<div class=\"elementor-column elementor-col-66 elementor-top-column elementor-element elementor-element-126e0366\" data-id=\"126e0366\" data-element_type=\"column\" data-settings=\"{&quot;background_background&quot;:&quot;classic&quot;}\">\n\t\t\t<div class=\"elementor-widget-wrap elementor-element-populated\">\n\t\t\t\t\t\t<div class=\"elementor-element elementor-element-630c755f elementor-widget elementor-widget-heading\" data-id=\"630c755f\" data-element_type=\"widget\" data-settings=\"{&quot;_animation&quot;:&quot;none&quot;}\" data-widget_type=\"heading.default\">\n\t\t\t\t<div class=\"elementor-widget-container\">\n\t\t\t\t\t<h1 class=\"elementor-heading-title elementor-size-default\">Le guide xAPI<\/h1>\t\t\t\t<\/div>\n\t\t\t\t<\/div>\n\t\t\t\t<section class=\"elementor-section elementor-inner-section elementor-element elementor-element-1fa49e55 elementor-section-boxed elementor-section-height-default elementor-section-height-default\" data-id=\"1fa49e55\" data-element_type=\"section\">\n\t\t\t\t\t\t<div class=\"elementor-container elementor-column-gap-default\">\n\t\t\t\t\t<div class=\"elementor-column elementor-col-100 elementor-inner-column elementor-element elementor-element-4fa8bb7f\" data-id=\"4fa8bb7f\" data-element_type=\"column\">\n\t\t\t<div class=\"elementor-widget-wrap elementor-element-populated\">\n\t\t\t\t\t\t<div class=\"elementor-element elementor-element-59237c elementor-widget elementor-widget-text-editor\" data-id=\"59237c\" data-element_type=\"widget\" data-widget_type=\"text-editor.default\">\n\t\t\t\t<div class=\"elementor-widget-container\">\n\t\t\t\t\t\t\t\t\t<p>La norme SCORM a 18 ans d\u2019existence 1 an de moins que le premier LMS Claroline et 3 de diff\u00e9rence avec l&rsquo;anc\u00eatre Moodle. L\u2019interface SCORM car il s\u2019agit d\u2019une interface est destin\u00e9e \u00e0 cr\u00e9er un contenu standardis\u00e9 qui peut facilement \u00eatre d\u00e9plac\u00e9 d&rsquo;une plateforme FOAD \u00e0 une autre. La jeune norme xApi peine \u00e0 se faire une place face aux normes des ann\u00e9es 2000.<\/p><p>Elle est surtout une charge suppl\u00e9mentaire car plus complexe \u00e0 d\u00e9finir que sa cousine<\/p>\t\t\t\t\t\t\t\t<\/div>\n\t\t\t\t<\/div>\n\t\t\t\t\t<\/div>\n\t\t<\/div>\n\t\t\t\t\t<\/div>\n\t\t<\/section>\n\t\t\t\t<section class=\"elementor-section elementor-inner-section elementor-element elementor-element-7577bc9e elementor-section-boxed elementor-section-height-default elementor-section-height-default\" data-id=\"7577bc9e\" data-element_type=\"section\">\n\t\t\t\t\t\t<div class=\"elementor-container elementor-column-gap-default\">\n\t\t\t\t\t<div class=\"elementor-column elementor-col-100 elementor-inner-column elementor-element elementor-element-50000983\" data-id=\"50000983\" data-element_type=\"column\">\n\t\t\t<div class=\"elementor-widget-wrap elementor-element-populated\">\n\t\t\t\t\t\t<div class=\"elementor-element elementor-element-71da982e elementor-widget elementor-widget-heading\" data-id=\"71da982e\" data-element_type=\"widget\" data-widget_type=\"heading.default\">\n\t\t\t\t<div class=\"elementor-widget-container\">\n\t\t\t\t\t<h3 class=\"elementor-heading-title elementor-size-default\">Quelles sont les diff\u00e9rences entre ces deux normes ?<\/h3>\t\t\t\t<\/div>\n\t\t\t\t<\/div>\n\t\t\t\t\t<\/div>\n\t\t<\/div>\n\t\t\t\t\t<\/div>\n\t\t<\/section>\n\t\t\t\t<section class=\"elementor-section elementor-inner-section elementor-element elementor-element-22cc004d elementor-section-boxed elementor-section-height-default elementor-section-height-default\" data-id=\"22cc004d\" data-element_type=\"section\">\n\t\t\t\t\t\t<div class=\"elementor-container elementor-column-gap-default\">\n\t\t\t\t\t<div class=\"elementor-column elementor-col-100 elementor-inner-column elementor-element elementor-element-484a72bd\" data-id=\"484a72bd\" data-element_type=\"column\">\n\t\t\t<div class=\"elementor-widget-wrap elementor-element-populated\">\n\t\t\t\t\t\t<div class=\"elementor-element elementor-element-191d603e elementor-widget elementor-widget-text-editor\" data-id=\"191d603e\" data-element_type=\"widget\" data-widget_type=\"text-editor.default\">\n\t\t\t\t<div class=\"elementor-widget-container\">\n\t\t\t\t\t\t\t\t\t<p>D&rsquo;un point de vue de conception p\u00e9dagogique, xAPI nous ram\u00e8ne en fait \u00e0 la racine de ce que nous devrions faire et lier l&rsquo;apprentissage de retour \u00e0 la performance.<\/p><p>Avec xAPI nous pouvons obtenir de meilleures donn\u00e9es pour nous aider \u00e0 examiner les r\u00e9sultats et l&rsquo;impact des activit\u00e9s ext\u00e9rieures au LMS et non plus seulement comment les modules d&rsquo;apprentissage digitaux ont \u00e9t\u00e9 consomm\u00e9s.<\/p>\t\t\t\t\t\t\t\t<\/div>\n\t\t\t\t<\/div>\n\t\t\t\t\t<\/div>\n\t\t<\/div>\n\t\t\t\t\t<\/div>\n\t\t<\/section>\n\t\t\t\t<section class=\"elementor-section elementor-inner-section elementor-element elementor-element-454f36a9 elementor-section-boxed elementor-section-height-default elementor-section-height-default\" data-id=\"454f36a9\" data-element_type=\"section\">\n\t\t\t\t\t\t<div class=\"elementor-container elementor-column-gap-default\">\n\t\t\t\t\t<div class=\"elementor-column elementor-col-100 elementor-inner-column elementor-element elementor-element-1fcba997\" data-id=\"1fcba997\" data-element_type=\"column\">\n\t\t\t<div class=\"elementor-widget-wrap elementor-element-populated\">\n\t\t\t\t\t\t<div class=\"elementor-element elementor-element-5b880baa elementor-widget elementor-widget-heading\" data-id=\"5b880baa\" data-element_type=\"widget\" data-widget_type=\"heading.default\">\n\t\t\t\t<div class=\"elementor-widget-container\">\n\t\t\t\t\t<h3 class=\"elementor-heading-title elementor-size-default\">LRS : L\u2019\u00e9mancipation des activit\u00e9s par rapport au LMS<\/h3>\t\t\t\t<\/div>\n\t\t\t\t<\/div>\n\t\t\t\t\t<\/div>\n\t\t<\/div>\n\t\t\t\t\t<\/div>\n\t\t<\/section>\n\t\t\t\t<div class=\"elementor-element elementor-element-1bc02300 elementor-widget elementor-widget-text-editor\" data-id=\"1bc02300\" data-element_type=\"widget\" data-widget_type=\"text-editor.default\">\n\t\t\t\t<div class=\"elementor-widget-container\">\n\t\t\t\t\t\t\t\t\t<p>C\u2019est le plus gros changement probable\u00a0: L\u2019interface TinCan n\u2019a pas obligatoirement besoin d&rsquo;\u00eatre lanc\u00e9e \u00e0 partir d&rsquo;un syst\u00e8me de gestion de l&rsquo;apprentissage classique (LMS), (m\u00eame si cela reste une option).<\/p><p>L\u2019id\u00e9e est qu\u2019un contenu puisse communiquer avec une nouvelle base de donn\u00e9es le LRS Learning Record Storage en fran\u00e7ais la base de donn\u00e9es des apprentissages.<\/p><p>Donc plusieurs LMS peuvent communiquer vers un LRS Unique.<\/p><p>Pour comprendre le concept cela on peut faire une analogie regardons comment fonctionne une pointeuse en entreprise\u00a0:<\/p><ul><li>L\u2019ordinateur du Manager se trouve \u00e0 l\u2019\u00e9tage (LRS)<\/li><li>La pointeuse reli\u00e9e par Bluetooth dans l\u2019atelier (xApi)<\/li><li>Le technicien commence son activit\u00e9 il pointe<\/li><li>Une information est envoy\u00e9e \u00e0 l\u2019ordinateur (envoi de l\u2019information de commencement)<\/li><li>Le technicien part manger<\/li><li>Une information est envoy\u00e9e \u00e0 l\u2019ordinateur (envoi de l\u2019information de fin d\u2019activit\u00e9)<\/li><li>L\u2019ordinateur du Manager enregistre une activit\u00e9 dans l\u2019atelier d\u2019une dur\u00e9e de 3h00 (LRS)<\/li><\/ul><p>Ce niveau de d\u00e9tail est impressionnant et pose un certain nombre de questions concernant la collecte de telle donn\u00e9es (RGPD oblige) et le traitement statistiques de celles-ci.<\/p><p>\u00a0<\/p><p>Qui d\u00e9termine quelle unit\u00e9 de mesure est importante pour vous \u00e0 partir d&rsquo;une perspective d&rsquo;analyse d&rsquo;apprentissage\u00a0?<\/p><p>\u00a0XApi exige que ses utilisateurs utilisent des mots sp\u00e9cifiques pour des \u00e9v\u00e9nements d&rsquo;apprentissage sp\u00e9cifiques.<\/p><p>Il n&rsquo;y a pas de bon moyen de d\u00e9finir cette interaction entre les apprenants dans un outil de cr\u00e9ation SCORM. Ce n&rsquo;est pas quelque chose qui est facilement pr\u00e9d\u00e9finie; Apr\u00e8s tout, vous \u00eates celui qui d\u00e9termine quelle unit\u00e9 de mesure est importante pour vous \u00e0 partir d&rsquo;une perspective d&rsquo;analyse d&rsquo;apprentissage.<\/p><div><p style=\"margin-bottom: .0001pt; line-height: normal;\">\u00a0<\/p><\/div>\t\t\t\t\t\t\t\t<\/div>\n\t\t\t\t<\/div>\n\t\t\t\t<section class=\"elementor-section elementor-inner-section elementor-element elementor-element-10fca7c2 elementor-section-boxed elementor-section-height-default elementor-section-height-default\" data-id=\"10fca7c2\" data-element_type=\"section\">\n\t\t\t\t\t\t<div class=\"elementor-container elementor-column-gap-default\">\n\t\t\t\t\t<div class=\"elementor-column elementor-col-100 elementor-inner-column elementor-element elementor-element-770862f6\" data-id=\"770862f6\" data-element_type=\"column\">\n\t\t\t<div class=\"elementor-widget-wrap elementor-element-populated\">\n\t\t\t\t\t\t<div class=\"elementor-element elementor-element-309587fa elementor-widget elementor-widget-heading\" data-id=\"309587fa\" data-element_type=\"widget\" data-widget_type=\"heading.default\">\n\t\t\t\t<div class=\"elementor-widget-container\">\n\t\t\t\t\t<h3 class=\"elementor-heading-title elementor-size-default\">Ai-je un int\u00e9r\u00eat \u00e0 aller vers xApi ?<\/h3>\t\t\t\t<\/div>\n\t\t\t\t<\/div>\n\t\t\t\t\t<\/div>\n\t\t<\/div>\n\t\t\t\t\t<\/div>\n\t\t<\/section>\n\t\t\t\t<section class=\"elementor-section elementor-inner-section elementor-element elementor-element-6d3e038 elementor-section-boxed elementor-section-height-default elementor-section-height-default\" data-id=\"6d3e038\" data-element_type=\"section\">\n\t\t\t\t\t\t<div class=\"elementor-container elementor-column-gap-default\">\n\t\t\t\t\t<div class=\"elementor-column elementor-col-100 elementor-inner-column elementor-element elementor-element-2bd587cf\" data-id=\"2bd587cf\" data-element_type=\"column\">\n\t\t\t<div class=\"elementor-widget-wrap elementor-element-populated\">\n\t\t\t\t\t\t<div class=\"elementor-element elementor-element-3deb1c1e elementor-widget elementor-widget-text-editor\" data-id=\"3deb1c1e\" data-element_type=\"widget\" data-widget_type=\"text-editor.default\">\n\t\t\t\t<div class=\"elementor-widget-container\">\n\t\t\t\t\t\t\t\t\t<p>Si vous ne vous souciez pas des r\u00e9sultats et des statiques des contenus p\u00e9dagogiques. La norme xApi vous sera inutile.<\/p><p>De m\u00eame si vous n\u2019avez qu\u2019un parcours de formation num\u00e9riques enti\u00e8rement lin\u00e9aire et obligatoire d\u2019un point A \u00e0 B la norme xApi sera un peu trop sophistiqu\u00e9e.<\/p><p>Par contre si on prend les exemples suivants\u00a0:<\/p><ul><li>Une VAE sur 5 ans de carri\u00e8re dans une entreprise<\/li><li>Une \u00e9cole qui poss\u00e8de une grande diversit\u00e9 p\u00e9dagogique et souhaitent enregistrer ses activit\u00e9s pour en faire tout coh\u00e9rent<\/li><\/ul><p>Dans ces cas-l\u00e0 il peut s\u2019agir d\u2019une interface indispensable \u00e0 l\u2019avenir.<\/p>\t\t\t\t\t\t\t\t<\/div>\n\t\t\t\t<\/div>\n\t\t\t\t\t<\/div>\n\t\t<\/div>\n\t\t\t\t\t<\/div>\n\t\t<\/section>\n\t\t\t\t<section class=\"elementor-section elementor-inner-section elementor-element elementor-element-46d1abf elementor-section-boxed elementor-section-height-default elementor-section-height-default\" data-id=\"46d1abf\" data-element_type=\"section\">\n\t\t\t\t\t\t<div class=\"elementor-container elementor-column-gap-default\">\n\t\t\t\t\t<div class=\"elementor-column elementor-col-100 elementor-inner-column elementor-element elementor-element-07c6da3\" data-id=\"07c6da3\" data-element_type=\"column\">\n\t\t\t<div class=\"elementor-widget-wrap elementor-element-populated\">\n\t\t\t\t\t\t<div class=\"elementor-element elementor-element-215ae6c elementor-widget elementor-widget-heading\" data-id=\"215ae6c\" data-element_type=\"widget\" data-widget_type=\"heading.default\">\n\t\t\t\t<div class=\"elementor-widget-container\">\n\t\t\t\t\t<h3 class=\"elementor-heading-title elementor-size-default\">Mettre place un LRS <\/h3>\t\t\t\t<\/div>\n\t\t\t\t<\/div>\n\t\t\t\t\t<\/div>\n\t\t<\/div>\n\t\t\t\t\t<\/div>\n\t\t<\/section>\n\t\t\t\t<section class=\"elementor-section elementor-inner-section elementor-element elementor-element-40fcf14 elementor-section-boxed elementor-section-height-default elementor-section-height-default\" data-id=\"40fcf14\" data-element_type=\"section\">\n\t\t\t\t\t\t<div class=\"elementor-container elementor-column-gap-default\">\n\t\t\t\t\t<div class=\"elementor-column elementor-col-100 elementor-inner-column elementor-element elementor-element-d10c0e0\" data-id=\"d10c0e0\" data-element_type=\"column\">\n\t\t\t<div class=\"elementor-widget-wrap elementor-element-populated\">\n\t\t\t\t\t\t<div class=\"elementor-element elementor-element-010ceb2 elementor-widget elementor-widget-text-editor\" data-id=\"010ceb2\" data-element_type=\"widget\" data-widget_type=\"text-editor.default\">\n\t\t\t\t<div class=\"elementor-widget-container\">\n\t\t\t\t\t\t\t\t\t<p>D\u00e9velopper soit m\u00eame une base (LRS) \u00e0 partir de z\u00e9ro n&rsquo;est pas une entreprise triviale. La premi\u00e8re \u00e9tape consiste \u00e0 obtenir une compr\u00e9hension approfondie de la sp\u00e9cification xAPI compl\u00e8te elle-m\u00eame.<\/p><p>Les bases LRS doivent \u00eatre en mesure de traiter toutes les activit\u00e9s possibles qu&rsquo;un apprenant pourrait rencontrer et sera responsable de la validation de ces activit\u00e9s.<\/p><p>Le revers de cette m\u00e9daille est que la construction d&rsquo;un LRS est difficile.<\/p><p>Pour construire un LRS, vous devez d&rsquo;abord d\u00e9cider si le LRS sera une composante d&rsquo;un LMS ou d&rsquo;un LRS d&rsquo;entreprise autonome.<\/p><p>Un nombre important de LMS ont d\u00e9j\u00e0 int\u00e9gr\u00e9 des LRS ce qui facilite un peu la mise en place on trouve : Moodle, Chamilo Version 2<\/p><p>Il existe aussi des projets de LRS open source : Learning-Locker, Trax-LRS, Open Source LRS<\/p><p>Nous resterons pour les LMS \/ LRS dans les projets open source qui reste au regard de l\u2019histoire les plus stables, garantis dans le temps et flexibles.<\/p>\t\t\t\t\t\t\t\t<\/div>\n\t\t\t\t<\/div>\n\t\t\t\t\t<\/div>\n\t\t<\/div>\n\t\t\t\t\t<\/div>\n\t\t<\/section>\n\t\t\t\t<section class=\"elementor-section elementor-inner-section elementor-element elementor-element-36d2319 elementor-section-boxed elementor-section-height-default elementor-section-height-default\" data-id=\"36d2319\" data-element_type=\"section\">\n\t\t\t\t\t\t<div class=\"elementor-container elementor-column-gap-default\">\n\t\t\t\t\t<div class=\"elementor-column elementor-col-100 elementor-inner-column elementor-element elementor-element-b37f24b\" data-id=\"b37f24b\" data-element_type=\"column\">\n\t\t\t<div class=\"elementor-widget-wrap elementor-element-populated\">\n\t\t\t\t\t\t<div class=\"elementor-element elementor-element-1d0ecd3 elementor-widget elementor-widget-heading\" data-id=\"1d0ecd3\" data-element_type=\"widget\" data-widget_type=\"heading.default\">\n\t\t\t\t<div class=\"elementor-widget-container\">\n\t\t\t\t\t<h3 class=\"elementor-heading-title elementor-size-default\">D\u00e9finition d\u2019activit\u00e9 \u00e9largie le sch\u00e9ma de l\u2019interface xAPI<\/h3>\t\t\t\t<\/div>\n\t\t\t\t<\/div>\n\t\t\t\t\t<\/div>\n\t\t<\/div>\n\t\t\t\t\t<\/div>\n\t\t<\/section>\n\t\t\t\t<section class=\"elementor-section elementor-inner-section elementor-element elementor-element-4ce153d elementor-section-boxed elementor-section-height-default elementor-section-height-default\" data-id=\"4ce153d\" data-element_type=\"section\">\n\t\t\t\t\t\t<div class=\"elementor-container elementor-column-gap-default\">\n\t\t\t\t\t<div class=\"elementor-column elementor-col-100 elementor-inner-column elementor-element elementor-element-5a36e1c\" data-id=\"5a36e1c\" data-element_type=\"column\">\n\t\t\t<div class=\"elementor-widget-wrap elementor-element-populated\">\n\t\t\t\t\t\t<div class=\"elementor-element elementor-element-fffdbbd elementor-widget elementor-widget-text-editor\" data-id=\"fffdbbd\" data-element_type=\"widget\" data-widget_type=\"text-editor.default\">\n\t\t\t\t<div class=\"elementor-widget-container\">\n\t\t\t\t\t\t\t\t\t<p>Le contenu, les d\u00e9finitions d&rsquo;activit\u00e9 et les d\u00e9finitions de fournisseur d&rsquo;activit\u00e9 peuvent \u00eatre regroup\u00e9s pour TinCan. L&rsquo;objet principal en cours de cr\u00e9ation est toujours les d\u00e9finitions d&rsquo;activit\u00e9. Il est valable de cr\u00e9er un package contenant uniquement des d\u00e9finitions d&rsquo;activit\u00e9. Toutefois, les d\u00e9finitions de contenu et de fournisseur d&rsquo;activit\u00e9 ne peuvent \u00eatre regroup\u00e9es qu&rsquo;avec une d\u00e9finition d&rsquo;activit\u00e9 associ\u00e9e.<\/p><p>Un package TinCan doit toujours inclure un fichier de m\u00e9tadonn\u00e9es TinCan, il s&rsquo;agit d&rsquo;un fichier nomm\u00e9 \u00abtincan.xml\u00bb, conforme au sch\u00e9ma TinCan. Si le contenu n&rsquo;est pas inclus, ce fichier peut \u00eatre utilis\u00e9 comme package TinCan. Si le contenu doit \u00eatre inclus, ce fichier doit \u00eatre plac\u00e9 dans un fichier zip contenant le contenu.<\/p><p>Un paquet TinCan doit contenir exactement un fichier \u00abtincan.xml\u00bb. L&#8217;emplacement du fichier \u00abtincan.xml\u00bb est consid\u00e9r\u00e9 comme la \u00abracine\u00bb du package. Tous les fichiers du package doivent \u00eatre sous la racine. Donc, il est valide que tincan.xml soit dans une structure de r\u00e9pertoire imbriqu\u00e9e dans le fichier zip, mais seulement si chaque r\u00e9pertoire ci-dessus ne contient rien d&rsquo;autre qu&rsquo;un seul sous-r\u00e9pertoire.<\/p><p>Si des fichiers HTML sont inclus dans le package de contenu, ils peuvent \u00eatre li\u00e9s les uns aux autres ou \u00e0 d&rsquo;autres ressources du package, en utilisant des chemins relatifs bas\u00e9s sur la structure du package. Ils peuvent \u00e9galement cr\u00e9er des liens vers des ressources externes en utilisant des chemins absolus.<\/p>\t\t\t\t\t\t\t\t<\/div>\n\t\t\t\t<\/div>\n\t\t\t\t\t<\/div>\n\t\t<\/div>\n\t\t\t\t\t<\/div>\n\t\t<\/section>\n\t\t\t\t\t<\/div>\n\t\t<\/div>\n\t\t\t\t\t<\/div>\n\t\t<\/section>\n\t\t\t\t<\/div>\n\t\t","protected":false},"excerpt":{"rendered":"<p>Menu Accueil Galerie Tarifs Ressources Contact Ludiscape PRO Ludiscape se pr\u00e9sente sous la forme d&rsquo;une palette d&rsquo;outils int\u00e9gr\u00e9e con\u00e7ue pour cr\u00e9er du contenu multim\u00e9dia, du e-learning, du mobile-learning et de jeu s\u00e9rieux. Ludiscape a \u00e9t\u00e9 con\u00e7u comme une solution de cr\u00e9ation logicielle simple et efficace et permettre de publier le contenu sur des syst\u00e8mes LMS, [&hellip;]<\/p>\n","protected":false},"author":1,"featured_media":0,"parent":6,"menu_order":0,"comment_status":"closed","ping_status":"closed","template":"","meta":{"footnotes":""},"class_list":["post-1007","page","type-page","status-publish","hentry"],"_links":{"self":[{"href":"https:\/\/www.ludiscape.com\/ressources\/wp-json\/wp\/v2\/pages\/1007","targetHints":{"allow":["GET"]}}],"collection":[{"href":"https:\/\/www.ludiscape.com\/ressources\/wp-json\/wp\/v2\/pages"}],"about":[{"href":"https:\/\/www.ludiscape.com\/ressources\/wp-json\/wp\/v2\/types\/page"}],"author":[{"embeddable":true,"href":"https:\/\/www.ludiscape.com\/ressources\/wp-json\/wp\/v2\/users\/1"}],"replies":[{"embeddable":true,"href":"https:\/\/www.ludiscape.com\/ressources\/wp-json\/wp\/v2\/comments?post=1007"}],"version-history":[{"count":12,"href":"https:\/\/www.ludiscape.com\/ressources\/wp-json\/wp\/v2\/pages\/1007\/revisions"}],"predecessor-version":[{"id":1328,"href":"https:\/\/www.ludiscape.com\/ressources\/wp-json\/wp\/v2\/pages\/1007\/revisions\/1328"}],"up":[{"embeddable":true,"href":"https:\/\/www.ludiscape.com\/ressources\/wp-json\/wp\/v2\/pages\/6"}],"wp:attachment":[{"href":"https:\/\/www.ludiscape.com\/ressources\/wp-json\/wp\/v2\/media?parent=1007"}],"curies":[{"name":"wp","href":"https:\/\/api.w.org\/{rel}","templated":true}]}}